{"id":3825,"date":"2019-06-15T20:56:45","date_gmt":"2019-06-15T18:56:45","guid":{"rendered":"https:\/\/www.ondoan.com\/?page_id=3825"},"modified":"2019-06-15T20:56:45","modified_gmt":"2019-06-15T18:56:45","slug":"salas-de-ambiente-controlado-noviembre-2018","status":"publish","type":"page","link":"https:\/\/www.ondoan.com\/en\/aula-ondoan\/salas-de-ambiente-controlado-noviembre-2018","title":{"rendered":"Salas de Ambiente Controlado. Noviembre 2018"},"content":{"rendered":"<p style=\"text-align: justify;\"><strong><em>Salas de Ambiente Controlado. Condicionantes presentes y futuros en los \u00e1mbitos de la salud y de los Procesos Industriales. <\/em><\/strong><\/p>\n<p style=\"text-align: justify;\"><em>Bilbao 9 de noviembre de 2018<\/em><\/p>\n<p style=\"text-align: justify;\">Aula ONDOAN 2018<\/p>\n<p>&nbsp;<\/p>\n<p>El Grupo ONDOAN organiz\u00f3, el pasado 9 de noviembre, una jornada sobre \u2018Salas de Ambiente Controlado. Condicionantes presentes y futuros en los \u00e1mbitos de la Salud y de los Procesos Industriales\u2019. En ella, se analizaron aquellas zonas o locales en los que los par\u00e1metros ambientales (concentraci\u00f3n de part\u00edculas, temperatura, humedad, presi\u00f3n diferencial, contaminaci\u00f3n microbiol\u00f3gica, etc.) deben ser controlados y permanecer dentro de un determinado rango, como sucede en los quir\u00f3fanos y las denominadas salas blancas. Esto implica, adem\u00e1s, que tanto los cerramientos constructivos de estas estancias \u2013presentes en hospitales, laboratorios o industrias farmac\u00e9utica, alimentaria, qu\u00edmica y biol\u00f3gica, entre otros \u00e1mbitos\u2013 como su sistema de climatizaci\u00f3n, deben estar dise\u00f1ados para evitar la generaci\u00f3n de contaminaci\u00f3n.<\/p>\n<p>La jornada, enmarcada en la iniciativa Aula ONDOAN y celebrada en el Bizkaia Aretoa de Bilbao, congreg\u00f3 a m\u00e1s de 100 representantes de los \u00e1mbitos de la sanidad, de las industrias farmac\u00e9utica y de dispositivos m\u00e9dicos, de la calidad ambiental interior, de la ingenier\u00eda y del mantenimiento.<\/p>\n<p>La introducci\u00f3n al acto corri\u00f3 a cargo del Director General de ONDOAN, Jorge \u00c1lvarez. Por su parte, Pedro Gurrutxaga, Director de Desarrollo Corporativo de ONDOAN, fue el encargado de presentar y conducir el evento.<\/p>\n<p>El primer bloque de la jornada acogi\u00f3 sendas ponencias de Miren Basaras, profesora de Microbiolog\u00eda en la UPV\/EHU, sobre ambientes controlados en los hospitales, centr\u00e1ndose en la seguridad para el paciente; y de Javier Aramburu, Director T\u00e9cnico de TROX, acerca del dise\u00f1o de sistemas en Ambientes Controlados y su eficiencia energ\u00e9tica.<\/p>\n<p>El segundo tramo del evento estuvo centrado en una mesa redonda en la que se expusieron diversas experiencias en el uso de distintos tipos de salas de Ambiente Controlado.<\/p>\n<p>&nbsp;<\/p>\n<p>&nbsp;<\/p>\n<p>&nbsp;<\/p>\n<p>[vc_row]<\/p>\n<p>[vc_column width=&#8221;1\/6&#8243;]<br \/>\n[vc_column_text]<a href=\"https:\/\/www.ondoan.com\/?page_id=1763&amp;preview=true\"><img loading=\"lazy\" class=\"img-responsive aligncenter\" src=\"https:\/\/www.ondoan.com\/img\/2017\/07\/bloques.jpg\" alt=\"\" width=\"80\" height=\"100\" \/><\/a><br \/>\n[\/vc_column_text][\/vc_column]<\/p>\n<p>[vc_column width=&#8221;1\/6&#8243;][vc_column_text]\u00a0<a href=\"https:\/\/www.flickr.com\/photos\/157706700@N07\/albums\/with\/72157703849891635\"><img loading=\"lazy\" class=\"img-responsive aligncenter\" src=\"https:\/\/www.ondoan.com\/img\/2015\/12\/imagen-icono-e1450786470659.jpg\" alt=\"imagen-icono\" width=\"80\" height=\"103\" \/><\/a><\/p>\n<p>[\/vc_column_text][\/vc_column]<\/p>\n<p>[vc_column width=&#8221;1\/6&#8243;][vc_column_text]\u00a0<a href=\"https:\/\/youtu.be\/6VW5CyHEJ2w\" target=\"_blank\" rel=\"noopener noreferrer\"><img loading=\"lazy\" class=\"img-responsive aligncenter\" src=\"https:\/\/www.ondoan.com\/img\/2017\/07\/video.jpg\" alt=\"\" width=\"80\" height=\"97\" \/><\/a><\/p>\n<p>[\/vc_column_text][\/vc_column]<\/p>\n<p>[vc_column width=&#8221;1\/6&#8243;][vc_column_text]\u00a0<a href=\"https:\/\/www.ondoan.com\/?page_id=1781&amp;preview=true\"><img loading=\"lazy\" class=\"img-responsive aligncenter\" src=\"https:\/\/www.ondoan.com\/img\/2015\/12\/pdf-icono-e1450786446232.jpg\" alt=\"pdf-icono\" width=\"80\" height=\"103\" \/><\/a><\/p>\n<p>[\/vc_column_text][\/vc_column]<\/p>\n<p>[vc_column width=&#8221;1\/6&#8243;][vc_column_text]\u00a0<a href=\"https:\/\/www.ondoan.com\/img\/2018\/11\/ondoan_aula2018_programacastellano.jpg\"><img loading=\"lazy\" class=\"img-responsive aligncenter\" src=\"https:\/\/www.ondoan.com\/img\/2015\/10\/programa-e1450861698169.jpg\" alt=\"programa\" width=\"80\" height=\"99\" \/><\/a><\/p>\n<p>[\/vc_column_text][\/vc_column][\/vc_row]<\/p>\n<!-- AddThis Advanced Settings generic via filter on the_content --><!-- AddThis Share Buttons generic via filter on the_content -->","protected":false},"excerpt":{"rendered":"Salas de Ambiente Controlado. Condicionantes presentes y futuros en los \u00e1mbitos de la salud y de los Procesos Industriales. Bilbao 9 de noviembre de 2018 Aula ONDOAN 2018 &nbsp; El&#8230; <a href=\"https:\/\/www.ondoan.com\/en\/aula-ondoan\/salas-de-ambiente-controlado-noviembre-2018\">[+]<\/a><!-- AddThis Advanced Settings generic via filter on get_the_excerpt --><!-- AddThis Share Buttons generic via filter on get_the_excerpt -->","protected":false},"author":3,"featured_media":1749,"parent":3822,"menu_order":24,"comment_status":"closed","ping_status":"closed","template":"","meta":{"_exactmetrics_skip_tracking":false,"_exactmetrics_sitenote_active":false,"_exactmetrics_sitenote_note":"","_exactmetrics_sitenote_category":0,"_monsterinsights_skip_tracking":false,"_monsterinsights_sitenote_active":false,"_monsterinsights_sitenote_note":"","_monsterinsights_sitenote_category":0,"_uf_show_specific_survey":0,"_uf_disable_surveys":false},"acf":[],"aioseo_notices":[],"yoast_head":"<!-- This site is optimized with the Yoast SEO plugin v18.9 - https:\/\/yoast.com\/wordpress\/plugins\/seo\/ -->\n<title>Salas de Ambiente Controlado. Noviembre 2018 - Ondoan<\/title>\n<meta name=\"robots\" content=\"index, follow, max-snippet:-1, max-image-preview:large, max-video-preview:-1\" \/>\n<link rel=\"canonical\" href=\"https:\/\/www.ondoan.com\/en\/aula-ondoan\/salas-de-ambiente-controlado-noviembre-2018\" \/>\n<meta property=\"og:locale\" content=\"en_US\" \/>\n<meta property=\"og:type\" content=\"article\" \/>\n<meta property=\"og:title\" content=\"Salas de Ambiente Controlado. Noviembre 2018 - Ondoan\" \/>\n<meta property=\"og:description\" content=\"Salas de Ambiente Controlado. Condicionantes presentes y futuros en los \u00e1mbitos de la salud y de los Procesos Industriales. Bilbao 9 de noviembre de 2018 Aula ONDOAN 2018 &nbsp; El... [+]\" \/>\n<meta property=\"og:url\" content=\"https:\/\/www.ondoan.com\/en\/aula-ondoan\/salas-de-ambiente-controlado-noviembre-2018\" \/>\n<meta property=\"og:site_name\" content=\"Ondoan\" \/>\n<meta property=\"og:image\" content=\"https:\/\/www.ondoan.com\/img\/2018\/11\/general.jpg\" \/>\n\t<meta property=\"og:image:width\" content=\"1114\" \/>\n\t<meta property=\"og:image:height\" content=\"742\" \/>\n\t<meta property=\"og:image:type\" content=\"image\/jpeg\" \/>\n<meta name=\"twitter:card\" content=\"summary\" \/>\n<meta name=\"twitter:label1\" content=\"Est. reading time\" \/>\n\t<meta name=\"twitter:data1\" content=\"2 minutes\" \/>\n<script type=\"application\/ld+json\" class=\"yoast-schema-graph\">{\"@context\":\"https:\/\/schema.org\",\"@graph\":[{\"@type\":\"WebSite\",\"@id\":\"https:\/\/www.ondoan.com\/#website\",\"url\":\"https:\/\/www.ondoan.com\/\",\"name\":\"Ondoan\",\"description\":\"Ingenier\u00eda, Instalaciones y Medioambiente\",\"potentialAction\":[{\"@type\":\"SearchAction\",\"target\":{\"@type\":\"EntryPoint\",\"urlTemplate\":\"https:\/\/www.ondoan.com\/?s={search_term_string}\"},\"query-input\":\"required name=search_term_string\"}],\"inLanguage\":\"en-US\"},{\"@type\":\"ImageObject\",\"inLanguage\":\"en-US\",\"@id\":\"https:\/\/www.ondoan.com\/en\/aula-ondoan\/salas-de-ambiente-controlado-noviembre-2018#primaryimage\",\"url\":\"https:\/\/www.ondoan.com\/img\/2018\/11\/general.jpg\",\"contentUrl\":\"https:\/\/www.ondoan.com\/img\/2018\/11\/general.jpg\",\"width\":1114,\"height\":742},{\"@type\":\"WebPage\",\"@id\":\"https:\/\/www.ondoan.com\/en\/aula-ondoan\/salas-de-ambiente-controlado-noviembre-2018#webpage\",\"url\":\"https:\/\/www.ondoan.com\/en\/aula-ondoan\/salas-de-ambiente-controlado-noviembre-2018\",\"name\":\"Salas de Ambiente Controlado. Noviembre 2018 - Ondoan\",\"isPartOf\":{\"@id\":\"https:\/\/www.ondoan.com\/#website\"},\"primaryImageOfPage\":{\"@id\":\"https:\/\/www.ondoan.com\/en\/aula-ondoan\/salas-de-ambiente-controlado-noviembre-2018#primaryimage\"},\"datePublished\":\"2019-06-15T18:56:45+00:00\",\"dateModified\":\"2019-06-15T18:56:45+00:00\",\"breadcrumb\":{\"@id\":\"https:\/\/www.ondoan.com\/en\/aula-ondoan\/salas-de-ambiente-controlado-noviembre-2018#breadcrumb\"},\"inLanguage\":\"en-US\",\"potentialAction\":[{\"@type\":\"ReadAction\",\"target\":[\"https:\/\/www.ondoan.com\/en\/aula-ondoan\/salas-de-ambiente-controlado-noviembre-2018\"]}]},{\"@type\":\"BreadcrumbList\",\"@id\":\"https:\/\/www.ondoan.com\/en\/aula-ondoan\/salas-de-ambiente-controlado-noviembre-2018#breadcrumb\",\"itemListElement\":[{\"@type\":\"ListItem\",\"position\":1,\"name\":\"Portada\",\"item\":\"https:\/\/www.ondoan.com\/\"},{\"@type\":\"ListItem\",\"position\":2,\"name\":\"Ondoan Classroom\",\"item\":\"https:\/\/www.ondoan.com\/en\/aula-ondoan\"},{\"@type\":\"ListItem\",\"position\":3,\"name\":\"Salas de Ambiente Controlado. Noviembre 2018\"}]}]}<\/script>\n<!-- \/ Yoast SEO plugin. -->","yoast_head_json":{"title":"Salas de Ambiente Controlado. Noviembre 2018 - Ondoan","robots":{"index":"index","follow":"follow","max-snippet":"max-snippet:-1","max-image-preview":"max-image-preview:large","max-video-preview":"max-video-preview:-1"},"canonical":"https:\/\/www.ondoan.com\/en\/aula-ondoan\/salas-de-ambiente-controlado-noviembre-2018","og_locale":"en_US","og_type":"article","og_title":"Salas de Ambiente Controlado. Noviembre 2018 - Ondoan","og_description":"Salas de Ambiente Controlado. Condicionantes presentes y futuros en los \u00e1mbitos de la salud y de los Procesos Industriales. Bilbao 9 de noviembre de 2018 Aula ONDOAN 2018 &nbsp; El... [+]","og_url":"https:\/\/www.ondoan.com\/en\/aula-ondoan\/salas-de-ambiente-controlado-noviembre-2018","og_site_name":"Ondoan","og_image":[{"width":1114,"height":742,"url":"https:\/\/www.ondoan.com\/img\/2018\/11\/general.jpg","type":"image\/jpeg"}],"twitter_card":"summary","twitter_misc":{"Est. reading time":"2 minutes"},"schema":{"@context":"https:\/\/schema.org","@graph":[{"@type":"WebSite","@id":"https:\/\/www.ondoan.com\/#website","url":"https:\/\/www.ondoan.com\/","name":"Ondoan","description":"Ingenier\u00eda, Instalaciones y Medioambiente","potentialAction":[{"@type":"SearchAction","target":{"@type":"EntryPoint","urlTemplate":"https:\/\/www.ondoan.com\/?s={search_term_string}"},"query-input":"required name=search_term_string"}],"inLanguage":"en-US"},{"@type":"ImageObject","inLanguage":"en-US","@id":"https:\/\/www.ondoan.com\/en\/aula-ondoan\/salas-de-ambiente-controlado-noviembre-2018#primaryimage","url":"https:\/\/www.ondoan.com\/img\/2018\/11\/general.jpg","contentUrl":"https:\/\/www.ondoan.com\/img\/2018\/11\/general.jpg","width":1114,"height":742},{"@type":"WebPage","@id":"https:\/\/www.ondoan.com\/en\/aula-ondoan\/salas-de-ambiente-controlado-noviembre-2018#webpage","url":"https:\/\/www.ondoan.com\/en\/aula-ondoan\/salas-de-ambiente-controlado-noviembre-2018","name":"Salas de Ambiente Controlado. Noviembre 2018 - Ondoan","isPartOf":{"@id":"https:\/\/www.ondoan.com\/#website"},"primaryImageOfPage":{"@id":"https:\/\/www.ondoan.com\/en\/aula-ondoan\/salas-de-ambiente-controlado-noviembre-2018#primaryimage"},"datePublished":"2019-06-15T18:56:45+00:00","dateModified":"2019-06-15T18:56:45+00:00","breadcrumb":{"@id":"https:\/\/www.ondoan.com\/en\/aula-ondoan\/salas-de-ambiente-controlado-noviembre-2018#breadcrumb"},"inLanguage":"en-US","potentialAction":[{"@type":"ReadAction","target":["https:\/\/www.ondoan.com\/en\/aula-ondoan\/salas-de-ambiente-controlado-noviembre-2018"]}]},{"@type":"BreadcrumbList","@id":"https:\/\/www.ondoan.com\/en\/aula-ondoan\/salas-de-ambiente-controlado-noviembre-2018#breadcrumb","itemListElement":[{"@type":"ListItem","position":1,"name":"Portada","item":"https:\/\/www.ondoan.com\/"},{"@type":"ListItem","position":2,"name":"Ondoan Classroom","item":"https:\/\/www.ondoan.com\/en\/aula-ondoan"},{"@type":"ListItem","position":3,"name":"Salas de Ambiente Controlado. Noviembre 2018"}]}]}},"_links":{"self":[{"href":"https:\/\/www.ondoan.com\/en\/wp-json\/wp\/v2\/pages\/3825"}],"collection":[{"href":"https:\/\/www.ondoan.com\/en\/wp-json\/wp\/v2\/pages"}],"about":[{"href":"https:\/\/www.ondoan.com\/en\/wp-json\/wp\/v2\/types\/page"}],"author":[{"embeddable":true,"href":"https:\/\/www.ondoan.com\/en\/wp-json\/wp\/v2\/users\/3"}],"replies":[{"embeddable":true,"href":"https:\/\/www.ondoan.com\/en\/wp-json\/wp\/v2\/comments?post=3825"}],"version-history":[{"count":0,"href":"https:\/\/www.ondoan.com\/en\/wp-json\/wp\/v2\/pages\/3825\/revisions"}],"up":[{"embeddable":true,"href":"https:\/\/www.ondoan.com\/en\/wp-json\/wp\/v2\/pages\/3822"}],"wp:featuredmedia":[{"embeddable":true,"href":"https:\/\/www.ondoan.com\/en\/wp-json\/wp\/v2\/media\/1749"}],"wp:attachment":[{"href":"https:\/\/www.ondoan.com\/en\/wp-json\/wp\/v2\/media?parent=3825"}],"curies":[{"name":"wp","href":"https:\/\/api.w.org\/{rel}","templated":true}]}}