{"id":769,"date":"2016-07-10T12:22:00","date_gmt":"2016-07-10T10:22:00","guid":{"rendered":"https:\/\/www.ondoan.com\/en\/?page_id=769"},"modified":"2016-07-22T12:21:44","modified_gmt":"2016-07-22T10:21:44","slug":"education-and-technological-centres","status":"publish","type":"page","link":"https:\/\/www.ondoan.com\/en\/engineering-maintenance-and-indoor-environmental-quality\/education-and-technological-centres","title":{"rendered":"Education and Technological Centres"},"content":{"rendered":"\n\t\t<div  class = \"cycle-slideshow\" \n\t\t\t\t\tdata-cycle-fx       = \"fade\" \n\t\t\t\t\tdata-cycle-swipe    = \"true\"\n\t\t\t\t\tdata-cycle-swipe-fx = \"scrollHorz\"\n\t\t\t\t\tdata-cycle-timeout  = \"8000\" \n\t\t\t\t\tdata-cycle-log      = \"false\" \n\t\t\t\t\tdata-cycle-pause-on-hover = \"true\" \n\t\t\t\t\tdata-cycle-pager          = \"#pager\" \n\t\t\t\t\tdata-cycle-pager-template = \"<a href='#'><\/a>\" \n\t\t\t\t\tdata-cycle-auto-height = \"calc\" \n\t\t\t\t\tdata-cycle-slides \t  = \".slide\">\n\n\t\t\t\t\t<div id=\"pager\"><\/div>\n\t\t\t<div class=\"text-justify slide first-slide\">\n\t\t\t\t<img width=\"100%\" src=\"https:\/\/www.ondoan.com\/img\/2015\/11\/Musikene.jpg\" \/><br \/><br \/>\n\t\t\t\t<strong>Musikene, Donostia-San Sebasti\u00e1n<\/strong><br \/>ONDOAN, en UTE, ha efectuado las instalaciones de climatizaci\u00f3n, fontaner\u00eda y del sistema de Protecci\u00f3n Contra Incendios (PCI) de la nueva sede del Centro Superior de M\u00fasica del Pa\u00eds Vasco, Musikene, que se ubica en Donostia-San Sebasti\u00e1n. Musikene cuenta desde el inicio de este curso escolar, con un edificio propio en la Plaza Europa, frente al campus universitario de Ibaeta de la UPV-EHU en la capital donostiarra. \n\t\t\t<\/div>\n\t\t\t<div class=\"text-justify slide\">\n\t\t\t\t<img width=\"100%\" src=\"https:\/\/www.ondoan.com\/img\/2015\/11\/bcc.png\" \/><br \/><br \/>\n\t\t\t\t<strong>BCC, Donostia-San Sebasti\u00e1n<\/strong><br \/>El Basque Culinary Center, impulsado por Mondragon Unibertsitatea y ubicado en San Sebasti\u00e1n, cuenta con una Facultad de Ciencias Gastron\u00f3micas y un Centro de Investigaci\u00f3n e Innovaci\u00f3n en Alimentaci\u00f3n y Gastronom\u00eda de alto nivel. ONDOAN ha efectuado la Cimatizaci\u00f3n, la Ventilaci\u00f3n y los sistemas de Protecci\u00f3n contra Incendios de este centro formativo. Mantenimiento de las Instalaciones Climatizaci\u00f3n, PCI y de Tratamiento Contra la Legionella.\n\t\t\t<\/div>\n\t\t\t<div class=\"text-justify slide\">\n\t\t\t\t<img width=\"100%\" src=\"https:\/\/www.ondoan.com\/img\/2015\/11\/mondragon-uni.png\" \/><br \/><br \/>\n\t\t\t\t<strong>Eskola Politeknikoa MU, Gipuzkoa<\/strong><br \/>ONDOAN ha ejecutado en la Escuela Polit\u00e9cnica Superior de la Universidad de Mondrag\u00f3n las Instalaciones de Climatizaci\u00f3n, Protecci\u00f3n contra Incendios, Ventilaci\u00f3n de Garajes, Gas Natural, Aire Comprimido y Gesti\u00f3n centralizada. Mantenimiento de las Instalaciones Climatizaci\u00f3n.\n\t\t\t<\/div>\n\t\t\t<div class=\"text-justify slide\">\n\t\t\t\t<img width=\"100%\" src=\"https:\/\/www.ondoan.com\/img\/2015\/11\/2legarda.jpg\" \/><br \/><br \/>\n\t\t\t\t<strong>CEP Legarda, Bizkaia<\/strong><br \/>ONDOAN ha participado en la instalaci\u00f3n de los Sistemas de Producci\u00f3n de Calor, Calefacci\u00f3n, Ventilaci\u00f3n, Agua Caliente e Instalaci\u00f3n Solar en la reforma y ampliaci\u00f3n del Centro de Ense\u00f1anza Primaria (CEP) Legarda de Mungia,  un nuevo edificio que alberga 16 unidades de educaci\u00f3n infantil y 24 de educaci\u00f3n primaria. El,proyecto ha sido promovido por el Departamento de Educaci\u00f3n del Gobierno Vasco. Mantenimiento de las Instalaciones Climatizaci\u00f3n y de Tratamiento Contra la Legionella.\n\t\t\t<\/div>\n\t\t\t<div class=\"text-justify slide\">\n\t\t\t\t<img width=\"100%\" src=\"https:\/\/www.ondoan.com\/img\/2015\/11\/2magisterio.jpg\" \/><br \/><br \/>\n\t\t\t\t<strong>Escuela Magisterio UPV-EHU, Bizkaia<\/strong><br \/>ONDOAN ha realizado las Instalaciones de Calefacci\u00f3n, Climatizaci\u00f3n y Gas, as\u00ed como la Ventilaci\u00f3n de Garajes y Protecci\u00f3n contra Incendios, del nuevo edificio de la Escuela Universitaria de Magisterio de Bilbao de la UPV-EHU, que se ha instalado en el Campus de Leioa. Se trata de un espacio con dos vol\u00famenes en \"L\" y diferente orientaci\u00f3n, dise\u00f1ados por el arquitecto de ACXT-IDOM C\u00e9sar Aitor Azc\u00e1rate. Mantenimiento de las Instalaciones Climatizaci\u00f3n, PCI, y de Tratamiento Contra la Legionella.\n\t\t\t<\/div>\n\t\t\t<div class=\"text-justify slide\">\n\t\t\t\t<img width=\"100%\" src=\"https:\/\/www.ondoan.com\/img\/2015\/11\/Biotecnologia-e1448793974323.jpg\" \/><br \/><br \/>\n\t\t\t\t<strong>Centro Biotecnolog\u00eda Animal, Bizkaia<\/strong><br \/>Las nuevas Instalaciones de Climatizaci\u00f3n del nuevo edificio, desarrolladas por ONDOAN, han sido adaptadas a los complejos requerimientos exigidos para un laboratorio de investigaci\u00f3n de las caracter\u00edsticas de este Centro. El edificio se compone de diferentes laboratorios con diversas clasificaciones, y contiene un laboratorio de tipo P3 con condiciones especiales de presi\u00f3n y de caudales. Mantenimiento de la Calidad Ambiental Interior.\n\t\t\t<\/div>\n\t\t\t<div class=\"text-justify slide\">\n\t\t\t\t<img width=\"100%\" src=\"https:\/\/www.ondoan.com\/img\/2015\/11\/deustobiblioteca.jpg\" \/><br \/><br \/>\n\t\t\t\t<strong>Biblioteca de la Universidad de Deusto, Bilbao<\/strong><br \/>La nueva biblioteca de la Universidad de Deusto, ubicada en la zona de Abandoibarra de Bilbao, se ubica en un moderno edificio dise\u00f1ado por el arquitecto Rafael Moneo. ONDOAN, formando parte de una UTE, ha ejecutado las Instalaciones de Climatizaci\u00f3n, Gas, Fontaner\u00eda y Agua Caliente Sanitaria, as\u00ed como la Ventilaci\u00f3n del Parking del mismo. Dada la necesidad de mantener estables las condiciones de temperatura y humedad de los archivos, se ha cuidado especialmente el Sistema de Climatizaci\u00f3n.\n\t\t\t<\/div>\n\t\t\t<div class=\"text-justify slide\">\n\t\t\t\t<img width=\"100%\" src=\"https:\/\/www.ondoan.com\/img\/2015\/11\/ikerlan.png\" \/><br \/><br \/>\n\t\t\t\t<strong>Ikerlan- IK4, Gipuzkoa<\/strong><br \/>ONDOAN ha ejecutado la Instalaci\u00f3n del Sistema de Climatizaci\u00f3n del edificio en el que el centro de investigaci\u00f3n Ikerlan-IK4 desarrolla labores de investigaci\u00f3n en micro y nanotecnolog\u00eda. Se trata de un sistema a 4 tubos con fan-coils y tratamiento de aire primario. El edificio contiene salas clasificadas, por lo que ha sido necesario adaptar el Sistema de Climatizaci\u00f3n a las condiciones requeridas de presiones y caudales. Mantenimiento de las Instalaciones Climatizaci\u00f3n, PCI y de Tratamiento Contra la Legionella.\n\t\t\t<\/div>\n\t\t\t<div class=\"text-justify slide\">\n\t\t\t\t<img width=\"100%\" src=\"https:\/\/www.ondoan.com\/img\/2015\/11\/ingenieros.jpg\" \/><br \/><br \/>\n\t\t\t\t<strong>Edificio Ingenier\u00eda UPV-EHU, Bilbao<\/strong><br \/>ONDOAN ha participado en el proyecto constructivo del nuevo edificio que acoge las diversas Escuelas de Ingenier\u00eda de la UPV-EHU en Bilbao, con la instalaci\u00f3n de los Sistemas de Climatizaci\u00f3n, una por escuela, de Agua Caliente Sanitaria y de Protecci\u00f3n Contra Incendios. Mantenimiento de las Instalaciones Climatizaci\u00f3n. \n\t\t\t<\/div>\n\t\t\t<div class=\"text-justify slide\">\n\t\t\t\t<img width=\"100%\" src=\"https:\/\/www.ondoan.com\/img\/2015\/11\/lea-artibai.png\" \/><br \/><br \/>\n\t\t\t\t<strong>Lea Artibai, Bizkaia<\/strong><br \/>Las instalaciones de Lea Artibai Ikastetxea, en Markina-Xemein, inauguradas en el edificio Esperanza, cuentan con un total de 400 m2 destinados a aulas y talleres adaptados a la metodolog\u00eda \u201cLean by doing\u201d, donde los alumnos ponen en marcha proyectos simulados. ONDOAN ha participado en la ejecuci\u00f3n de la Instalaci\u00f3n de la Climatizaci\u00f3n y los Sistemas de Protecci\u00f3n contra Incendios. Mantenimiento de las Instalaciones Climatizaci\u00f3n, PCI y de Tratamiento Contra la Legionella.\n\t\t\t<\/div>\n\t\t\t<div class=\"text-justify slide\">\n\t\t\t\t<img width=\"100%\" src=\"https:\/\/www.ondoan.com\/img\/2015\/11\/mondragon-humanidades.png\" \/><br \/><br \/>\n\t\t\t\t<strong>Facultad Humanidades MU, Gipuzkoa<\/strong><br \/>ONDOAN ha instalado los sistemas de Climatizaci\u00f3n, de Protecci\u00f3n contra Incendios y de Agua Caliente Sanitaria del edificio de la Facultad de Humanidades de la Universidad de Mondrag\u00f3n en la localidad guipuzcoana de Eskoriatza. Mantenimiento de las Instalaciones Climatizaci\u00f3n y PCI.\n\t\t\t<\/div>\n\t\t\t<div class=\"text-justify slide\">\n\t\t\t\t<img width=\"100%\" src=\"https:\/\/www.ondoan.com\/img\/2015\/11\/mondragon-onati.png\" \/><br \/><br \/>\n\t\t\t\t<strong>Mondragon Unibertsitatea, Gipuzkoa<\/strong><br \/>ONDOAN ha ejecutado el proyecto e instalaci\u00f3n del Sistema de Climatizaci\u00f3n del nuevo edificio que alberga el campus de Mondragon Unibertsitatea en la localidad guipuzcoana de O\u00f1ati. Mantenimiento de las Instalaciones Climatizaci\u00f3n y de Tratamiento Contra la Legionella.\n\t\t\t<\/div>\n\t\t\t<div class=\"text-justify slide\">\n\t\t\t\t<img width=\"100%\" src=\"https:\/\/www.ondoan.com\/img\/2015\/11\/nanogune.png\" \/><br \/><br \/>\n\t\t\t\t<strong>CIC NanoGune, Donostia-San Sebasti\u00e1n<\/strong><br \/>ONDOAN ha realizado las Instalaciones de Climatizaci\u00f3n, Protecci\u00f3n contra Incendios, Agua Caliente Sanitaria y Aire Comprimido del nuevo centro de investigaci\u00f3n en  nanotecnolog\u00eda ubicado en Donostia-San Sebasti\u00e1n. Mantenimiento de las Instalaciones Climatizaci\u00f3n, PCI y de Tratamiento Contra la Legionella.\n\t\t\t<\/div>\n\t\t\t<div class=\"text-justify slide\">\n\t\t\t\t<img width=\"100%\" src=\"https:\/\/www.ondoan.com\/img\/2015\/11\/parke-bizkaia.png\" \/><br \/><br \/>\n\t\t\t\t<strong>Parque Cient\u00edfico y Tecnol\u00f3gico de Bizkaia, Bizkaia<\/strong><br \/>ONDOAN ha realizado instalaciones electromec\u00e1nicas en los edificios de Euskaltel, Iberm\u00e1tica, Aernova, 612, Ingemat, ESI, Neiker y Progenika, as\u00ed como reformas y mantenimiento del Parque. Tambi\u00e9n ha ejecutado la reforma y adaptaci\u00f3n a la normativa actual de la instalaci\u00f3n de climatizaci\u00f3n y control centralizado del edificio 206.\r\n\n\t\t\t<\/div>\n\t\t\t<div class=\"text-justify slide\">\n\t\t\t\t<img width=\"100%\" src=\"https:\/\/www.ondoan.com\/img\/2019\/02\/miguel-altuna.png\" \/><br \/><br \/>\n\t\t\t\t<strong>Instituto Miguel Altuna en Bergara, Gipuzkoa<\/strong><br \/>ONDOAN ha llevado a cabo la ejecuci\u00f3n de las Instalaciones de Climatizaci\u00f3n, Gas Natural y Aire Comprimido en el nuevo Instituto de FP Superior Miguel Altuna, ubicado en Bergara. Se distinguen dos sistemas de calefacci\u00f3n: uno mediante tubos radiantes a gas, para el taller; y otro de acondicionamiento con producci\u00f3n centralizada de agua caliente mediante dos calderas de 381 kW de potencia unitaria, para el resto de locales. Tambi\u00e9n se ha instalado un sistema de climatizaci\u00f3n independiente en un laboratorio con necesidades especiales, en el que se debe mantener una temperatura de 22\u00baC. \n\t\t\t<\/div>\n\t\t\t<div class=\"text-justify slide\">\n\t\t\t\t<img width=\"100%\" src=\"https:\/\/www.ondoan.com\/img\/2019\/02\/rio2.jpg\" \/><br \/><br \/>\n\t\t\t\t<strong>Centro Comercial Plaza R\u00edo 2 de Madrid\u2028<\/strong><br \/>ONDOAN ha ejecutado la Instalaci\u00f3n de Climatizaci\u00f3n del Centro Comercial Plaza R\u00edo 2 de Madrid. Con 40.000 m2 de superficie comercial, acoge 140 locales comerciales y 20 de restauraci\u00f3n. La instalaci\u00f3n de la climatizaci\u00f3n ha sido llevada a cabo priorizando aspectos de Eficiencia Energ\u00e9tica. Adem\u00e1s, la satisfacci\u00f3n manifestada por el cliente le ha llevado a continuar la relaci\u00f3n con ONDOAN con la contrataci\u00f3n del servicio de Mantenimiento Integral de las Instalaciones del Centro. \n\t\t\t<\/div><\/div>\n<!-- AddThis Advanced Settings generic via filter on the_content --><!-- AddThis Share Buttons generic via filter on the_content -->","protected":false},"excerpt":{"rendered":"<!-- AddThis Advanced Settings generic via filter on get_the_excerpt --><!-- AddThis Share Buttons generic via filter on get_the_excerpt -->","protected":false},"author":3,"featured_media":432,"parent":749,"menu_order":14,"comment_status":"closed","ping_status":"closed","template":"","meta":{"_exactmetrics_skip_tracking":false,"_exactmetrics_sitenote_active":false,"_exactmetrics_sitenote_note":"","_exactmetrics_sitenote_category":0,"_monsterinsights_skip_tracking":false,"_monsterinsights_sitenote_active":false,"_monsterinsights_sitenote_note":"","_monsterinsights_sitenote_category":0,"_uf_show_specific_survey":0,"_uf_disable_surveys":false},"acf":[],"aioseo_notices":[],"yoast_head":"<!-- This site is optimized with the Yoast SEO plugin v18.9 - https:\/\/yoast.com\/wordpress\/plugins\/seo\/ -->\n<title>Education and Technological Centres - Ondoan<\/title>\n<meta name=\"description\" content=\"Education and Technological Centres. Engineering, Maintenance and Indoor Environmental Quality References.\" \/>\n<meta name=\"robots\" content=\"index, follow, max-snippet:-1, max-image-preview:large, max-video-preview:-1\" \/>\n<link rel=\"canonical\" href=\"https:\/\/www.ondoan.com\/en\/engineering-maintenance-and-indoor-environmental-quality\/education-and-technological-centres\" \/>\n<meta property=\"og:locale\" content=\"en_US\" \/>\n<meta property=\"og:type\" content=\"article\" \/>\n<meta property=\"og:title\" content=\"Education and Technological Centres - Ondoan\" \/>\n<meta property=\"og:description\" content=\"Education and Technological Centres. Engineering, Maintenance and Indoor Environmental Quality References.\" \/>\n<meta property=\"og:url\" content=\"https:\/\/www.ondoan.com\/en\/engineering-maintenance-and-indoor-environmental-quality\/education-and-technological-centres\" \/>\n<meta property=\"og:site_name\" content=\"Ondoan\" \/>\n<meta property=\"article:modified_time\" content=\"2016-07-22T10:21:44+00:00\" \/>\n<meta property=\"og:image\" content=\"https:\/\/www.ondoan.com\/img\/2015\/11\/Educacion-y-Centros-Tecnologicos.jpg\" \/>\n\t<meta property=\"og:image:width\" content=\"1200\" \/>\n\t<meta property=\"og:image:height\" content=\"303\" \/>\n\t<meta property=\"og:image:type\" content=\"image\/jpeg\" \/>\n<meta name=\"twitter:card\" content=\"summary\" \/>\n<script type=\"application\/ld+json\" class=\"yoast-schema-graph\">{\"@context\":\"https:\/\/schema.org\",\"@graph\":[{\"@type\":\"WebSite\",\"@id\":\"https:\/\/www.ondoan.com\/#website\",\"url\":\"https:\/\/www.ondoan.com\/\",\"name\":\"Ondoan\",\"description\":\"Ingenier\u00eda, Instalaciones y Medioambiente\",\"potentialAction\":[{\"@type\":\"SearchAction\",\"target\":{\"@type\":\"EntryPoint\",\"urlTemplate\":\"https:\/\/www.ondoan.com\/?s={search_term_string}\"},\"query-input\":\"required name=search_term_string\"}],\"inLanguage\":\"en-US\"},{\"@type\":\"ImageObject\",\"inLanguage\":\"en-US\",\"@id\":\"https:\/\/www.ondoan.com\/en\/engineering-maintenance-and-indoor-environmental-quality\/education-and-technological-centres#primaryimage\",\"url\":\"https:\/\/www.ondoan.com\/img\/2015\/11\/Educacion-y-Centros-Tecnologicos.jpg\",\"contentUrl\":\"https:\/\/www.ondoan.com\/img\/2015\/11\/Educacion-y-Centros-Tecnologicos.jpg\",\"width\":1200,\"height\":303},{\"@type\":\"WebPage\",\"@id\":\"https:\/\/www.ondoan.com\/en\/engineering-maintenance-and-indoor-environmental-quality\/education-and-technological-centres#webpage\",\"url\":\"https:\/\/www.ondoan.com\/en\/engineering-maintenance-and-indoor-environmental-quality\/education-and-technological-centres\",\"name\":\"Education and Technological Centres - Ondoan\",\"isPartOf\":{\"@id\":\"https:\/\/www.ondoan.com\/#website\"},\"primaryImageOfPage\":{\"@id\":\"https:\/\/www.ondoan.com\/en\/engineering-maintenance-and-indoor-environmental-quality\/education-and-technological-centres#primaryimage\"},\"datePublished\":\"2016-07-10T10:22:00+00:00\",\"dateModified\":\"2016-07-22T10:21:44+00:00\",\"description\":\"Education and Technological Centres. Engineering, Maintenance and Indoor Environmental Quality References.\",\"breadcrumb\":{\"@id\":\"https:\/\/www.ondoan.com\/en\/engineering-maintenance-and-indoor-environmental-quality\/education-and-technological-centres#breadcrumb\"},\"inLanguage\":\"en-US\",\"potentialAction\":[{\"@type\":\"ReadAction\",\"target\":[\"https:\/\/www.ondoan.com\/en\/engineering-maintenance-and-indoor-environmental-quality\/education-and-technological-centres\"]}]},{\"@type\":\"BreadcrumbList\",\"@id\":\"https:\/\/www.ondoan.com\/en\/engineering-maintenance-and-indoor-environmental-quality\/education-and-technological-centres#breadcrumb\",\"itemListElement\":[{\"@type\":\"ListItem\",\"position\":1,\"name\":\"Portada\",\"item\":\"https:\/\/www.ondoan.com\/\"},{\"@type\":\"ListItem\",\"position\":2,\"name\":\"Engineering, Maintenance and Indoor Environmental Quality References\",\"item\":\"https:\/\/www.ondoan.com\/en\/engineering-maintenance-and-indoor-environmental-quality\"},{\"@type\":\"ListItem\",\"position\":3,\"name\":\"Education and Technological Centres\"}]}]}<\/script>\n<!-- \/ Yoast SEO plugin. -->","yoast_head_json":{"title":"Education and Technological Centres - Ondoan","description":"Education and Technological Centres. Engineering, Maintenance and Indoor Environmental Quality References.","robots":{"index":"index","follow":"follow","max-snippet":"max-snippet:-1","max-image-preview":"max-image-preview:large","max-video-preview":"max-video-preview:-1"},"canonical":"https:\/\/www.ondoan.com\/en\/engineering-maintenance-and-indoor-environmental-quality\/education-and-technological-centres","og_locale":"en_US","og_type":"article","og_title":"Education and Technological Centres - Ondoan","og_description":"Education and Technological Centres. Engineering, Maintenance and Indoor Environmental Quality References.","og_url":"https:\/\/www.ondoan.com\/en\/engineering-maintenance-and-indoor-environmental-quality\/education-and-technological-centres","og_site_name":"Ondoan","article_modified_time":"2016-07-22T10:21:44+00:00","og_image":[{"width":1200,"height":303,"url":"https:\/\/www.ondoan.com\/img\/2015\/11\/Educacion-y-Centros-Tecnologicos.jpg","type":"image\/jpeg"}],"twitter_card":"summary","schema":{"@context":"https:\/\/schema.org","@graph":[{"@type":"WebSite","@id":"https:\/\/www.ondoan.com\/#website","url":"https:\/\/www.ondoan.com\/","name":"Ondoan","description":"Ingenier\u00eda, Instalaciones y Medioambiente","potentialAction":[{"@type":"SearchAction","target":{"@type":"EntryPoint","urlTemplate":"https:\/\/www.ondoan.com\/?s={search_term_string}"},"query-input":"required name=search_term_string"}],"inLanguage":"en-US"},{"@type":"ImageObject","inLanguage":"en-US","@id":"https:\/\/www.ondoan.com\/en\/engineering-maintenance-and-indoor-environmental-quality\/education-and-technological-centres#primaryimage","url":"https:\/\/www.ondoan.com\/img\/2015\/11\/Educacion-y-Centros-Tecnologicos.jpg","contentUrl":"https:\/\/www.ondoan.com\/img\/2015\/11\/Educacion-y-Centros-Tecnologicos.jpg","width":1200,"height":303},{"@type":"WebPage","@id":"https:\/\/www.ondoan.com\/en\/engineering-maintenance-and-indoor-environmental-quality\/education-and-technological-centres#webpage","url":"https:\/\/www.ondoan.com\/en\/engineering-maintenance-and-indoor-environmental-quality\/education-and-technological-centres","name":"Education and Technological Centres - Ondoan","isPartOf":{"@id":"https:\/\/www.ondoan.com\/#website"},"primaryImageOfPage":{"@id":"https:\/\/www.ondoan.com\/en\/engineering-maintenance-and-indoor-environmental-quality\/education-and-technological-centres#primaryimage"},"datePublished":"2016-07-10T10:22:00+00:00","dateModified":"2016-07-22T10:21:44+00:00","description":"Education and Technological Centres. Engineering, Maintenance and Indoor Environmental Quality References.","breadcrumb":{"@id":"https:\/\/www.ondoan.com\/en\/engineering-maintenance-and-indoor-environmental-quality\/education-and-technological-centres#breadcrumb"},"inLanguage":"en-US","potentialAction":[{"@type":"ReadAction","target":["https:\/\/www.ondoan.com\/en\/engineering-maintenance-and-indoor-environmental-quality\/education-and-technological-centres"]}]},{"@type":"BreadcrumbList","@id":"https:\/\/www.ondoan.com\/en\/engineering-maintenance-and-indoor-environmental-quality\/education-and-technological-centres#breadcrumb","itemListElement":[{"@type":"ListItem","position":1,"name":"Portada","item":"https:\/\/www.ondoan.com\/"},{"@type":"ListItem","position":2,"name":"Engineering, Maintenance and Indoor Environmental Quality References","item":"https:\/\/www.ondoan.com\/en\/engineering-maintenance-and-indoor-environmental-quality"},{"@type":"ListItem","position":3,"name":"Education and Technological Centres"}]}]}},"_links":{"self":[{"href":"https:\/\/www.ondoan.com\/en\/wp-json\/wp\/v2\/pages\/769"}],"collection":[{"href":"https:\/\/www.ondoan.com\/en\/wp-json\/wp\/v2\/pages"}],"about":[{"href":"https:\/\/www.ondoan.com\/en\/wp-json\/wp\/v2\/types\/page"}],"author":[{"embeddable":true,"href":"https:\/\/www.ondoan.com\/en\/wp-json\/wp\/v2\/users\/3"}],"replies":[{"embeddable":true,"href":"https:\/\/www.ondoan.com\/en\/wp-json\/wp\/v2\/comments?post=769"}],"version-history":[{"count":0,"href":"https:\/\/www.ondoan.com\/en\/wp-json\/wp\/v2\/pages\/769\/revisions"}],"up":[{"embeddable":true,"href":"https:\/\/www.ondoan.com\/en\/wp-json\/wp\/v2\/pages\/749"}],"wp:featuredmedia":[{"embeddable":true,"href":"https:\/\/www.ondoan.com\/en\/wp-json\/wp\/v2\/media\/432"}],"wp:attachment":[{"href":"https:\/\/www.ondoan.com\/en\/wp-json\/wp\/v2\/media?parent=769"}],"curies":[{"name":"wp","href":"https:\/\/api.w.org\/{rel}","templated":true}]}}