{"id":774,"date":"2016-07-10T12:36:28","date_gmt":"2016-07-10T10:36:28","guid":{"rendered":"https:\/\/www.ondoan.com\/en\/?page_id=774"},"modified":"2016-07-22T10:47:43","modified_gmt":"2016-07-22T08:47:43","slug":"industry","status":"publish","type":"page","link":"https:\/\/www.ondoan.com\/en\/engineering-maintenance-and-indoor-environmental-quality\/industry","title":{"rendered":"Industry"},"content":{"rendered":"\n\t\t<div  class = \"cycle-slideshow\" \n\t\t\t\t\tdata-cycle-fx       = \"fade\" \n\t\t\t\t\tdata-cycle-swipe    = \"true\"\n\t\t\t\t\tdata-cycle-swipe-fx = \"scrollHorz\"\n\t\t\t\t\tdata-cycle-timeout  = \"8000\" \n\t\t\t\t\tdata-cycle-log      = \"false\" \n\t\t\t\t\tdata-cycle-pause-on-hover = \"true\" \n\t\t\t\t\tdata-cycle-pager          = \"#pager\" \n\t\t\t\t\tdata-cycle-pager-template = \"<a href='#'><\/a>\" \n\t\t\t\t\tdata-cycle-auto-height = \"calc\" \n\t\t\t\t\tdata-cycle-slides \t  = \".slide\">\n\n\t\t\t\t\t<div id=\"pager\"><\/div>\n\t\t\t<div class=\"text-justify slide first-slide\">\n\t\t\t\t<img width=\"100%\" src=\"https:\/\/www.ondoan.com\/img\/2016\/07\/alston.png\" \/><br \/><br \/>\n\t\t\t\t<strong>Alstom, Bizkaia<\/strong><br \/>ONDOAN ha realizado los sistemas de Protecci\u00f3n Contra Incendios (PCI) de la nueva planta de Alstom en la localidad vizca\u00edna de Ortuella, destinada a la fabricaci\u00f3n de generadores. La instalaci\u00f3n integra a su vez sistemas autom\u00e1ticos de detecci\u00f3n y alarma (detectores, pulsadores de alarma y central de incendios), sistema de abastecimiento de agua (dep\u00f3sito de reserva y grupos de bombeo) y sistemas de extinci\u00f3n (extintores, rociadores autom\u00e1ticos de agua, sistemas fijos de extinci\u00f3n en los dep\u00f3sitos y red de bies).\n\t\t\t<\/div>\n\t\t\t<div class=\"text-justify slide\">\n\t\t\t\t<img width=\"100%\" src=\"https:\/\/www.ondoan.com\/img\/2015\/11\/alkargo.png\" \/><br \/><br \/>\n\t\t\t\t<strong>Alkargo, Bizkaia<\/strong><br \/>Alkargo S. Coop., especializada en la fabricaci\u00f3n de transformadores el\u00e9ctricos, dispone de una nueva planta de producci\u00f3n que le da una mayor capacidad de producci\u00f3n. ONDOAN ha instalado los Sistemas de Climatizaci\u00f3n en el \u00e1rea de oficinas, la Calefacci\u00f3n de la nave y los laboratorios, as\u00ed como los sistemas de Protecci\u00f3n contra Incendios y la Instalaci\u00f3n del Agua Caliente Sanitaria. Mantenimiento de las Instalaciones Climatizaci\u00f3n.\n\t\t\t<\/div>\n\t\t\t<div class=\"text-justify slide\">\n\t\t\t\t<img width=\"100%\" src=\"https:\/\/www.ondoan.com\/img\/2015\/11\/arkema.png\" \/><br \/><br \/>\n\t\t\t\t<strong>Arkema Zaramillo, Bizkaia<\/strong><br \/>Arkema se dedica a la fabricaci\u00f3n de gases refrigerantes, PVC, compuestos vin\u00edlicos y placas de metacrilato. ONDOAN ha instalado la Protecci\u00f3n contra Incendios del proyecto de conversi\u00f3n de la planta: Sistema de Abastecimiento (grupos de bombeo di\u00e9sel y el\u00e9ctrico), Sistemas de Refrigeraci\u00f3n de Dep\u00f3sitos, Cortinas de Diluci\u00f3n Perimetral, Sistemas Fijos de Extinci\u00f3n por Espuma y Sistemas de Extinci\u00f3n por CO2 en Salas El\u00e9ctricas.\n\t\t\t<\/div>\n\t\t\t<div class=\"text-justify slide\">\n\t\t\t\t<img width=\"100%\" src=\"https:\/\/www.ondoan.com\/img\/2015\/11\/bepsa.png\" \/><br \/><br \/>\n\t\t\t\t<strong>BEPSA, Bizkaia<\/strong><br \/>Integrada en el grupo Vocento, Bilbao Editorial Producciones se constituy\u00f3 en 1993 como la planta de impresi\u00f3n del diario El Correo. ONDOAN ha ejecutado la Climatizaci\u00f3n y la Refrigeraci\u00f3n de rotativas, as\u00ed como la instalaci\u00f3n de Aire Comprimido y los Sistemas de Protecci\u00f3n contra Incendios. Mantenimiento de las Instalaciones Climatizaci\u00f3n y PCI.\n\t\t\t<\/div>\n\t\t\t<div class=\"text-justify slide\">\n\t\t\t\t<img width=\"100%\" src=\"https:\/\/www.ondoan.com\/img\/2015\/11\/boroa.png\" \/><br \/><br \/>\n\t\t\t\t<strong>Centro Impresi\u00f3n de Deia, Bizkaia<\/strong><br \/>El nuevo edificio de impresi\u00f3n del diario DEIA en Boroa est\u00e1 totalmente climatizado y la Eficiencia Energ\u00e9tica est\u00e1 gestionada por un adecuado Sistema de Supervisi\u00f3n y Control, ya que se han considerado una gran diversidad de criterios para conseguirla. Asimismo se han instalado Sistemas de Extinci\u00f3n y Detecci\u00f3n de Incendios y de Producci\u00f3n y Distribuci\u00f3n de Aire Comprimido. Mantenimiento de las Instalaciones Climatizaci\u00f3n y PCI y de Tratamiento Contra la Legionella.\n\t\t\t<\/div>\n\t\t\t<div class=\"text-justify slide\">\n\t\t\t\t<img width=\"100%\" src=\"https:\/\/www.ondoan.com\/img\/2015\/11\/central-termica-pasajes.png\" \/><br \/><br \/>\n\t\t\t\t<strong>Central T\u00e9rmica Iberdrola, Gipuzkoa<\/strong><br \/>ONDOAN ha instalado los sistemas de Protecci\u00f3n contra Incendios: Abastecimiento (grupos de bombeo di\u00e9sel y el\u00e9ctrico) y Extinci\u00f3n (de espuma para los dep\u00f3sitos de fuel-o\u00edl, de agua pulverizada para los transformadores, cintas de transporte y equipos de proceso y de CO2 en las salas el\u00e9ctricas). Se han instalado Sistemas de Detecci\u00f3n y Supervisi\u00f3n informatizados. Mantenimiento de las Instalaciones Climatizaci\u00f3n.\n\t\t\t<\/div>\n\t\t\t<div class=\"text-justify slide\">\n\t\t\t\t<img width=\"100%\" src=\"https:\/\/www.ondoan.com\/img\/2015\/11\/dupont.png\" \/><br \/><br \/>\n\t\t\t\t<strong>Dupont Ib\u00e9rica, Asturias<\/strong><br \/>En funcionamiento desde 1993, la planta de Nomex\u00ae fue la primera en construirse dentro del proyecto de DuPont en Asturias y la segunda dedicada a la fabricaci\u00f3n de la fibra Nomex\u00ae en el mundo. ONDOAN ha instalado y renovado en varios edificios de la planta los Sistemas de Rociadores Autom\u00e1ticos, las Redes Interiores de BIE, el Sistema de Agua Pulverizada y los Sistemas de Detecci\u00f3n de Chispa.\n\t\t\t<\/div>\n\t\t\t<div class=\"text-justify slide\">\n\t\t\t\t<img width=\"100%\" src=\"https:\/\/www.ondoan.com\/img\/2015\/11\/2euskalforging.jpg\" \/><br \/><br \/>\n\t\t\t\t<strong>Euskal Forging Sestao, Bizkaia<\/strong><br \/>ONDOAN ha procedido a la ampliaci\u00f3n de las instalaciones de Protecci\u00f3n Contra Incendios de la planta en Sestao de la empresa metal\u00fargica Euskal Forging. Debido a sus particulares caracter\u00edsticas, y para cumplir con la legislaci\u00f3n actual, ONDOAN ha instalado Sistemas Extinci\u00f3n por Espuma de Media Expansi\u00f3n, de Detecci\u00f3n por Fibra \u00d3ptica, de Abastecimiento de Agua exclusivo y de CCTV en zonas cr\u00edticas. Todas ellas han sido supervisadas y certificadas por CEPRETEC. Mantenimiento de las Instalaciones Protecci\u00f3n contra Incendios.\n\t\t\t<\/div>\n\t\t\t<div class=\"text-justify slide\">\n\t\t\t\t<img width=\"100%\" src=\"https:\/\/www.ondoan.com\/img\/2015\/11\/graneles-solidos.png\" \/><br \/><br \/>\n\t\t\t\t<strong>Gr\u00e1neles S\u00f3lidos del Norte, Bizkaia<\/strong><br \/>ONDOAN ha realizado la Protecci\u00f3n Contra Incendios para las instalaciones de recepci\u00f3n, almacenaje y expedici\u00f3n de azufre y coque, ubicadas en el Puerto de Bilbao en Zierbana. Mantenimiento de las Instalaciones Protecci\u00f3n contra Incendios.\n\t\t\t<\/div>\n\t\t\t<div class=\"text-justify slide\">\n\t\t\t\t<img width=\"100%\" src=\"https:\/\/www.ondoan.com\/img\/2015\/11\/izar.png\" \/><br \/><br \/>\n\t\t\t\t<strong>Herramientas Izar, Bizkaia<\/strong><br \/>Las nuevas instalaciones de Izar en Boroa est\u00e1n basadas en los conceptos del \u201clean manufacturing\u201d para ganar en agilidad y flexibilidad. Adem\u00e1s, son instalaciones de sencillo mantenimiento y respetuosas con el medio ambiente, por lo que destaca el sistema de aprovechamiento de calor producido por la propia f\u00e1brica e instalado por ONDOAN dentro del proyecto de Climatizaci\u00f3n de la planta. Mantenimiento de las Instalaciones Climatizaci\u00f3n y de Tratamiento Contra la Legionella.\n\t\t\t<\/div>\n\t\t\t<div class=\"text-justify slide\">\n\t\t\t\t<img width=\"100%\" src=\"https:\/\/www.ondoan.com\/img\/2015\/11\/printolid.png\" \/><br \/><br \/>\n\t\t\t\t<strong>Printolid, Valladolid<\/strong><br \/>Printolid es la planta de impresi\u00f3n industrial perteneciente al Grupo Vocento de Valladolid. Estas instalaciones disponen de rotativas de \u00faltima generaci\u00f3n para la impresi\u00f3n de peri\u00f3dicos, revistas y folletos. ONDOAN ha efectuado la Climatizaci\u00f3n de la planta, la Instalaci\u00f3n del Agua Caliente Sanitaria y la Protecci\u00f3n contra Incendios.\n\t\t\t<\/div>\n\t\t\t<div class=\"text-justify slide\">\n\t\t\t\t<img width=\"100%\" src=\"https:\/\/www.ondoan.com\/img\/2015\/11\/talgo-rivabellosa.png\" \/><br \/><br \/>\n\t\t\t\t<strong>F\u00e1brica Talgo Rivabellosa, \u00c1lava<\/strong><br \/>ONDOAN ha realizado los sistemas de Protecci\u00f3n contra Incendios, as\u00ed como los de Calefacci\u00f3n, de las nuevas naves con las que la empresa fabricante de ferrocarriles Talgo ha ampliado su planta de la localidad alavesa de Rivabellosa, buscando adaptar el proceso productivo a los requerimientos de fabricaci\u00f3n de los proyectos recientemente adjudicados a la compa\u00f1\u00eda en el \u00e1mbito internacional. Mantenimiento de las Instalaciones Climatizaci\u00f3n y PCI.\n\t\t\t<\/div>\n\t\t\t<div class=\"text-justify slide\">\n\t\t\t\t<img width=\"100%\" src=\"https:\/\/www.ondoan.com\/img\/2015\/11\/zayer.png\" \/><br \/><br \/>\n\t\t\t\t<strong>Zayer, Vitoria-Gasteiz<\/strong><br \/>Desde finales de los a\u00f1os 40, Zayer desarrolla m\u00e1quinas fresadoras y centros de mecanizado. Actualmente cuenta con 220 personas en su equipo, que trabajan en unas instalaciones ampliadas en 2010. ONDOAN ha efectuado la instalaci\u00f3n de los Sistemas de Climatizaci\u00f3n de la nave de fabricaci\u00f3n, as\u00ed como la Instalaci\u00f3n de Aire Comprimido. Mantenimiento de las Instalaciones Climatizaci\u00f3n. \n\t\t\t<\/div>\n\t\t\t<div class=\"text-justify slide\">\n\t\t\t\t<img width=\"100%\" src=\"https:\/\/www.ondoan.com\/img\/2015\/11\/acb-e1448794959364.jpg\" \/><br \/><br \/>\n\t\t\t\t<strong>Acer\u00eda Compacta (ACB), Bizkaia<\/strong><br \/>ONDOAN ha realizado las instalaciones de Protecci\u00f3n Contra Incendios en las salas hidr\u00e1ulicas y en cintas trasnrportadoras de aditivos de la Acer\u00eda Compacta de Bizkaia (ACB), en la localidad de Sestao, que tom\u00f3 el relevo de los antiguos Altos Hornos de Vizcaya, ubic\u00e1ndose en los terrenos que pertenecieron a esta emblem\u00e1tica compa\u00f1\u00eda. \n\t\t\t<\/div>\n\t\t\t<div class=\"text-justify slide\">\n\t\t\t\t<img width=\"100%\" src=\"https:\/\/www.ondoan.com\/img\/2015\/11\/lebario.png\" \/><br \/><br \/>\n\t\t\t\t<strong>Complejo Lebario Euskotren, Bizkaia<\/strong><br \/>Estas nuevas instalaciones sustituyen a las que Euskotren ten\u00eda en la estaci\u00f3n de ferrocarril de Durango. El edificio alberga las \u00e1reas de cocheras y de talleres. ONDOAN ha realizado la instalaci\u00f3n de los Sistemas de Climatizaci\u00f3n del edificio de Servicios, de Calefacci\u00f3n en talleres y cocheras y de Agua Caliente Sanitaria. Mantenimiento de las Instalaciones Climatizaci\u00f3n.\n\t\t\t<\/div>\n\t\t\t<div class=\"text-justify slide\">\n\t\t\t\t<img width=\"100%\" src=\"https:\/\/www.ondoan.com\/img\/2015\/11\/norbega.png\" \/><br \/><br \/>\n\t\t\t\t<strong>Norbega, Bizkaia<\/strong><br \/>ONDOAN ha ampliado las c\u00e1maras frigor\u00edficas de concentrado y congelado de la planta de la Compa\u00f1\u00eda Norte\u00f1a de Bebidas Gaseosas (Norbega), embotelladora de Coca-Cola y distribuidora de diversas bebidas refrescantes. En la ampliaci\u00f3n se ha incorporado un nuevo sistema en cada c\u00e1mara para cubrir la potencia necesaria y garantizar el ahorro energ\u00e9tico sin perder total seguridad de funcionamiento. Mantenimiento de las Instalaciones Climatizaci\u00f3n y Mantenimiento de la Calidad Ambiental Interior.\n\t\t\t<\/div>\n\t\t\t<div class=\"text-justify slide\">\n\t\t\t\t<img width=\"100%\" src=\"https:\/\/www.ondoan.com\/img\/2019\/02\/kelan.jpg\" \/><br \/><br \/>\n\t\t\t\t<strong>Planta de Tubos reunidos en Amurrio, \u00c1lava<\/strong><br \/>Kelan, empresa del Grupo ONDOAN, ha ejecutado la protecci\u00f3n contra incendios en la nave de decapado de la planta de Amurrio de Tubos Reunidos Industrial. En la zona de cubas se ha instalado un sistema de extinci\u00f3n por espuma de alta expansi\u00f3n, con generadores en la parte superior de las cubas y el foso. Tambi\u00e9n se ha incorporado un cierre de malla practicable para contener la espuma y se ha realizado una cortina de agua en el interior del conducto de extracci\u00f3n mediante boquillas de agua pulverizada. La torre de lavado est\u00e1 conectada a un conducto que comunica con las cubas.  \n\t\t\t<\/div>\n\t\t\t<div class=\"text-justify slide\">\n\t\t\t\t<img width=\"100%\" src=\"https:\/\/www.ondoan.com\/img\/2019\/02\/murrieta.png\" \/><br \/><br \/>\n\t\t\t\t<strong>Bodegas Marqu\u00e9s de Murrieta, Logro\u00f1o<\/strong><br \/>ONDOAN ha realizado la modificaci\u00f3n y ampliaci\u00f3n de las instalaciones de refrigeraci\u00f3n y calentamiento industrial de las Bodegas Marqu\u00e9s de Murrieta, tanto en lo que se refiere a la producci\u00f3n de agua fr\u00eda y caliente como a su distribuci\u00f3n hasta los puntos de utilizaci\u00f3n. Con estas nuevas instalaciones, se suministra agua a diferentes temperaturas que es empleada en los procesos de elaboraci\u00f3n del vino. Se ha realizado tambi\u00e9n la climatizaci\u00f3n, extracci\u00f3n y humectaci\u00f3n de las distintas dependencias del edificio nuevo, as\u00ed como de zonas modificadas del inmueble previamente existente.  \n\t\t\t<\/div>\n\t\t\t<div class=\"text-justify slide\">\n\t\t\t\t<img width=\"100%\" src=\"https:\/\/www.ondoan.com\/img\/2019\/02\/tamoin.png\" \/><br \/><br \/>\n\t\t\t\t<strong>Plantas de cogeneraci\u00f3n de Tamoin, M\u00e9xico<\/strong><br \/>ONDOAN ha llevado a cabo las redes de Protecci\u00f3n Contra Incendios de las dos plantas de cogeneraci\u00f3n que Tamoin ha construido para Iberdrola en las ciudades mexicanas de Altamira (Tamaulipas) y San Juan del R\u00edo (Quer\u00e9taro). Las nuevas redes de PCI han sido realizadas mediante anillo enterrado de PEHD, desde el que se ha dado alimentaci\u00f3n a los nuevos hidrantes, a las BIES y a los sistemas de extinci\u00f3n mediante diluvio: \u00e1rea de transformadores, \u00e1rea de torres y sala de la turbina de vapor. Tambi\u00e9n cuentan con sistemas de extinci\u00f3n los cojinetes, las chumaceras y la unidad hidr\u00e1ulica. \r\n\n\t\t\t<\/div>\n\t\t\t<div class=\"text-justify slide\">\n\t\t\t\t<img width=\"100%\" src=\"https:\/\/www.ondoan.com\/img\/2019\/02\/aernnova.jpg\" \/><br \/><br \/>\n\t\t\t\t<strong>Plantas de Aernnova en Illescas (Toledo) y Sevilla<\/strong><br \/>ONDOAN ha ejecutado las instalaciones electromec\u00e1nicas de la ampliaci\u00f3n de la actual Sala Limpia y del Almac\u00e9n General, as\u00ed como las de la reforma de la zona de Autoclaves, de la planta que Aernnova tiene en Illescas (Toledo). A su vez, dichos trabajos tambi\u00e9n se han llevado a cabo en la Sala Limpia de la planta de Aernnova ubicada en Sevilla. La climatizaci\u00f3n de ambas Salas Limpias ha requerido unas condiciones estables con control de temperatura, de humedad, del nivel de presurizaci\u00f3n y del n\u00famero de part\u00edculas en suspensi\u00f3n. \n\t\t\t<\/div>\n\t\t\t<div class=\"text-justify slide\">\n\t\t\t\t<img width=\"100%\" src=\"https:\/\/www.ondoan.com\/img\/2019\/02\/ulma.jpg\" \/><br \/><br \/>\n\t\t\t\t<strong>Planta de Termosellado de ULMA Packaging en O\u00f1ati, Gipuzkoa<\/strong><br \/>ONDOAN ha participado en la construcci\u00f3n de la nueva Planta de Termosellado de la cooperativa ULMA Packaging, dedicada al dise\u00f1o y fabricaci\u00f3n de m\u00e1quinas de envasado. Como parte de la UTE que ha ejecutado la obra, ONDOAN ha llevado a cabo las instalaciones de Alta y Baja Tensi\u00f3n, Especiales, Climatizaci\u00f3n, Protecci\u00f3n Contra Incendios y Aire Comprimido. La nueva nave, ubicada en el Pol\u00edgono Goribar de O\u00f1ati (Gipuzkoa), ha quedado dividida en dos plantas en las que coexisten la zona de producci\u00f3n y las oficinas.  \n\t\t\t<\/div>\n\t\t\t<div class=\"text-justify slide\">\n\t\t\t\t<img width=\"100%\" src=\"https:\/\/www.ondoan.com\/img\/2019\/02\/fpk.png\" \/><br \/><br \/>\n\t\t\t\t<strong>Nave de FPK en Zamudio, Bizkaia<\/strong><br \/>ONDOAN ha ejecutado el montaje de las Instalaciones Mec\u00e1nicas de la ampliaci\u00f3n de la nave que la empresa FPK tiene en la localidad vizca\u00edna de Zamudio. Los trabajos han consistido en la implementaci\u00f3n de los sistemas de Calefacci\u00f3n de la nave, de Extracci\u00f3n de Aire, de Aire Comprimido y de Protecci\u00f3n Contra Incendios (PCI). Para la calefacci\u00f3n se ha optado por un sistema de tubos radiantes. El sistema de PCI est\u00e1 constituido por una red de rociadores, bocas de incendio equipadas y exutorios en la zona de ampliaci\u00f3n, de 800 m2. Tambi\u00e9n se ha dotado de instalaci\u00f3n de rociadores a unos de los almacenes, de 500 m2.\n\t\t\t<\/div><\/div>\n<!-- AddThis Advanced Settings generic via filter on the_content --><!-- AddThis Share Buttons generic via filter on the_content -->","protected":false},"excerpt":{"rendered":"<!-- AddThis Advanced Settings generic via filter on get_the_excerpt --><!-- AddThis Share Buttons generic via filter on get_the_excerpt -->","protected":false},"author":3,"featured_media":435,"parent":749,"menu_order":14,"comment_status":"closed","ping_status":"closed","template":"","meta":{"_exactmetrics_skip_tracking":false,"_exactmetrics_sitenote_active":false,"_exactmetrics_sitenote_note":"","_exactmetrics_sitenote_category":0,"_monsterinsights_skip_tracking":false,"_monsterinsights_sitenote_active":false,"_monsterinsights_sitenote_note":"","_monsterinsights_sitenote_category":0,"_uf_show_specific_survey":0,"_uf_disable_surveys":false},"acf":[],"aioseo_notices":[],"yoast_head":"<!-- This site is optimized with the Yoast SEO plugin v18.9 - https:\/\/yoast.com\/wordpress\/plugins\/seo\/ -->\n<title>Industry - Ondoan<\/title>\n<meta name=\"description\" content=\"Industry. Engineering, Maintenance and Indoor Environmental Quality References.\" \/>\n<meta name=\"robots\" content=\"index, follow, max-snippet:-1, max-image-preview:large, max-video-preview:-1\" \/>\n<link rel=\"canonical\" href=\"https:\/\/www.ondoan.com\/en\/engineering-maintenance-and-indoor-environmental-quality\/industry\" \/>\n<meta property=\"og:locale\" content=\"en_US\" \/>\n<meta property=\"og:type\" content=\"article\" \/>\n<meta property=\"og:title\" content=\"Industry - Ondoan\" \/>\n<meta property=\"og:description\" content=\"Industry. Engineering, Maintenance and Indoor Environmental Quality References.\" \/>\n<meta property=\"og:url\" content=\"https:\/\/www.ondoan.com\/en\/engineering-maintenance-and-indoor-environmental-quality\/industry\" \/>\n<meta property=\"og:site_name\" content=\"Ondoan\" \/>\n<meta property=\"article:modified_time\" content=\"2016-07-22T08:47:43+00:00\" \/>\n<meta property=\"og:image\" content=\"https:\/\/www.ondoan.com\/img\/2015\/11\/Industrias1.jpg\" \/>\n\t<meta property=\"og:image:width\" content=\"1200\" \/>\n\t<meta property=\"og:image:height\" content=\"306\" \/>\n\t<meta property=\"og:image:type\" content=\"image\/jpeg\" \/>\n<meta name=\"twitter:card\" content=\"summary\" \/>\n<script type=\"application\/ld+json\" class=\"yoast-schema-graph\">{\"@context\":\"https:\/\/schema.org\",\"@graph\":[{\"@type\":\"WebSite\",\"@id\":\"https:\/\/www.ondoan.com\/#website\",\"url\":\"https:\/\/www.ondoan.com\/\",\"name\":\"Ondoan\",\"description\":\"Ingenier\u00eda, Instalaciones y Medioambiente\",\"potentialAction\":[{\"@type\":\"SearchAction\",\"target\":{\"@type\":\"EntryPoint\",\"urlTemplate\":\"https:\/\/www.ondoan.com\/?s={search_term_string}\"},\"query-input\":\"required name=search_term_string\"}],\"inLanguage\":\"en-US\"},{\"@type\":\"ImageObject\",\"inLanguage\":\"en-US\",\"@id\":\"https:\/\/www.ondoan.com\/en\/engineering-maintenance-and-indoor-environmental-quality\/industry#primaryimage\",\"url\":\"https:\/\/www.ondoan.com\/img\/2015\/11\/Industrias1.jpg\",\"contentUrl\":\"https:\/\/www.ondoan.com\/img\/2015\/11\/Industrias1.jpg\",\"width\":1200,\"height\":306},{\"@type\":\"WebPage\",\"@id\":\"https:\/\/www.ondoan.com\/en\/engineering-maintenance-and-indoor-environmental-quality\/industry#webpage\",\"url\":\"https:\/\/www.ondoan.com\/en\/engineering-maintenance-and-indoor-environmental-quality\/industry\",\"name\":\"Industry - Ondoan\",\"isPartOf\":{\"@id\":\"https:\/\/www.ondoan.com\/#website\"},\"primaryImageOfPage\":{\"@id\":\"https:\/\/www.ondoan.com\/en\/engineering-maintenance-and-indoor-environmental-quality\/industry#primaryimage\"},\"datePublished\":\"2016-07-10T10:36:28+00:00\",\"dateModified\":\"2016-07-22T08:47:43+00:00\",\"description\":\"Industry. Engineering, Maintenance and Indoor Environmental Quality References.\",\"breadcrumb\":{\"@id\":\"https:\/\/www.ondoan.com\/en\/engineering-maintenance-and-indoor-environmental-quality\/industry#breadcrumb\"},\"inLanguage\":\"en-US\",\"potentialAction\":[{\"@type\":\"ReadAction\",\"target\":[\"https:\/\/www.ondoan.com\/en\/engineering-maintenance-and-indoor-environmental-quality\/industry\"]}]},{\"@type\":\"BreadcrumbList\",\"@id\":\"https:\/\/www.ondoan.com\/en\/engineering-maintenance-and-indoor-environmental-quality\/industry#breadcrumb\",\"itemListElement\":[{\"@type\":\"ListItem\",\"position\":1,\"name\":\"Portada\",\"item\":\"https:\/\/www.ondoan.com\/\"},{\"@type\":\"ListItem\",\"position\":2,\"name\":\"Engineering, Maintenance and Indoor Environmental Quality References\",\"item\":\"https:\/\/www.ondoan.com\/en\/engineering-maintenance-and-indoor-environmental-quality\"},{\"@type\":\"ListItem\",\"position\":3,\"name\":\"Industry\"}]}]}<\/script>\n<!-- \/ Yoast SEO plugin. -->","yoast_head_json":{"title":"Industry - Ondoan","description":"Industry. Engineering, Maintenance and Indoor Environmental Quality References.","robots":{"index":"index","follow":"follow","max-snippet":"max-snippet:-1","max-image-preview":"max-image-preview:large","max-video-preview":"max-video-preview:-1"},"canonical":"https:\/\/www.ondoan.com\/en\/engineering-maintenance-and-indoor-environmental-quality\/industry","og_locale":"en_US","og_type":"article","og_title":"Industry - Ondoan","og_description":"Industry. Engineering, Maintenance and Indoor Environmental Quality References.","og_url":"https:\/\/www.ondoan.com\/en\/engineering-maintenance-and-indoor-environmental-quality\/industry","og_site_name":"Ondoan","article_modified_time":"2016-07-22T08:47:43+00:00","og_image":[{"width":1200,"height":306,"url":"https:\/\/www.ondoan.com\/img\/2015\/11\/Industrias1.jpg","type":"image\/jpeg"}],"twitter_card":"summary","schema":{"@context":"https:\/\/schema.org","@graph":[{"@type":"WebSite","@id":"https:\/\/www.ondoan.com\/#website","url":"https:\/\/www.ondoan.com\/","name":"Ondoan","description":"Ingenier\u00eda, Instalaciones y Medioambiente","potentialAction":[{"@type":"SearchAction","target":{"@type":"EntryPoint","urlTemplate":"https:\/\/www.ondoan.com\/?s={search_term_string}"},"query-input":"required name=search_term_string"}],"inLanguage":"en-US"},{"@type":"ImageObject","inLanguage":"en-US","@id":"https:\/\/www.ondoan.com\/en\/engineering-maintenance-and-indoor-environmental-quality\/industry#primaryimage","url":"https:\/\/www.ondoan.com\/img\/2015\/11\/Industrias1.jpg","contentUrl":"https:\/\/www.ondoan.com\/img\/2015\/11\/Industrias1.jpg","width":1200,"height":306},{"@type":"WebPage","@id":"https:\/\/www.ondoan.com\/en\/engineering-maintenance-and-indoor-environmental-quality\/industry#webpage","url":"https:\/\/www.ondoan.com\/en\/engineering-maintenance-and-indoor-environmental-quality\/industry","name":"Industry - Ondoan","isPartOf":{"@id":"https:\/\/www.ondoan.com\/#website"},"primaryImageOfPage":{"@id":"https:\/\/www.ondoan.com\/en\/engineering-maintenance-and-indoor-environmental-quality\/industry#primaryimage"},"datePublished":"2016-07-10T10:36:28+00:00","dateModified":"2016-07-22T08:47:43+00:00","description":"Industry. Engineering, Maintenance and Indoor Environmental Quality References.","breadcrumb":{"@id":"https:\/\/www.ondoan.com\/en\/engineering-maintenance-and-indoor-environmental-quality\/industry#breadcrumb"},"inLanguage":"en-US","potentialAction":[{"@type":"ReadAction","target":["https:\/\/www.ondoan.com\/en\/engineering-maintenance-and-indoor-environmental-quality\/industry"]}]},{"@type":"BreadcrumbList","@id":"https:\/\/www.ondoan.com\/en\/engineering-maintenance-and-indoor-environmental-quality\/industry#breadcrumb","itemListElement":[{"@type":"ListItem","position":1,"name":"Portada","item":"https:\/\/www.ondoan.com\/"},{"@type":"ListItem","position":2,"name":"Engineering, Maintenance and Indoor Environmental Quality References","item":"https:\/\/www.ondoan.com\/en\/engineering-maintenance-and-indoor-environmental-quality"},{"@type":"ListItem","position":3,"name":"Industry"}]}]}},"_links":{"self":[{"href":"https:\/\/www.ondoan.com\/en\/wp-json\/wp\/v2\/pages\/774"}],"collection":[{"href":"https:\/\/www.ondoan.com\/en\/wp-json\/wp\/v2\/pages"}],"about":[{"href":"https:\/\/www.ondoan.com\/en\/wp-json\/wp\/v2\/types\/page"}],"author":[{"embeddable":true,"href":"https:\/\/www.ondoan.com\/en\/wp-json\/wp\/v2\/users\/3"}],"replies":[{"embeddable":true,"href":"https:\/\/www.ondoan.com\/en\/wp-json\/wp\/v2\/comments?post=774"}],"version-history":[{"count":0,"href":"https:\/\/www.ondoan.com\/en\/wp-json\/wp\/v2\/pages\/774\/revisions"}],"up":[{"embeddable":true,"href":"https:\/\/www.ondoan.com\/en\/wp-json\/wp\/v2\/pages\/749"}],"wp:featuredmedia":[{"embeddable":true,"href":"https:\/\/www.ondoan.com\/en\/wp-json\/wp\/v2\/media\/435"}],"wp:attachment":[{"href":"https:\/\/www.ondoan.com\/en\/wp-json\/wp\/v2\/media?parent=774"}],"curies":[{"name":"wp","href":"https:\/\/api.w.org\/{rel}","templated":true}]}}