{"id":775,"date":"2016-07-10T12:48:20","date_gmt":"2016-07-10T10:48:20","guid":{"rendered":"https:\/\/www.ondoan.com\/en\/?page_id=775"},"modified":"2016-07-22T11:38:04","modified_gmt":"2016-07-22T09:38:04","slug":"sports-facilities","status":"publish","type":"page","link":"https:\/\/www.ondoan.com\/en\/engineering-maintenance-and-indoor-environmental-quality\/sports-facilities","title":{"rendered":"Sports Facilities"},"content":{"rendered":"\n\t\t<div  class = \"cycle-slideshow\" \n\t\t\t\t\tdata-cycle-fx       = \"fade\" \n\t\t\t\t\tdata-cycle-swipe    = \"true\"\n\t\t\t\t\tdata-cycle-swipe-fx = \"scrollHorz\"\n\t\t\t\t\tdata-cycle-timeout  = \"8000\" \n\t\t\t\t\tdata-cycle-log      = \"false\" \n\t\t\t\t\tdata-cycle-pause-on-hover = \"true\" \n\t\t\t\t\tdata-cycle-pager          = \"#pager\" \n\t\t\t\t\tdata-cycle-pager-template = \"<a href='#'><\/a>\" \n\t\t\t\t\tdata-cycle-auto-height = \"calc\" \n\t\t\t\t\tdata-cycle-slides \t  = \".slide\">\n\n\t\t\t\t\t<div id=\"pager\"><\/div>\n\t\t\t<div class=\"text-justify slide first-slide\">\n\t\t\t\t<img width=\"100%\" src=\"https:\/\/www.ondoan.com\/img\/2015\/11\/2frontonbizkaia.jpg\" \/><br \/><br \/>\n\t\t\t\t<strong>Front\u00f3n Bizkaia, Bilbao<\/strong><br \/>El edificio que acoge el Front\u00f3n Bizkaia es un gran volumen compacto, sobrio y rotundo que le otorga la solemnidad propia del centro de la Pelota Vasca. ONDOAN ha formado parte de la UTE que ha realizado las Instalaciones de Climatizaci\u00f3n, Agua Caliente Sanitaria, Gas Natural, Ventilaci\u00f3n de Parking, Sobrepresi\u00f3n de Escalera, Sistema de Gesti\u00f3n Centralizada y Sistema de Trigeneraci\u00f3n (90 kW t\u00e9rmicos y 50 kW el\u00e9ctricos).\n\n\t\t\t<\/div>\n\t\t\t<div class=\"text-justify slide\">\n\t\t\t\t<img width=\"100%\" src=\"https:\/\/www.ondoan.com\/img\/2015\/11\/san-mames.jpg\" \/><br \/><br \/>\n\t\t\t\t<strong>Estadio San Mam\u00e9s, Bilbao<\/strong><br \/>ONDOAN, formando parte de una UTE junto a AUDITEL, ha realizado el Proyecto de Suministro, la Instalaci\u00f3n, Programaci\u00f3n, Conducci\u00f3n y Mantenimiento de los Videomarcadores del nuevo estadio del Athletic Club de Bilbao. Por otra parte, tambi\u00e9n ha instalado los Sistemas de Protecci\u00f3n contra Incendios. El estadio, con una capacidad de 53.200 localidades, se inaugur\u00f3 en septiembre de 2013.\n\t\t\t<\/div>\n\t\t\t<div class=\"text-justify slide\">\n\t\t\t\t<img width=\"100%\" src=\"https:\/\/www.ondoan.com\/img\/2015\/11\/usabal.png\" \/><br \/><br \/>\n\t\t\t\t<strong>Polideportivo Usabal, Gipuzkoa<\/strong><br \/>ONDOAN ha ejecutado la Instalaci\u00f3n de Climatizaci\u00f3n del polideportivo Usabal, adecuando los subsistemas a cada zona, ya que la instalaci\u00f3n mantiene un esquema funcional en el que se separan las actividades que se realizan en zonas h\u00famedas de las que se realizan en zonas secas. Se han instalado bombas de calor para las piscinas. Se dispone tambi\u00e9n de cogeneraci\u00f3n y de paneles solares.\n\t\t\t<\/div><\/div>\n<!-- AddThis Advanced Settings generic via filter on the_content --><!-- AddThis Share Buttons generic via filter on the_content -->","protected":false},"excerpt":{"rendered":"<!-- AddThis Advanced Settings generic via filter on get_the_excerpt --><!-- AddThis Share Buttons generic via filter on get_the_excerpt -->","protected":false},"author":3,"featured_media":436,"parent":749,"menu_order":14,"comment_status":"closed","ping_status":"closed","template":"","meta":{"_exactmetrics_skip_tracking":false,"_exactmetrics_sitenote_active":false,"_exactmetrics_sitenote_note":"","_exactmetrics_sitenote_category":0,"_monsterinsights_skip_tracking":false,"_monsterinsights_sitenote_active":false,"_monsterinsights_sitenote_note":"","_monsterinsights_sitenote_category":0,"_uf_show_specific_survey":0,"_uf_disable_surveys":false},"acf":[],"aioseo_notices":[],"yoast_head":"<!-- This site is optimized with the Yoast SEO plugin v18.9 - https:\/\/yoast.com\/wordpress\/plugins\/seo\/ -->\n<title>Sports Facilities - Ondoan<\/title>\n<meta name=\"description\" content=\"Sports Facilities. Engineering, Maintenance and Indoor Environmental Quality References.\" \/>\n<meta name=\"robots\" content=\"index, follow, max-snippet:-1, max-image-preview:large, max-video-preview:-1\" \/>\n<link rel=\"canonical\" href=\"https:\/\/www.ondoan.com\/en\/engineering-maintenance-and-indoor-environmental-quality\/sports-facilities\" \/>\n<meta property=\"og:locale\" content=\"en_US\" \/>\n<meta property=\"og:type\" content=\"article\" \/>\n<meta property=\"og:title\" content=\"Sports Facilities - Ondoan\" \/>\n<meta property=\"og:description\" content=\"Sports Facilities. Engineering, Maintenance and Indoor Environmental Quality References.\" \/>\n<meta property=\"og:url\" content=\"https:\/\/www.ondoan.com\/en\/engineering-maintenance-and-indoor-environmental-quality\/sports-facilities\" \/>\n<meta property=\"og:site_name\" content=\"Ondoan\" \/>\n<meta property=\"article:modified_time\" content=\"2016-07-22T09:38:04+00:00\" \/>\n<meta property=\"og:image\" content=\"https:\/\/www.ondoan.com\/img\/2015\/11\/Instalaciones-deportivas.jpg\" \/>\n\t<meta property=\"og:image:width\" content=\"1200\" \/>\n\t<meta property=\"og:image:height\" content=\"301\" \/>\n\t<meta property=\"og:image:type\" content=\"image\/jpeg\" \/>\n<meta name=\"twitter:card\" content=\"summary\" \/>\n<script type=\"application\/ld+json\" class=\"yoast-schema-graph\">{\"@context\":\"https:\/\/schema.org\",\"@graph\":[{\"@type\":\"WebSite\",\"@id\":\"https:\/\/www.ondoan.com\/#website\",\"url\":\"https:\/\/www.ondoan.com\/\",\"name\":\"Ondoan\",\"description\":\"Ingenier\u00eda, Instalaciones y Medioambiente\",\"potentialAction\":[{\"@type\":\"SearchAction\",\"target\":{\"@type\":\"EntryPoint\",\"urlTemplate\":\"https:\/\/www.ondoan.com\/?s={search_term_string}\"},\"query-input\":\"required name=search_term_string\"}],\"inLanguage\":\"en-US\"},{\"@type\":\"ImageObject\",\"inLanguage\":\"en-US\",\"@id\":\"https:\/\/www.ondoan.com\/en\/engineering-maintenance-and-indoor-environmental-quality\/sports-facilities#primaryimage\",\"url\":\"https:\/\/www.ondoan.com\/img\/2015\/11\/Instalaciones-deportivas.jpg\",\"contentUrl\":\"https:\/\/www.ondoan.com\/img\/2015\/11\/Instalaciones-deportivas.jpg\",\"width\":1200,\"height\":301},{\"@type\":\"WebPage\",\"@id\":\"https:\/\/www.ondoan.com\/en\/engineering-maintenance-and-indoor-environmental-quality\/sports-facilities#webpage\",\"url\":\"https:\/\/www.ondoan.com\/en\/engineering-maintenance-and-indoor-environmental-quality\/sports-facilities\",\"name\":\"Sports Facilities - Ondoan\",\"isPartOf\":{\"@id\":\"https:\/\/www.ondoan.com\/#website\"},\"primaryImageOfPage\":{\"@id\":\"https:\/\/www.ondoan.com\/en\/engineering-maintenance-and-indoor-environmental-quality\/sports-facilities#primaryimage\"},\"datePublished\":\"2016-07-10T10:48:20+00:00\",\"dateModified\":\"2016-07-22T09:38:04+00:00\",\"description\":\"Sports Facilities. Engineering, Maintenance and Indoor Environmental Quality References.\",\"breadcrumb\":{\"@id\":\"https:\/\/www.ondoan.com\/en\/engineering-maintenance-and-indoor-environmental-quality\/sports-facilities#breadcrumb\"},\"inLanguage\":\"en-US\",\"potentialAction\":[{\"@type\":\"ReadAction\",\"target\":[\"https:\/\/www.ondoan.com\/en\/engineering-maintenance-and-indoor-environmental-quality\/sports-facilities\"]}]},{\"@type\":\"BreadcrumbList\",\"@id\":\"https:\/\/www.ondoan.com\/en\/engineering-maintenance-and-indoor-environmental-quality\/sports-facilities#breadcrumb\",\"itemListElement\":[{\"@type\":\"ListItem\",\"position\":1,\"name\":\"Portada\",\"item\":\"https:\/\/www.ondoan.com\/\"},{\"@type\":\"ListItem\",\"position\":2,\"name\":\"Engineering, Maintenance and Indoor Environmental Quality References\",\"item\":\"https:\/\/www.ondoan.com\/en\/engineering-maintenance-and-indoor-environmental-quality\"},{\"@type\":\"ListItem\",\"position\":3,\"name\":\"Sports Facilities\"}]}]}<\/script>\n<!-- \/ Yoast SEO plugin. -->","yoast_head_json":{"title":"Sports Facilities - Ondoan","description":"Sports Facilities. Engineering, Maintenance and Indoor Environmental Quality References.","robots":{"index":"index","follow":"follow","max-snippet":"max-snippet:-1","max-image-preview":"max-image-preview:large","max-video-preview":"max-video-preview:-1"},"canonical":"https:\/\/www.ondoan.com\/en\/engineering-maintenance-and-indoor-environmental-quality\/sports-facilities","og_locale":"en_US","og_type":"article","og_title":"Sports Facilities - Ondoan","og_description":"Sports Facilities. Engineering, Maintenance and Indoor Environmental Quality References.","og_url":"https:\/\/www.ondoan.com\/en\/engineering-maintenance-and-indoor-environmental-quality\/sports-facilities","og_site_name":"Ondoan","article_modified_time":"2016-07-22T09:38:04+00:00","og_image":[{"width":1200,"height":301,"url":"https:\/\/www.ondoan.com\/img\/2015\/11\/Instalaciones-deportivas.jpg","type":"image\/jpeg"}],"twitter_card":"summary","schema":{"@context":"https:\/\/schema.org","@graph":[{"@type":"WebSite","@id":"https:\/\/www.ondoan.com\/#website","url":"https:\/\/www.ondoan.com\/","name":"Ondoan","description":"Ingenier\u00eda, Instalaciones y Medioambiente","potentialAction":[{"@type":"SearchAction","target":{"@type":"EntryPoint","urlTemplate":"https:\/\/www.ondoan.com\/?s={search_term_string}"},"query-input":"required name=search_term_string"}],"inLanguage":"en-US"},{"@type":"ImageObject","inLanguage":"en-US","@id":"https:\/\/www.ondoan.com\/en\/engineering-maintenance-and-indoor-environmental-quality\/sports-facilities#primaryimage","url":"https:\/\/www.ondoan.com\/img\/2015\/11\/Instalaciones-deportivas.jpg","contentUrl":"https:\/\/www.ondoan.com\/img\/2015\/11\/Instalaciones-deportivas.jpg","width":1200,"height":301},{"@type":"WebPage","@id":"https:\/\/www.ondoan.com\/en\/engineering-maintenance-and-indoor-environmental-quality\/sports-facilities#webpage","url":"https:\/\/www.ondoan.com\/en\/engineering-maintenance-and-indoor-environmental-quality\/sports-facilities","name":"Sports Facilities - Ondoan","isPartOf":{"@id":"https:\/\/www.ondoan.com\/#website"},"primaryImageOfPage":{"@id":"https:\/\/www.ondoan.com\/en\/engineering-maintenance-and-indoor-environmental-quality\/sports-facilities#primaryimage"},"datePublished":"2016-07-10T10:48:20+00:00","dateModified":"2016-07-22T09:38:04+00:00","description":"Sports Facilities. Engineering, Maintenance and Indoor Environmental Quality References.","breadcrumb":{"@id":"https:\/\/www.ondoan.com\/en\/engineering-maintenance-and-indoor-environmental-quality\/sports-facilities#breadcrumb"},"inLanguage":"en-US","potentialAction":[{"@type":"ReadAction","target":["https:\/\/www.ondoan.com\/en\/engineering-maintenance-and-indoor-environmental-quality\/sports-facilities"]}]},{"@type":"BreadcrumbList","@id":"https:\/\/www.ondoan.com\/en\/engineering-maintenance-and-indoor-environmental-quality\/sports-facilities#breadcrumb","itemListElement":[{"@type":"ListItem","position":1,"name":"Portada","item":"https:\/\/www.ondoan.com\/"},{"@type":"ListItem","position":2,"name":"Engineering, Maintenance and Indoor Environmental Quality References","item":"https:\/\/www.ondoan.com\/en\/engineering-maintenance-and-indoor-environmental-quality"},{"@type":"ListItem","position":3,"name":"Sports Facilities"}]}]}},"_links":{"self":[{"href":"https:\/\/www.ondoan.com\/en\/wp-json\/wp\/v2\/pages\/775"}],"collection":[{"href":"https:\/\/www.ondoan.com\/en\/wp-json\/wp\/v2\/pages"}],"about":[{"href":"https:\/\/www.ondoan.com\/en\/wp-json\/wp\/v2\/types\/page"}],"author":[{"embeddable":true,"href":"https:\/\/www.ondoan.com\/en\/wp-json\/wp\/v2\/users\/3"}],"replies":[{"embeddable":true,"href":"https:\/\/www.ondoan.com\/en\/wp-json\/wp\/v2\/comments?post=775"}],"version-history":[{"count":0,"href":"https:\/\/www.ondoan.com\/en\/wp-json\/wp\/v2\/pages\/775\/revisions"}],"up":[{"embeddable":true,"href":"https:\/\/www.ondoan.com\/en\/wp-json\/wp\/v2\/pages\/749"}],"wp:featuredmedia":[{"embeddable":true,"href":"https:\/\/www.ondoan.com\/en\/wp-json\/wp\/v2\/media\/436"}],"wp:attachment":[{"href":"https:\/\/www.ondoan.com\/en\/wp-json\/wp\/v2\/media?parent=775"}],"curies":[{"name":"wp","href":"https:\/\/api.w.org\/{rel}","templated":true}]}}