{"id":777,"date":"2016-07-10T13:08:25","date_gmt":"2016-07-10T11:08:25","guid":{"rendered":"https:\/\/www.ondoan.com\/en\/?page_id=777"},"modified":"2016-07-22T12:20:53","modified_gmt":"2016-07-22T10:20:53","slug":"conference-halls-auditoriums-and-theatres","status":"publish","type":"page","link":"https:\/\/www.ondoan.com\/en\/engineering-maintenance-and-indoor-environmental-quality\/conference-halls-auditoriums-and-theatres","title":{"rendered":"Conference Halls, Auditoriums and Theatres"},"content":{"rendered":"\n\t\t<div  class = \"cycle-slideshow\" \n\t\t\t\t\tdata-cycle-fx       = \"fade\" \n\t\t\t\t\tdata-cycle-swipe    = \"true\"\n\t\t\t\t\tdata-cycle-swipe-fx = \"scrollHorz\"\n\t\t\t\t\tdata-cycle-timeout  = \"8000\" \n\t\t\t\t\tdata-cycle-log      = \"false\" \n\t\t\t\t\tdata-cycle-pause-on-hover = \"true\" \n\t\t\t\t\tdata-cycle-pager          = \"#pager\" \n\t\t\t\t\tdata-cycle-pager-template = \"<a href='#'><\/a>\" \n\t\t\t\t\tdata-cycle-auto-height = \"calc\" \n\t\t\t\t\tdata-cycle-slides \t  = \".slide\">\n\n\t\t\t\t\t<div id=\"pager\"><\/div>\n\t\t\t<div class=\"text-justify slide first-slide\">\n\t\t\t\t<img width=\"100%\" src=\"https:\/\/www.ondoan.com\/img\/2015\/11\/2ampliacioneuskalduna.jpg\" \/><br \/><br \/>\n\t\t\t\t<strong>Palacio Euskalduna, Bilbao<\/strong><br \/>El Palacio Euskalduna, en la r\u00eda de Bilbao, constituye un gran complejo multifuncional de 53.000 m2 recubierto de planchas met\u00e1licas oxidadas que rinden homenaje a los legendarios Astilleros Euskalduna. ONDOAN ha realizado las Instalaciones de Climatizaci\u00f3n, Protecci\u00f3n contra Incendios y Control y Gesti\u00f3n Centralizados. Tambi\u00e9n ha ejecutado las instalaciones de la ampliaci\u00f3n del edificio (2012) con un nuevo espacio de 2.200 m2. Asimismo, se encarga del mantenimiento integral del Palacio. Mantenimiento de las Instalaciones Climatizaci\u00f3n y PCI, adem\u00e1s de Mantenimiento de la Calidad Ambiental Interior y de Tratamiento Contra la Legionella.\n\t\t\t<\/div>\n\t\t\t<div class=\"text-justify slide\">\n\t\t\t\t<img width=\"100%\" src=\"https:\/\/www.ondoan.com\/img\/2015\/11\/2camposeliseos.jpg\" \/><br \/><br \/>\n\t\t\t\t<strong>Teatro Campos El\u00edseos, Bilbao<\/strong><br \/>Declarado Monumento de Inter\u00e9s Cultural, el Teatro Campos El\u00edseos forma parte inseparable de Bilbao desde 1902. Tras un periplo centenario de renovaciones, en marzo de 2010 tuvo lugar su reinauguraci\u00f3n. ONDOAN, integrada en una UTE, ha participado en la ejecuci\u00f3n de la Instalaci\u00f3n de Climatizaci\u00f3n. \n\t\t\t<\/div><\/div>\n<!-- AddThis Advanced Settings generic via filter on the_content --><!-- AddThis Share Buttons generic via filter on the_content -->","protected":false},"excerpt":{"rendered":"<!-- AddThis Advanced Settings generic via filter on get_the_excerpt --><!-- AddThis Share Buttons generic via filter on get_the_excerpt -->","protected":false},"author":3,"featured_media":485,"parent":749,"menu_order":14,"comment_status":"closed","ping_status":"closed","template":"","meta":{"_exactmetrics_skip_tracking":false,"_exactmetrics_sitenote_active":false,"_exactmetrics_sitenote_note":"","_exactmetrics_sitenote_category":0,"_monsterinsights_skip_tracking":false,"_monsterinsights_sitenote_active":false,"_monsterinsights_sitenote_note":"","_monsterinsights_sitenote_category":0,"_uf_show_specific_survey":0,"_uf_disable_surveys":false},"acf":[],"aioseo_notices":[],"yoast_head":"<!-- This site is optimized with the Yoast SEO plugin v18.9 - https:\/\/yoast.com\/wordpress\/plugins\/seo\/ -->\n<title>Conference Halls, Auditoriums and Theatres - Ondoan<\/title>\n<meta name=\"description\" content=\"Conference halls, Auditoriums and Theatres. Engineering, Maintenance and Indoor Environmental Quality References.\" \/>\n<meta name=\"robots\" content=\"index, follow, max-snippet:-1, max-image-preview:large, max-video-preview:-1\" \/>\n<link rel=\"canonical\" href=\"https:\/\/www.ondoan.com\/en\/engineering-maintenance-and-indoor-environmental-quality\/conference-halls-auditoriums-and-theatres\" \/>\n<meta property=\"og:locale\" content=\"en_US\" \/>\n<meta property=\"og:type\" content=\"article\" \/>\n<meta property=\"og:title\" content=\"Conference Halls, Auditoriums and Theatres - Ondoan\" \/>\n<meta property=\"og:description\" content=\"Conference halls, Auditoriums and Theatres. Engineering, Maintenance and Indoor Environmental Quality References.\" \/>\n<meta property=\"og:url\" content=\"https:\/\/www.ondoan.com\/en\/engineering-maintenance-and-indoor-environmental-quality\/conference-halls-auditoriums-and-theatres\" \/>\n<meta property=\"og:site_name\" content=\"Ondoan\" \/>\n<meta property=\"article:modified_time\" content=\"2016-07-22T10:20:53+00:00\" \/>\n<meta property=\"og:image\" content=\"https:\/\/www.ondoan.com\/img\/2015\/11\/palacio-congresos-cabecera.jpg\" \/>\n\t<meta property=\"og:image:width\" content=\"1200\" \/>\n\t<meta property=\"og:image:height\" content=\"304\" \/>\n\t<meta property=\"og:image:type\" content=\"image\/jpeg\" \/>\n<meta name=\"twitter:card\" content=\"summary\" \/>\n<script type=\"application\/ld+json\" class=\"yoast-schema-graph\">{\"@context\":\"https:\/\/schema.org\",\"@graph\":[{\"@type\":\"WebSite\",\"@id\":\"https:\/\/www.ondoan.com\/#website\",\"url\":\"https:\/\/www.ondoan.com\/\",\"name\":\"Ondoan\",\"description\":\"Ingenier\u00eda, Instalaciones y Medioambiente\",\"potentialAction\":[{\"@type\":\"SearchAction\",\"target\":{\"@type\":\"EntryPoint\",\"urlTemplate\":\"https:\/\/www.ondoan.com\/?s={search_term_string}\"},\"query-input\":\"required name=search_term_string\"}],\"inLanguage\":\"en-US\"},{\"@type\":\"ImageObject\",\"inLanguage\":\"en-US\",\"@id\":\"https:\/\/www.ondoan.com\/en\/engineering-maintenance-and-indoor-environmental-quality\/conference-halls-auditoriums-and-theatres#primaryimage\",\"url\":\"https:\/\/www.ondoan.com\/img\/2015\/11\/palacio-congresos-cabecera.jpg\",\"contentUrl\":\"https:\/\/www.ondoan.com\/img\/2015\/11\/palacio-congresos-cabecera.jpg\",\"width\":1200,\"height\":304},{\"@type\":\"WebPage\",\"@id\":\"https:\/\/www.ondoan.com\/en\/engineering-maintenance-and-indoor-environmental-quality\/conference-halls-auditoriums-and-theatres#webpage\",\"url\":\"https:\/\/www.ondoan.com\/en\/engineering-maintenance-and-indoor-environmental-quality\/conference-halls-auditoriums-and-theatres\",\"name\":\"Conference Halls, Auditoriums and Theatres - Ondoan\",\"isPartOf\":{\"@id\":\"https:\/\/www.ondoan.com\/#website\"},\"primaryImageOfPage\":{\"@id\":\"https:\/\/www.ondoan.com\/en\/engineering-maintenance-and-indoor-environmental-quality\/conference-halls-auditoriums-and-theatres#primaryimage\"},\"datePublished\":\"2016-07-10T11:08:25+00:00\",\"dateModified\":\"2016-07-22T10:20:53+00:00\",\"description\":\"Conference halls, Auditoriums and Theatres. Engineering, Maintenance and Indoor Environmental Quality References.\",\"breadcrumb\":{\"@id\":\"https:\/\/www.ondoan.com\/en\/engineering-maintenance-and-indoor-environmental-quality\/conference-halls-auditoriums-and-theatres#breadcrumb\"},\"inLanguage\":\"en-US\",\"potentialAction\":[{\"@type\":\"ReadAction\",\"target\":[\"https:\/\/www.ondoan.com\/en\/engineering-maintenance-and-indoor-environmental-quality\/conference-halls-auditoriums-and-theatres\"]}]},{\"@type\":\"BreadcrumbList\",\"@id\":\"https:\/\/www.ondoan.com\/en\/engineering-maintenance-and-indoor-environmental-quality\/conference-halls-auditoriums-and-theatres#breadcrumb\",\"itemListElement\":[{\"@type\":\"ListItem\",\"position\":1,\"name\":\"Portada\",\"item\":\"https:\/\/www.ondoan.com\/\"},{\"@type\":\"ListItem\",\"position\":2,\"name\":\"Engineering, Maintenance and Indoor Environmental Quality References\",\"item\":\"https:\/\/www.ondoan.com\/en\/engineering-maintenance-and-indoor-environmental-quality\"},{\"@type\":\"ListItem\",\"position\":3,\"name\":\"Conference Halls, Auditoriums and Theatres\"}]}]}<\/script>\n<!-- \/ Yoast SEO plugin. -->","yoast_head_json":{"title":"Conference Halls, Auditoriums and Theatres - Ondoan","description":"Conference halls, Auditoriums and Theatres. Engineering, Maintenance and Indoor Environmental Quality References.","robots":{"index":"index","follow":"follow","max-snippet":"max-snippet:-1","max-image-preview":"max-image-preview:large","max-video-preview":"max-video-preview:-1"},"canonical":"https:\/\/www.ondoan.com\/en\/engineering-maintenance-and-indoor-environmental-quality\/conference-halls-auditoriums-and-theatres","og_locale":"en_US","og_type":"article","og_title":"Conference Halls, Auditoriums and Theatres - Ondoan","og_description":"Conference halls, Auditoriums and Theatres. Engineering, Maintenance and Indoor Environmental Quality References.","og_url":"https:\/\/www.ondoan.com\/en\/engineering-maintenance-and-indoor-environmental-quality\/conference-halls-auditoriums-and-theatres","og_site_name":"Ondoan","article_modified_time":"2016-07-22T10:20:53+00:00","og_image":[{"width":1200,"height":304,"url":"https:\/\/www.ondoan.com\/img\/2015\/11\/palacio-congresos-cabecera.jpg","type":"image\/jpeg"}],"twitter_card":"summary","schema":{"@context":"https:\/\/schema.org","@graph":[{"@type":"WebSite","@id":"https:\/\/www.ondoan.com\/#website","url":"https:\/\/www.ondoan.com\/","name":"Ondoan","description":"Ingenier\u00eda, Instalaciones y Medioambiente","potentialAction":[{"@type":"SearchAction","target":{"@type":"EntryPoint","urlTemplate":"https:\/\/www.ondoan.com\/?s={search_term_string}"},"query-input":"required name=search_term_string"}],"inLanguage":"en-US"},{"@type":"ImageObject","inLanguage":"en-US","@id":"https:\/\/www.ondoan.com\/en\/engineering-maintenance-and-indoor-environmental-quality\/conference-halls-auditoriums-and-theatres#primaryimage","url":"https:\/\/www.ondoan.com\/img\/2015\/11\/palacio-congresos-cabecera.jpg","contentUrl":"https:\/\/www.ondoan.com\/img\/2015\/11\/palacio-congresos-cabecera.jpg","width":1200,"height":304},{"@type":"WebPage","@id":"https:\/\/www.ondoan.com\/en\/engineering-maintenance-and-indoor-environmental-quality\/conference-halls-auditoriums-and-theatres#webpage","url":"https:\/\/www.ondoan.com\/en\/engineering-maintenance-and-indoor-environmental-quality\/conference-halls-auditoriums-and-theatres","name":"Conference Halls, Auditoriums and Theatres - Ondoan","isPartOf":{"@id":"https:\/\/www.ondoan.com\/#website"},"primaryImageOfPage":{"@id":"https:\/\/www.ondoan.com\/en\/engineering-maintenance-and-indoor-environmental-quality\/conference-halls-auditoriums-and-theatres#primaryimage"},"datePublished":"2016-07-10T11:08:25+00:00","dateModified":"2016-07-22T10:20:53+00:00","description":"Conference halls, Auditoriums and Theatres. Engineering, Maintenance and Indoor Environmental Quality References.","breadcrumb":{"@id":"https:\/\/www.ondoan.com\/en\/engineering-maintenance-and-indoor-environmental-quality\/conference-halls-auditoriums-and-theatres#breadcrumb"},"inLanguage":"en-US","potentialAction":[{"@type":"ReadAction","target":["https:\/\/www.ondoan.com\/en\/engineering-maintenance-and-indoor-environmental-quality\/conference-halls-auditoriums-and-theatres"]}]},{"@type":"BreadcrumbList","@id":"https:\/\/www.ondoan.com\/en\/engineering-maintenance-and-indoor-environmental-quality\/conference-halls-auditoriums-and-theatres#breadcrumb","itemListElement":[{"@type":"ListItem","position":1,"name":"Portada","item":"https:\/\/www.ondoan.com\/"},{"@type":"ListItem","position":2,"name":"Engineering, Maintenance and Indoor Environmental Quality References","item":"https:\/\/www.ondoan.com\/en\/engineering-maintenance-and-indoor-environmental-quality"},{"@type":"ListItem","position":3,"name":"Conference Halls, Auditoriums and Theatres"}]}]}},"_links":{"self":[{"href":"https:\/\/www.ondoan.com\/en\/wp-json\/wp\/v2\/pages\/777"}],"collection":[{"href":"https:\/\/www.ondoan.com\/en\/wp-json\/wp\/v2\/pages"}],"about":[{"href":"https:\/\/www.ondoan.com\/en\/wp-json\/wp\/v2\/types\/page"}],"author":[{"embeddable":true,"href":"https:\/\/www.ondoan.com\/en\/wp-json\/wp\/v2\/users\/3"}],"replies":[{"embeddable":true,"href":"https:\/\/www.ondoan.com\/en\/wp-json\/wp\/v2\/comments?post=777"}],"version-history":[{"count":0,"href":"https:\/\/www.ondoan.com\/en\/wp-json\/wp\/v2\/pages\/777\/revisions"}],"up":[{"embeddable":true,"href":"https:\/\/www.ondoan.com\/en\/wp-json\/wp\/v2\/pages\/749"}],"wp:featuredmedia":[{"embeddable":true,"href":"https:\/\/www.ondoan.com\/en\/wp-json\/wp\/v2\/media\/485"}],"wp:attachment":[{"href":"https:\/\/www.ondoan.com\/en\/wp-json\/wp\/v2\/media?parent=777"}],"curies":[{"name":"wp","href":"https:\/\/api.w.org\/{rel}","templated":true}]}}