{"id":778,"date":"2016-07-10T13:14:32","date_gmt":"2016-07-10T11:14:32","guid":{"rendered":"https:\/\/www.ondoan.com\/en\/?page_id=778"},"modified":"2016-07-22T12:22:21","modified_gmt":"2016-07-22T10:22:21","slug":"healthcare","status":"publish","type":"page","link":"https:\/\/www.ondoan.com\/en\/engineering-maintenance-and-indoor-environmental-quality\/healthcare","title":{"rendered":"Healthcare"},"content":{"rendered":"\n\t\t<div  class = \"cycle-slideshow\" \n\t\t\t\t\tdata-cycle-fx       = \"fade\" \n\t\t\t\t\tdata-cycle-swipe    = \"true\"\n\t\t\t\t\tdata-cycle-swipe-fx = \"scrollHorz\"\n\t\t\t\t\tdata-cycle-timeout  = \"8000\" \n\t\t\t\t\tdata-cycle-log      = \"false\" \n\t\t\t\t\tdata-cycle-pause-on-hover = \"true\" \n\t\t\t\t\tdata-cycle-pager          = \"#pager\" \n\t\t\t\t\tdata-cycle-pager-template = \"<a href='#'><\/a>\" \n\t\t\t\t\tdata-cycle-auto-height = \"calc\" \n\t\t\t\t\tdata-cycle-slides \t  = \".slide\">\n\n\t\t\t\t\t<div id=\"pager\"><\/div>\n\t\t\t<div class=\"text-justify slide first-slide\">\n\t\t\t\t<img width=\"100%\" src=\"https:\/\/www.ondoan.com\/img\/2015\/11\/2uribekosta.jpg\" \/><br \/><br \/>\n\t\t\t\t<strong>Hospital Uribe Kosta, Bizkaia<\/strong><br \/>ONDOAN formando parte de una UTE, ha ejecutado las instalaciones de los Sistemas de Climatizaci\u00f3n, de Protecci\u00f3n Contra Incendios, de Fontaner\u00eda, de Gas y del Control Centralizado del nuevo Hospital de Uribe Kosta en Urduliz. Mantenimiento de la Calidad Ambiental Interior y de Tratamiento Contra la Legionella.\n\t\t\t<\/div>\n\t\t\t<div class=\"text-justify slide\">\n\t\t\t\t<img width=\"100%\" src=\"https:\/\/www.ondoan.com\/img\/2015\/11\/2basurto.jpg\" \/><br \/><br \/>\n\t\t\t\t<strong>Hospital de Basurto, Bilbao<\/strong><br \/>ONDOAN ha realizado la sustituci\u00f3n y modificaci\u00f3n de cuatro climatizadoras del Bloque Quir\u00fargico del Hospital Universitario de Basurto, construido a principios del siglo XX y renovado en los \u00faltimos a\u00f1os. El objetivo ha sido mantener las condiciones de temperatura y humedad en las diferentes \u00e1reas destinadas a intervenciones quir\u00fargicas y unidades de Recuperaci\u00f3n Postanest\u00e9sica, as\u00ed como a Cuidados Intermedios e Intensivos.\n\t\t\t<\/div>\n\t\t\t<div class=\"text-justify slide\">\n\t\t\t\t<img width=\"100%\" src=\"https:\/\/www.ondoan.com\/img\/2015\/11\/2cruces.jpg\" \/><br \/><br \/>\n\t\t\t\t<strong>Hospital de Cruces, Bizkaia<\/strong><br \/>En 2013, el Hospital Universitario de Cruces culminaba su mayor transformaci\u00f3n desde la d\u00e9cada de los 70, tras la ampliaci\u00f3n con 64 nuevas camas, la construcci\u00f3n del helipuerto para el transporte sanitario, la reorganizaci\u00f3n y mejora del \u00e1rea de Cr\u00edticos y la ampliaci\u00f3n del servicio de Urgencias. ONDOAN ha reformado la Central de Producci\u00f3n de Agua Fr\u00eda con instalaci\u00f3n de nuevo equipamiento con una potencia de 4.765 kW.\n\t\t\t<\/div>\n\t\t\t<div class=\"text-justify slide\">\n\t\t\t\t<img width=\"100%\" src=\"https:\/\/www.ondoan.com\/img\/2015\/11\/san-juan-de-dios.png\" \/><br \/><br \/>\n\t\t\t\t<strong>Hospital San Juan de Dios, Bizkaia<\/strong><br \/>El hospital Santurtziarra, fundado en 1924, cuenta con una superficie 14.000 m2. Tras d\u00e9cadas de asistencia, sus gestores vieron en 1999 la necesidad de hacer una reforma integral que actualizara las instalaciones y el equipamiento a los est\u00e1ndares de la sanidad m\u00e1s puntera. En el marco de la misma, ONDOAN ha realizado las Instalaciones de Climatizaci\u00f3n, Ventilaci\u00f3n y Saneamiento del nuevo Edificio de Servicios. La potencia instalada ha sido de 224 kW en fr\u00edo y de 322 kW en calor. Mantenimiento de las Instalaciones Climatizaci\u00f3n y PCI, adem\u00e1s de Mantenimiento de la Calidad Ambiental Interior y de Tratamiento Contra la Legionella.\n\t\t\t<\/div>\n\t\t\t<div class=\"text-justify slide\">\n\t\t\t\t<img width=\"100%\" src=\"https:\/\/www.ondoan.com\/img\/2015\/11\/2sedesanidad.jpg\" \/><br \/><br \/>\n\t\t\t\t<strong>Sede Departamento Sanidad, Bilbao<\/strong><br \/>Un singular bloque de vidrio y acero con fachada poli\u00e9drica acoge los servicios administrativos del Departamento de Sanidad del Gobierno Vasco en Bizkaia. El edificio, con 8.800 m2 de divididos en 8 plantas, fue inaugurado en 2008. El inmueble est\u00e1 dotado de los \u00faltimos avances en materia de sostenibilidad. ONDOAN, formando parte de una UTE, ha efectuado las Instalaciones de Climatizaci\u00f3n, Gas y de Protecci\u00f3n contra Incendios de esta nueva Sede. Mantenimiento de las Instalaciones Climatizaci\u00f3n y PCI. \n\t\t\t<\/div>\n\t\t\t<div class=\"text-justify slide\">\n\t\t\t\t<img width=\"100%\" src=\"https:\/\/www.ondoan.com\/img\/2015\/11\/transfusiones.png\" \/><br \/><br \/>\n\t\t\t\t<strong>Centro Vasco de Transfusi\u00f3n y Tejidos Humanos, Bizkaia<\/strong><br \/>El trabajo diario del CVTTH, cuyo origen se remonta a 1990, consiste en obtener y abastecer de tejidos humanos, sangre y sus derivados a todos los centros hospitalarios, p\u00fablicos y privados, de la Comunidad Aut\u00f3noma Vasca. ONDOAN ha colaborado en la ampliaci\u00f3n de este centro en 2011 con la instalaci\u00f3n de los exigentes Sistemas de Climatizaci\u00f3n (Potencia instalada en fr\u00edo: 310 KW). Mantenimiento de las Instalaciones Climatizaci\u00f3n y PCI, adem\u00e1s de Mantenimiento de la Calidad Ambiental Interior y de Tratamiento Contra la Legionella.\n\t\t\t<\/div><\/div>\n<!-- AddThis Advanced Settings generic via filter on the_content --><!-- AddThis Share Buttons generic via filter on the_content -->","protected":false},"excerpt":{"rendered":"<!-- AddThis Advanced Settings generic via filter on get_the_excerpt --><!-- AddThis Share Buttons generic via filter on get_the_excerpt -->","protected":false},"author":3,"featured_media":439,"parent":749,"menu_order":14,"comment_status":"closed","ping_status":"closed","template":"","meta":{"_exactmetrics_skip_tracking":false,"_exactmetrics_sitenote_active":false,"_exactmetrics_sitenote_note":"","_exactmetrics_sitenote_category":0,"_monsterinsights_skip_tracking":false,"_monsterinsights_sitenote_active":false,"_monsterinsights_sitenote_note":"","_monsterinsights_sitenote_category":0,"_uf_show_specific_survey":0,"_uf_disable_surveys":false},"acf":[],"aioseo_notices":[],"yoast_head":"<!-- This site is optimized with the Yoast SEO plugin v18.9 - https:\/\/yoast.com\/wordpress\/plugins\/seo\/ -->\n<title>Healthcare - Ondoan<\/title>\n<meta name=\"description\" content=\"Healthcare. Engineering, Maintenance and Indoor Environmental Quality References.\" \/>\n<meta name=\"robots\" content=\"index, follow, max-snippet:-1, max-image-preview:large, max-video-preview:-1\" \/>\n<link rel=\"canonical\" href=\"https:\/\/www.ondoan.com\/en\/engineering-maintenance-and-indoor-environmental-quality\/healthcare\" \/>\n<meta property=\"og:locale\" content=\"en_US\" \/>\n<meta property=\"og:type\" content=\"article\" \/>\n<meta property=\"og:title\" content=\"Healthcare - Ondoan\" \/>\n<meta property=\"og:description\" content=\"Healthcare. Engineering, Maintenance and Indoor Environmental Quality References.\" \/>\n<meta property=\"og:url\" content=\"https:\/\/www.ondoan.com\/en\/engineering-maintenance-and-indoor-environmental-quality\/healthcare\" \/>\n<meta property=\"og:site_name\" content=\"Ondoan\" \/>\n<meta property=\"article:modified_time\" content=\"2016-07-22T10:22:21+00:00\" \/>\n<meta property=\"og:image\" content=\"https:\/\/www.ondoan.com\/img\/2015\/11\/Sanidad1.jpg\" \/>\n\t<meta property=\"og:image:width\" content=\"1200\" \/>\n\t<meta property=\"og:image:height\" content=\"303\" \/>\n\t<meta property=\"og:image:type\" content=\"image\/jpeg\" \/>\n<meta name=\"twitter:card\" content=\"summary\" \/>\n<script type=\"application\/ld+json\" class=\"yoast-schema-graph\">{\"@context\":\"https:\/\/schema.org\",\"@graph\":[{\"@type\":\"WebSite\",\"@id\":\"https:\/\/www.ondoan.com\/#website\",\"url\":\"https:\/\/www.ondoan.com\/\",\"name\":\"Ondoan\",\"description\":\"Ingenier\u00eda, Instalaciones y Medioambiente\",\"potentialAction\":[{\"@type\":\"SearchAction\",\"target\":{\"@type\":\"EntryPoint\",\"urlTemplate\":\"https:\/\/www.ondoan.com\/?s={search_term_string}\"},\"query-input\":\"required name=search_term_string\"}],\"inLanguage\":\"en-US\"},{\"@type\":\"ImageObject\",\"inLanguage\":\"en-US\",\"@id\":\"https:\/\/www.ondoan.com\/en\/engineering-maintenance-and-indoor-environmental-quality\/healthcare#primaryimage\",\"url\":\"https:\/\/www.ondoan.com\/img\/2015\/11\/Sanidad1.jpg\",\"contentUrl\":\"https:\/\/www.ondoan.com\/img\/2015\/11\/Sanidad1.jpg\",\"width\":1200,\"height\":303},{\"@type\":\"WebPage\",\"@id\":\"https:\/\/www.ondoan.com\/en\/engineering-maintenance-and-indoor-environmental-quality\/healthcare#webpage\",\"url\":\"https:\/\/www.ondoan.com\/en\/engineering-maintenance-and-indoor-environmental-quality\/healthcare\",\"name\":\"Healthcare - Ondoan\",\"isPartOf\":{\"@id\":\"https:\/\/www.ondoan.com\/#website\"},\"primaryImageOfPage\":{\"@id\":\"https:\/\/www.ondoan.com\/en\/engineering-maintenance-and-indoor-environmental-quality\/healthcare#primaryimage\"},\"datePublished\":\"2016-07-10T11:14:32+00:00\",\"dateModified\":\"2016-07-22T10:22:21+00:00\",\"description\":\"Healthcare. Engineering, Maintenance and Indoor Environmental Quality References.\",\"breadcrumb\":{\"@id\":\"https:\/\/www.ondoan.com\/en\/engineering-maintenance-and-indoor-environmental-quality\/healthcare#breadcrumb\"},\"inLanguage\":\"en-US\",\"potentialAction\":[{\"@type\":\"ReadAction\",\"target\":[\"https:\/\/www.ondoan.com\/en\/engineering-maintenance-and-indoor-environmental-quality\/healthcare\"]}]},{\"@type\":\"BreadcrumbList\",\"@id\":\"https:\/\/www.ondoan.com\/en\/engineering-maintenance-and-indoor-environmental-quality\/healthcare#breadcrumb\",\"itemListElement\":[{\"@type\":\"ListItem\",\"position\":1,\"name\":\"Portada\",\"item\":\"https:\/\/www.ondoan.com\/\"},{\"@type\":\"ListItem\",\"position\":2,\"name\":\"Engineering, Maintenance and Indoor Environmental Quality References\",\"item\":\"https:\/\/www.ondoan.com\/en\/engineering-maintenance-and-indoor-environmental-quality\"},{\"@type\":\"ListItem\",\"position\":3,\"name\":\"Healthcare\"}]}]}<\/script>\n<!-- \/ Yoast SEO plugin. -->","yoast_head_json":{"title":"Healthcare - Ondoan","description":"Healthcare. Engineering, Maintenance and Indoor Environmental Quality References.","robots":{"index":"index","follow":"follow","max-snippet":"max-snippet:-1","max-image-preview":"max-image-preview:large","max-video-preview":"max-video-preview:-1"},"canonical":"https:\/\/www.ondoan.com\/en\/engineering-maintenance-and-indoor-environmental-quality\/healthcare","og_locale":"en_US","og_type":"article","og_title":"Healthcare - Ondoan","og_description":"Healthcare. Engineering, Maintenance and Indoor Environmental Quality References.","og_url":"https:\/\/www.ondoan.com\/en\/engineering-maintenance-and-indoor-environmental-quality\/healthcare","og_site_name":"Ondoan","article_modified_time":"2016-07-22T10:22:21+00:00","og_image":[{"width":1200,"height":303,"url":"https:\/\/www.ondoan.com\/img\/2015\/11\/Sanidad1.jpg","type":"image\/jpeg"}],"twitter_card":"summary","schema":{"@context":"https:\/\/schema.org","@graph":[{"@type":"WebSite","@id":"https:\/\/www.ondoan.com\/#website","url":"https:\/\/www.ondoan.com\/","name":"Ondoan","description":"Ingenier\u00eda, Instalaciones y Medioambiente","potentialAction":[{"@type":"SearchAction","target":{"@type":"EntryPoint","urlTemplate":"https:\/\/www.ondoan.com\/?s={search_term_string}"},"query-input":"required name=search_term_string"}],"inLanguage":"en-US"},{"@type":"ImageObject","inLanguage":"en-US","@id":"https:\/\/www.ondoan.com\/en\/engineering-maintenance-and-indoor-environmental-quality\/healthcare#primaryimage","url":"https:\/\/www.ondoan.com\/img\/2015\/11\/Sanidad1.jpg","contentUrl":"https:\/\/www.ondoan.com\/img\/2015\/11\/Sanidad1.jpg","width":1200,"height":303},{"@type":"WebPage","@id":"https:\/\/www.ondoan.com\/en\/engineering-maintenance-and-indoor-environmental-quality\/healthcare#webpage","url":"https:\/\/www.ondoan.com\/en\/engineering-maintenance-and-indoor-environmental-quality\/healthcare","name":"Healthcare - Ondoan","isPartOf":{"@id":"https:\/\/www.ondoan.com\/#website"},"primaryImageOfPage":{"@id":"https:\/\/www.ondoan.com\/en\/engineering-maintenance-and-indoor-environmental-quality\/healthcare#primaryimage"},"datePublished":"2016-07-10T11:14:32+00:00","dateModified":"2016-07-22T10:22:21+00:00","description":"Healthcare. Engineering, Maintenance and Indoor Environmental Quality References.","breadcrumb":{"@id":"https:\/\/www.ondoan.com\/en\/engineering-maintenance-and-indoor-environmental-quality\/healthcare#breadcrumb"},"inLanguage":"en-US","potentialAction":[{"@type":"ReadAction","target":["https:\/\/www.ondoan.com\/en\/engineering-maintenance-and-indoor-environmental-quality\/healthcare"]}]},{"@type":"BreadcrumbList","@id":"https:\/\/www.ondoan.com\/en\/engineering-maintenance-and-indoor-environmental-quality\/healthcare#breadcrumb","itemListElement":[{"@type":"ListItem","position":1,"name":"Portada","item":"https:\/\/www.ondoan.com\/"},{"@type":"ListItem","position":2,"name":"Engineering, Maintenance and Indoor Environmental Quality References","item":"https:\/\/www.ondoan.com\/en\/engineering-maintenance-and-indoor-environmental-quality"},{"@type":"ListItem","position":3,"name":"Healthcare"}]}]}},"_links":{"self":[{"href":"https:\/\/www.ondoan.com\/en\/wp-json\/wp\/v2\/pages\/778"}],"collection":[{"href":"https:\/\/www.ondoan.com\/en\/wp-json\/wp\/v2\/pages"}],"about":[{"href":"https:\/\/www.ondoan.com\/en\/wp-json\/wp\/v2\/types\/page"}],"author":[{"embeddable":true,"href":"https:\/\/www.ondoan.com\/en\/wp-json\/wp\/v2\/users\/3"}],"replies":[{"embeddable":true,"href":"https:\/\/www.ondoan.com\/en\/wp-json\/wp\/v2\/comments?post=778"}],"version-history":[{"count":0,"href":"https:\/\/www.ondoan.com\/en\/wp-json\/wp\/v2\/pages\/778\/revisions"}],"up":[{"embeddable":true,"href":"https:\/\/www.ondoan.com\/en\/wp-json\/wp\/v2\/pages\/749"}],"wp:featuredmedia":[{"embeddable":true,"href":"https:\/\/www.ondoan.com\/en\/wp-json\/wp\/v2\/media\/439"}],"wp:attachment":[{"href":"https:\/\/www.ondoan.com\/en\/wp-json\/wp\/v2\/media?parent=778"}],"curies":[{"name":"wp","href":"https:\/\/api.w.org\/{rel}","templated":true}]}}