{"id":780,"date":"2016-07-10T13:24:23","date_gmt":"2016-07-10T11:24:23","guid":{"rendered":"https:\/\/www.ondoan.com\/en\/?page_id=780"},"modified":"2016-07-21T13:28:05","modified_gmt":"2016-07-21T11:28:05","slug":"analysis-and-assessment-of-environmental-hazards","status":"publish","type":"page","link":"https:\/\/www.ondoan.com\/en\/environment-and-health-safety\/analysis-and-assessment-of-environmental-hazards","title":{"rendered":"Analysis and assessment of environmental hazards"},"content":{"rendered":"\n\t\t<div  class = \"cycle-slideshow\" \n\t\t\t\t\tdata-cycle-fx       = \"fade\" \n\t\t\t\t\tdata-cycle-swipe    = \"true\"\n\t\t\t\t\tdata-cycle-swipe-fx = \"scrollHorz\"\n\t\t\t\t\tdata-cycle-timeout  = \"8000\" \n\t\t\t\t\tdata-cycle-log      = \"false\" \n\t\t\t\t\tdata-cycle-pause-on-hover = \"true\" \n\t\t\t\t\tdata-cycle-pager          = \"#pager\" \n\t\t\t\t\tdata-cycle-pager-template = \"<a href='#'><\/a>\" \n\t\t\t\t\tdata-cycle-auto-height = \"calc\" \n\t\t\t\t\tdata-cycle-slides \t  = \".slide\">\n\n\t\t\t\t\t<div id=\"pager\"><\/div>\n\t\t\t<div class=\"text-justify slide first-slide\">\n\t\t\t\t<img width=\"100%\" src=\"https:\/\/www.ondoan.com\/img\/2015\/11\/evaluacion-lezo.png\" \/><br \/><br \/>\n\t\t\t\t<strong>Evaluaci\u00f3n ambiental estrat\u00e9gica de planes y programas<\/strong><br \/>Redacci\u00f3n del Estudio de Evaluaci\u00f3n Conjunta de Impacto Ambiental (EcIA) dela modificaci\u00f3n de las Normas Subsidiarias en el \u00e1mbito de Olostealde (Zamudio) | Redacci\u00f3n ECIA revisi\u00f3n puntual NN.SS. de Mallabia | EcIA de las Normas Subsidiarias de Lezo | Evaluaci\u00f3n Ambiental de Planes Urban\u00edsticos | Estudio Medioambiental para las obras de Ampliaci\u00f3n del puente Zubisiku sobre el rio Ibaizabal en Lemoa | Estudio de Impacto Ambiental del Helipuerto de Torre Iberdrola | Elaboraci\u00f3n de Respuestas a la Consulta en el proceso de Evaluaci\u00f3n de Impacto Ambiental de L\u00ednea El\u00e9ctrica G\u00fce\u00f1es-Itsaso.\r\nClientes: Ayuntamientos y SPRI-Lur.\r\n\n\t\t\t<\/div>\n\t\t\t<div class=\"text-justify slide\">\n\t\t\t\t<img width=\"100%\" src=\"https:\/\/www.ondoan.com\/img\/2015\/11\/bizkaia-energia.png\" \/><br \/><br \/>\n\t\t\t\t<strong>An\u00e1lisis de riesgos ambientales<\/strong><br \/>Evaluaci\u00f3n de riesgos ambientales en Bizkaia Energ\u00eda, S.L. | Aplicaci\u00f3n piloto de la Ley de responsabilidad ambiental| Formaci\u00f3n espec\u00edfica en An\u00e1lisis de Riesgos Ambientales.| An\u00e1lisis de Riesgos Medioambientales para organizaciones.\r\nClientes: Gobierno Vasco, AENOR, Bizkaia Energ\u00eda, S.L., EIKA, S.Coop., IDOM.\r\n\n\t\t\t<\/div>\n\t\t\t<div class=\"text-justify slide\">\n\t\t\t\t<img width=\"100%\" src=\"https:\/\/www.ondoan.com\/img\/2019\/02\/surferroviaria.jpg\" \/><br \/><br \/>\n\t\t\t\t<strong>Variante Sur Ferroviaria de Bilbao<\/strong><br \/>ONDOAN ha sido adjudicataria de la licitaci\u00f3n del servicio para la revisi\u00f3n y adecuaci\u00f3n del Estudio de Impacto Ambiental de la Variante Sur Ferroviaria de Bilbao en su Fase 1. La infraestructura dotar\u00e1 de una conexi\u00f3n ferroviaria espec\u00edfica al Puerto de Bilbao, que le permitir\u00e1 no tener que compartir l\u00ednea con la red de Cercan\u00edas. Dada la importancia del proyecto, se ha puesto a disposici\u00f3n de la Unidad de Medio Ambiente de ONDOAN un equipo multidisciplinar, capaz de abordar desde el an\u00e1lisis de la biodiversidad de las zonas afectadas hasta estudios espec\u00edficos sobre hidrolog\u00eda o ac\u00fastica, entre otros.\n\t\t\t<\/div><\/div>\n<!-- AddThis Advanced Settings generic via filter on the_content --><!-- AddThis Share Buttons generic via filter on the_content -->","protected":false},"excerpt":{"rendered":"<!-- AddThis Advanced Settings generic via filter on get_the_excerpt --><!-- AddThis Share Buttons generic via filter on get_the_excerpt -->","protected":false},"author":3,"featured_media":440,"parent":783,"menu_order":0,"comment_status":"closed","ping_status":"closed","template":"","meta":{"_exactmetrics_skip_tracking":false,"_exactmetrics_sitenote_active":false,"_exactmetrics_sitenote_note":"","_exactmetrics_sitenote_category":0,"_monsterinsights_skip_tracking":false,"_monsterinsights_sitenote_active":false,"_monsterinsights_sitenote_note":"","_monsterinsights_sitenote_category":0,"_uf_show_specific_survey":0,"_uf_disable_surveys":false},"acf":[],"aioseo_notices":[],"yoast_head":"<!-- This site is optimized with the Yoast SEO plugin v18.9 - https:\/\/yoast.com\/wordpress\/plugins\/seo\/ -->\n<title>Analysis and assessment of environmental hazards - Ondoan<\/title>\n<meta name=\"description\" content=\"Analysis and assessment of environmental hazards. Environment and Health &amp; Safety References.\" \/>\n<meta name=\"robots\" content=\"index, follow, max-snippet:-1, max-image-preview:large, max-video-preview:-1\" \/>\n<link rel=\"canonical\" href=\"https:\/\/www.ondoan.com\/en\/environment-and-health-safety\/analysis-and-assessment-of-environmental-hazards\" \/>\n<meta property=\"og:locale\" content=\"en_US\" \/>\n<meta property=\"og:type\" content=\"article\" \/>\n<meta property=\"og:title\" content=\"Analysis and assessment of environmental hazards - Ondoan\" \/>\n<meta property=\"og:description\" content=\"Analysis and assessment of environmental hazards. Environment and Health &amp; Safety References.\" \/>\n<meta property=\"og:url\" content=\"https:\/\/www.ondoan.com\/en\/environment-and-health-safety\/analysis-and-assessment-of-environmental-hazards\" \/>\n<meta property=\"og:site_name\" content=\"Ondoan\" \/>\n<meta property=\"article:modified_time\" content=\"2016-07-21T11:28:05+00:00\" \/>\n<meta property=\"og:image\" content=\"https:\/\/www.ondoan.com\/img\/2015\/11\/Analisis-y-evaluacion-de-riesgos-ambientales.jpg\" \/>\n\t<meta property=\"og:image:width\" content=\"1200\" \/>\n\t<meta property=\"og:image:height\" content=\"302\" \/>\n\t<meta property=\"og:image:type\" content=\"image\/jpeg\" \/>\n<meta name=\"twitter:card\" content=\"summary\" \/>\n<script type=\"application\/ld+json\" class=\"yoast-schema-graph\">{\"@context\":\"https:\/\/schema.org\",\"@graph\":[{\"@type\":\"WebSite\",\"@id\":\"https:\/\/www.ondoan.com\/#website\",\"url\":\"https:\/\/www.ondoan.com\/\",\"name\":\"Ondoan\",\"description\":\"Ingenier\u00eda, Instalaciones y Medioambiente\",\"potentialAction\":[{\"@type\":\"SearchAction\",\"target\":{\"@type\":\"EntryPoint\",\"urlTemplate\":\"https:\/\/www.ondoan.com\/?s={search_term_string}\"},\"query-input\":\"required name=search_term_string\"}],\"inLanguage\":\"en-US\"},{\"@type\":\"ImageObject\",\"inLanguage\":\"en-US\",\"@id\":\"https:\/\/www.ondoan.com\/en\/environment-and-health-safety\/analysis-and-assessment-of-environmental-hazards#primaryimage\",\"url\":\"https:\/\/www.ondoan.com\/img\/2015\/11\/Analisis-y-evaluacion-de-riesgos-ambientales.jpg\",\"contentUrl\":\"https:\/\/www.ondoan.com\/img\/2015\/11\/Analisis-y-evaluacion-de-riesgos-ambientales.jpg\",\"width\":1200,\"height\":302},{\"@type\":\"WebPage\",\"@id\":\"https:\/\/www.ondoan.com\/en\/environment-and-health-safety\/analysis-and-assessment-of-environmental-hazards#webpage\",\"url\":\"https:\/\/www.ondoan.com\/en\/environment-and-health-safety\/analysis-and-assessment-of-environmental-hazards\",\"name\":\"Analysis and assessment of environmental hazards - Ondoan\",\"isPartOf\":{\"@id\":\"https:\/\/www.ondoan.com\/#website\"},\"primaryImageOfPage\":{\"@id\":\"https:\/\/www.ondoan.com\/en\/environment-and-health-safety\/analysis-and-assessment-of-environmental-hazards#primaryimage\"},\"datePublished\":\"2016-07-10T11:24:23+00:00\",\"dateModified\":\"2016-07-21T11:28:05+00:00\",\"description\":\"Analysis and assessment of environmental hazards. Environment and Health & Safety References.\",\"breadcrumb\":{\"@id\":\"https:\/\/www.ondoan.com\/en\/environment-and-health-safety\/analysis-and-assessment-of-environmental-hazards#breadcrumb\"},\"inLanguage\":\"en-US\",\"potentialAction\":[{\"@type\":\"ReadAction\",\"target\":[\"https:\/\/www.ondoan.com\/en\/environment-and-health-safety\/analysis-and-assessment-of-environmental-hazards\"]}]},{\"@type\":\"BreadcrumbList\",\"@id\":\"https:\/\/www.ondoan.com\/en\/environment-and-health-safety\/analysis-and-assessment-of-environmental-hazards#breadcrumb\",\"itemListElement\":[{\"@type\":\"ListItem\",\"position\":1,\"name\":\"Portada\",\"item\":\"https:\/\/www.ondoan.com\/\"},{\"@type\":\"ListItem\",\"position\":2,\"name\":\"Environmental and Occupational Health &#038; Safety References\",\"item\":\"https:\/\/www.ondoan.com\/en\/environment-and-health-safety\"},{\"@type\":\"ListItem\",\"position\":3,\"name\":\"Analysis and assessment of environmental hazards\"}]}]}<\/script>\n<!-- \/ Yoast SEO plugin. -->","yoast_head_json":{"title":"Analysis and assessment of environmental hazards - Ondoan","description":"Analysis and assessment of environmental hazards. Environment and Health & Safety References.","robots":{"index":"index","follow":"follow","max-snippet":"max-snippet:-1","max-image-preview":"max-image-preview:large","max-video-preview":"max-video-preview:-1"},"canonical":"https:\/\/www.ondoan.com\/en\/environment-and-health-safety\/analysis-and-assessment-of-environmental-hazards","og_locale":"en_US","og_type":"article","og_title":"Analysis and assessment of environmental hazards - Ondoan","og_description":"Analysis and assessment of environmental hazards. Environment and Health & Safety References.","og_url":"https:\/\/www.ondoan.com\/en\/environment-and-health-safety\/analysis-and-assessment-of-environmental-hazards","og_site_name":"Ondoan","article_modified_time":"2016-07-21T11:28:05+00:00","og_image":[{"width":1200,"height":302,"url":"https:\/\/www.ondoan.com\/img\/2015\/11\/Analisis-y-evaluacion-de-riesgos-ambientales.jpg","type":"image\/jpeg"}],"twitter_card":"summary","schema":{"@context":"https:\/\/schema.org","@graph":[{"@type":"WebSite","@id":"https:\/\/www.ondoan.com\/#website","url":"https:\/\/www.ondoan.com\/","name":"Ondoan","description":"Ingenier\u00eda, Instalaciones y Medioambiente","potentialAction":[{"@type":"SearchAction","target":{"@type":"EntryPoint","urlTemplate":"https:\/\/www.ondoan.com\/?s={search_term_string}"},"query-input":"required name=search_term_string"}],"inLanguage":"en-US"},{"@type":"ImageObject","inLanguage":"en-US","@id":"https:\/\/www.ondoan.com\/en\/environment-and-health-safety\/analysis-and-assessment-of-environmental-hazards#primaryimage","url":"https:\/\/www.ondoan.com\/img\/2015\/11\/Analisis-y-evaluacion-de-riesgos-ambientales.jpg","contentUrl":"https:\/\/www.ondoan.com\/img\/2015\/11\/Analisis-y-evaluacion-de-riesgos-ambientales.jpg","width":1200,"height":302},{"@type":"WebPage","@id":"https:\/\/www.ondoan.com\/en\/environment-and-health-safety\/analysis-and-assessment-of-environmental-hazards#webpage","url":"https:\/\/www.ondoan.com\/en\/environment-and-health-safety\/analysis-and-assessment-of-environmental-hazards","name":"Analysis and assessment of environmental hazards - Ondoan","isPartOf":{"@id":"https:\/\/www.ondoan.com\/#website"},"primaryImageOfPage":{"@id":"https:\/\/www.ondoan.com\/en\/environment-and-health-safety\/analysis-and-assessment-of-environmental-hazards#primaryimage"},"datePublished":"2016-07-10T11:24:23+00:00","dateModified":"2016-07-21T11:28:05+00:00","description":"Analysis and assessment of environmental hazards. Environment and Health & Safety References.","breadcrumb":{"@id":"https:\/\/www.ondoan.com\/en\/environment-and-health-safety\/analysis-and-assessment-of-environmental-hazards#breadcrumb"},"inLanguage":"en-US","potentialAction":[{"@type":"ReadAction","target":["https:\/\/www.ondoan.com\/en\/environment-and-health-safety\/analysis-and-assessment-of-environmental-hazards"]}]},{"@type":"BreadcrumbList","@id":"https:\/\/www.ondoan.com\/en\/environment-and-health-safety\/analysis-and-assessment-of-environmental-hazards#breadcrumb","itemListElement":[{"@type":"ListItem","position":1,"name":"Portada","item":"https:\/\/www.ondoan.com\/"},{"@type":"ListItem","position":2,"name":"Environmental and Occupational Health &#038; Safety References","item":"https:\/\/www.ondoan.com\/en\/environment-and-health-safety"},{"@type":"ListItem","position":3,"name":"Analysis and assessment of environmental hazards"}]}]}},"_links":{"self":[{"href":"https:\/\/www.ondoan.com\/en\/wp-json\/wp\/v2\/pages\/780"}],"collection":[{"href":"https:\/\/www.ondoan.com\/en\/wp-json\/wp\/v2\/pages"}],"about":[{"href":"https:\/\/www.ondoan.com\/en\/wp-json\/wp\/v2\/types\/page"}],"author":[{"embeddable":true,"href":"https:\/\/www.ondoan.com\/en\/wp-json\/wp\/v2\/users\/3"}],"replies":[{"embeddable":true,"href":"https:\/\/www.ondoan.com\/en\/wp-json\/wp\/v2\/comments?post=780"}],"version-history":[{"count":0,"href":"https:\/\/www.ondoan.com\/en\/wp-json\/wp\/v2\/pages\/780\/revisions"}],"up":[{"embeddable":true,"href":"https:\/\/www.ondoan.com\/en\/wp-json\/wp\/v2\/pages\/783"}],"wp:featuredmedia":[{"embeddable":true,"href":"https:\/\/www.ondoan.com\/en\/wp-json\/wp\/v2\/media\/440"}],"wp:attachment":[{"href":"https:\/\/www.ondoan.com\/en\/wp-json\/wp\/v2\/media?parent=780"}],"curies":[{"name":"wp","href":"https:\/\/api.w.org\/{rel}","templated":true}]}}