{"id":789,"date":"2016-07-10T14:26:26","date_gmt":"2016-07-10T12:26:26","guid":{"rendered":"https:\/\/www.ondoan.com\/en\/?page_id=789"},"modified":"2016-07-22T11:41:54","modified_gmt":"2016-07-22T09:41:54","slug":"environmental-quality-surveys","status":"publish","type":"page","link":"https:\/\/www.ondoan.com\/en\/environment-and-health-safety\/environmental-quality-surveys","title":{"rendered":"Environmental quality surveys"},"content":{"rendered":"\n\t\t<div  class = \"cycle-slideshow\" \n\t\t\t\t\tdata-cycle-fx       = \"fade\" \n\t\t\t\t\tdata-cycle-swipe    = \"true\"\n\t\t\t\t\tdata-cycle-swipe-fx = \"scrollHorz\"\n\t\t\t\t\tdata-cycle-timeout  = \"8000\" \n\t\t\t\t\tdata-cycle-log      = \"false\" \n\t\t\t\t\tdata-cycle-pause-on-hover = \"true\" \n\t\t\t\t\tdata-cycle-pager          = \"#pager\" \n\t\t\t\t\tdata-cycle-pager-template = \"<a href='#'><\/a>\" \n\t\t\t\t\tdata-cycle-auto-height = \"calc\" \n\t\t\t\t\tdata-cycle-slides \t  = \".slide\">\n\n\t\t\t\t\t<div id=\"pager\"><\/div>\n\t\t\t<div class=\"text-justify slide first-slide\">\n\t\t\t\t<img width=\"100%\" src=\"https:\/\/www.ondoan.com\/img\/2015\/11\/Atmosfera.jpg\" \/><br \/><br \/>\n\t\t\t\t<strong>Entidad de inspecci\u00f3n medioambiental<\/strong><br \/>Modelizaci\u00f3n de contaminantes atmosf\u00e9ricos | Control de vertidos en entidades IPPC | Toma de muestras y an\u00e1lisis de vertidos industriales | Inventario industrial y Plan de regularizaci\u00f3n de focos de contaminaci\u00f3n atmosf\u00e9rica de Igorre | Determinaci\u00f3n de calidad sonora y atmosf\u00e9rica | Inventario de suelos de Euskadi | Inventario de emplazamientos con actividades potencialmente contaminantes del suelo, proyecto piloto para Torrelavega | Estudios de caracterizaci\u00f3n de aguas residuales.\nClientes: Gobierno Vasco, Gobierno de Cantabria, Ihobe, Labein, Confederaci\u00f3n Hidrogr\u00e1fica del Norte y Ayuntamientos.\n\n\t\t\t<\/div><\/div>\n<!-- AddThis Advanced Settings generic via filter on the_content --><!-- AddThis Share Buttons generic via filter on the_content -->","protected":false},"excerpt":{"rendered":"<!-- AddThis Advanced Settings generic via filter on get_the_excerpt --><!-- AddThis Share Buttons generic via filter on get_the_excerpt -->","protected":false},"author":3,"featured_media":444,"parent":783,"menu_order":0,"comment_status":"closed","ping_status":"closed","template":"","meta":{"_exactmetrics_skip_tracking":false,"_exactmetrics_sitenote_active":false,"_exactmetrics_sitenote_note":"","_exactmetrics_sitenote_category":0,"_monsterinsights_skip_tracking":false,"_monsterinsights_sitenote_active":false,"_monsterinsights_sitenote_note":"","_monsterinsights_sitenote_category":0,"_uf_show_specific_survey":0,"_uf_disable_surveys":false},"acf":[],"aioseo_notices":[],"yoast_head":"<!-- This site is optimized with the Yoast SEO plugin v18.9 - https:\/\/yoast.com\/wordpress\/plugins\/seo\/ -->\n<title>Environmental quality surveys - Ondoan<\/title>\n<meta name=\"description\" content=\"Environmental quality surveys. Environment and Health &amp; Safety References.\" \/>\n<meta name=\"robots\" content=\"index, follow, max-snippet:-1, max-image-preview:large, max-video-preview:-1\" \/>\n<link rel=\"canonical\" href=\"https:\/\/www.ondoan.com\/en\/environment-and-health-safety\/environmental-quality-surveys\" \/>\n<meta property=\"og:locale\" content=\"en_US\" \/>\n<meta property=\"og:type\" content=\"article\" \/>\n<meta property=\"og:title\" content=\"Environmental quality surveys - Ondoan\" \/>\n<meta property=\"og:description\" content=\"Environmental quality surveys. Environment and Health &amp; Safety References.\" \/>\n<meta property=\"og:url\" content=\"https:\/\/www.ondoan.com\/en\/environment-and-health-safety\/environmental-quality-surveys\" \/>\n<meta property=\"og:site_name\" content=\"Ondoan\" \/>\n<meta property=\"article:modified_time\" content=\"2016-07-22T09:41:54+00:00\" \/>\n<meta property=\"og:image\" content=\"https:\/\/www.ondoan.com\/img\/2015\/11\/Estudios-de-calidad-ambiental.jpg\" \/>\n\t<meta property=\"og:image:width\" content=\"1200\" \/>\n\t<meta property=\"og:image:height\" content=\"301\" \/>\n\t<meta property=\"og:image:type\" content=\"image\/jpeg\" \/>\n<meta name=\"twitter:card\" content=\"summary\" \/>\n<script type=\"application\/ld+json\" class=\"yoast-schema-graph\">{\"@context\":\"https:\/\/schema.org\",\"@graph\":[{\"@type\":\"WebSite\",\"@id\":\"https:\/\/www.ondoan.com\/#website\",\"url\":\"https:\/\/www.ondoan.com\/\",\"name\":\"Ondoan\",\"description\":\"Ingenier\u00eda, Instalaciones y Medioambiente\",\"potentialAction\":[{\"@type\":\"SearchAction\",\"target\":{\"@type\":\"EntryPoint\",\"urlTemplate\":\"https:\/\/www.ondoan.com\/?s={search_term_string}\"},\"query-input\":\"required name=search_term_string\"}],\"inLanguage\":\"en-US\"},{\"@type\":\"ImageObject\",\"inLanguage\":\"en-US\",\"@id\":\"https:\/\/www.ondoan.com\/en\/environment-and-health-safety\/environmental-quality-surveys#primaryimage\",\"url\":\"https:\/\/www.ondoan.com\/img\/2015\/11\/Estudios-de-calidad-ambiental.jpg\",\"contentUrl\":\"https:\/\/www.ondoan.com\/img\/2015\/11\/Estudios-de-calidad-ambiental.jpg\",\"width\":1200,\"height\":301},{\"@type\":\"WebPage\",\"@id\":\"https:\/\/www.ondoan.com\/en\/environment-and-health-safety\/environmental-quality-surveys#webpage\",\"url\":\"https:\/\/www.ondoan.com\/en\/environment-and-health-safety\/environmental-quality-surveys\",\"name\":\"Environmental quality surveys - Ondoan\",\"isPartOf\":{\"@id\":\"https:\/\/www.ondoan.com\/#website\"},\"primaryImageOfPage\":{\"@id\":\"https:\/\/www.ondoan.com\/en\/environment-and-health-safety\/environmental-quality-surveys#primaryimage\"},\"datePublished\":\"2016-07-10T12:26:26+00:00\",\"dateModified\":\"2016-07-22T09:41:54+00:00\",\"description\":\"Environmental quality surveys. Environment and Health & Safety References.\",\"breadcrumb\":{\"@id\":\"https:\/\/www.ondoan.com\/en\/environment-and-health-safety\/environmental-quality-surveys#breadcrumb\"},\"inLanguage\":\"en-US\",\"potentialAction\":[{\"@type\":\"ReadAction\",\"target\":[\"https:\/\/www.ondoan.com\/en\/environment-and-health-safety\/environmental-quality-surveys\"]}]},{\"@type\":\"BreadcrumbList\",\"@id\":\"https:\/\/www.ondoan.com\/en\/environment-and-health-safety\/environmental-quality-surveys#breadcrumb\",\"itemListElement\":[{\"@type\":\"ListItem\",\"position\":1,\"name\":\"Portada\",\"item\":\"https:\/\/www.ondoan.com\/\"},{\"@type\":\"ListItem\",\"position\":2,\"name\":\"Environmental and Occupational Health &#038; Safety References\",\"item\":\"https:\/\/www.ondoan.com\/en\/environment-and-health-safety\"},{\"@type\":\"ListItem\",\"position\":3,\"name\":\"Environmental quality surveys\"}]}]}<\/script>\n<!-- \/ Yoast SEO plugin. -->","yoast_head_json":{"title":"Environmental quality surveys - Ondoan","description":"Environmental quality surveys. Environment and Health & Safety References.","robots":{"index":"index","follow":"follow","max-snippet":"max-snippet:-1","max-image-preview":"max-image-preview:large","max-video-preview":"max-video-preview:-1"},"canonical":"https:\/\/www.ondoan.com\/en\/environment-and-health-safety\/environmental-quality-surveys","og_locale":"en_US","og_type":"article","og_title":"Environmental quality surveys - Ondoan","og_description":"Environmental quality surveys. Environment and Health & Safety References.","og_url":"https:\/\/www.ondoan.com\/en\/environment-and-health-safety\/environmental-quality-surveys","og_site_name":"Ondoan","article_modified_time":"2016-07-22T09:41:54+00:00","og_image":[{"width":1200,"height":301,"url":"https:\/\/www.ondoan.com\/img\/2015\/11\/Estudios-de-calidad-ambiental.jpg","type":"image\/jpeg"}],"twitter_card":"summary","schema":{"@context":"https:\/\/schema.org","@graph":[{"@type":"WebSite","@id":"https:\/\/www.ondoan.com\/#website","url":"https:\/\/www.ondoan.com\/","name":"Ondoan","description":"Ingenier\u00eda, Instalaciones y Medioambiente","potentialAction":[{"@type":"SearchAction","target":{"@type":"EntryPoint","urlTemplate":"https:\/\/www.ondoan.com\/?s={search_term_string}"},"query-input":"required name=search_term_string"}],"inLanguage":"en-US"},{"@type":"ImageObject","inLanguage":"en-US","@id":"https:\/\/www.ondoan.com\/en\/environment-and-health-safety\/environmental-quality-surveys#primaryimage","url":"https:\/\/www.ondoan.com\/img\/2015\/11\/Estudios-de-calidad-ambiental.jpg","contentUrl":"https:\/\/www.ondoan.com\/img\/2015\/11\/Estudios-de-calidad-ambiental.jpg","width":1200,"height":301},{"@type":"WebPage","@id":"https:\/\/www.ondoan.com\/en\/environment-and-health-safety\/environmental-quality-surveys#webpage","url":"https:\/\/www.ondoan.com\/en\/environment-and-health-safety\/environmental-quality-surveys","name":"Environmental quality surveys - Ondoan","isPartOf":{"@id":"https:\/\/www.ondoan.com\/#website"},"primaryImageOfPage":{"@id":"https:\/\/www.ondoan.com\/en\/environment-and-health-safety\/environmental-quality-surveys#primaryimage"},"datePublished":"2016-07-10T12:26:26+00:00","dateModified":"2016-07-22T09:41:54+00:00","description":"Environmental quality surveys. Environment and Health & Safety References.","breadcrumb":{"@id":"https:\/\/www.ondoan.com\/en\/environment-and-health-safety\/environmental-quality-surveys#breadcrumb"},"inLanguage":"en-US","potentialAction":[{"@type":"ReadAction","target":["https:\/\/www.ondoan.com\/en\/environment-and-health-safety\/environmental-quality-surveys"]}]},{"@type":"BreadcrumbList","@id":"https:\/\/www.ondoan.com\/en\/environment-and-health-safety\/environmental-quality-surveys#breadcrumb","itemListElement":[{"@type":"ListItem","position":1,"name":"Portada","item":"https:\/\/www.ondoan.com\/"},{"@type":"ListItem","position":2,"name":"Environmental and Occupational Health &#038; Safety References","item":"https:\/\/www.ondoan.com\/en\/environment-and-health-safety"},{"@type":"ListItem","position":3,"name":"Environmental quality surveys"}]}]}},"_links":{"self":[{"href":"https:\/\/www.ondoan.com\/en\/wp-json\/wp\/v2\/pages\/789"}],"collection":[{"href":"https:\/\/www.ondoan.com\/en\/wp-json\/wp\/v2\/pages"}],"about":[{"href":"https:\/\/www.ondoan.com\/en\/wp-json\/wp\/v2\/types\/page"}],"author":[{"embeddable":true,"href":"https:\/\/www.ondoan.com\/en\/wp-json\/wp\/v2\/users\/3"}],"replies":[{"embeddable":true,"href":"https:\/\/www.ondoan.com\/en\/wp-json\/wp\/v2\/comments?post=789"}],"version-history":[{"count":0,"href":"https:\/\/www.ondoan.com\/en\/wp-json\/wp\/v2\/pages\/789\/revisions"}],"up":[{"embeddable":true,"href":"https:\/\/www.ondoan.com\/en\/wp-json\/wp\/v2\/pages\/783"}],"wp:featuredmedia":[{"embeddable":true,"href":"https:\/\/www.ondoan.com\/en\/wp-json\/wp\/v2\/media\/444"}],"wp:attachment":[{"href":"https:\/\/www.ondoan.com\/en\/wp-json\/wp\/v2\/media?parent=789"}],"curies":[{"name":"wp","href":"https:\/\/api.w.org\/{rel}","templated":true}]}}