{"id":791,"date":"2016-07-10T14:33:23","date_gmt":"2016-07-10T12:33:23","guid":{"rendered":"https:\/\/www.ondoan.com\/en\/?page_id=791"},"modified":"2022-06-24T13:33:41","modified_gmt":"2022-06-24T11:33:41","slug":"sustainable-promotion-of-organisations","status":"publish","type":"page","link":"https:\/\/www.ondoan.com\/en\/environment-and-health-safety\/sustainable-promotion-of-organisations","title":{"rendered":"Sustainable promotion of organisations"},"content":{"rendered":"\n\t\t<div  class = \"cycle-slideshow\" \n\t\t\t\t\tdata-cycle-fx       = \"fade\" \n\t\t\t\t\tdata-cycle-swipe    = \"true\"\n\t\t\t\t\tdata-cycle-swipe-fx = \"scrollHorz\"\n\t\t\t\t\tdata-cycle-timeout  = \"8000\" \n\t\t\t\t\tdata-cycle-log      = \"false\" \n\t\t\t\t\tdata-cycle-pause-on-hover = \"true\" \n\t\t\t\t\tdata-cycle-pager          = \"#pager\" \n\t\t\t\t\tdata-cycle-pager-template = \"<a href='#'><\/a>\" \n\t\t\t\t\tdata-cycle-auto-height = \"calc\" \n\t\t\t\t\tdata-cycle-slides \t  = \".slide\">\n\n\t\t\t\t\t<div id=\"pager\"><\/div>\n\t\t\t<div class=\"text-justify slide first-slide\">\n\t\t\t\t<img width=\"100%\" src=\"https:\/\/www.ondoan.com\/img\/2016\/07\/SIG-GV.jpg\" \/><br \/><br \/>\n\t\t\t\t<strong>Dise\u00f1o, implantaci\u00f3n y Mantenimiento de Sistemas Integrados de Gesti\u00f3n<\/strong><br \/>Mejora de la eficiencia energ\u00e9tica de edificios e instalaciones, con la realizaci\u00f3n de estudios, materializaci\u00f3n de inversiones para la adecuaci\u00f3n y sustituci\u00f3n de instalaciones y equipos y la implantaci\u00f3n de pr\u00e1cticas de gesti\u00f3n orientadas a su optimizaci\u00f3n.  Dise\u00f1o y desarrollo documental de un Sistema de Gesti\u00f3n Energ\u00e9tica (SGE) basado en los requisitos establecidos por la Norma ISO 50001:2011. Cliente:  Departamento de Seguridad del Gobierno Vasco \n\t\t\t<\/div>\n\t\t\t<div class=\"text-justify slide\">\n\t\t\t\t<img width=\"100%\" src=\"https:\/\/www.ondoan.com\/img\/2015\/11\/sig-privado.png\" \/><br \/><br \/>\n\t\t\t\t<strong>Sistemas Integrados de Gesti\u00f3n<\/strong><br \/>Dise\u00f1o e implantaci\u00f3n de Sistemas  Integrados de Gesti\u00f3n en empresas de los sectores de fabricaci\u00f3n de bienes de equipo, automoci\u00f3n, aeron\u00e1utico, electrodom\u00e9sticos, componentes industriales, construcci\u00f3n, agroalimentario, comercio, transporte, distribuci\u00f3n,  etc.\r\nClientes: Empresas industriales y de servicios.\n\t\t\t<\/div>\n\t\t\t<div class=\"text-justify slide\">\n\t\t\t\t<img width=\"100%\" src=\"https:\/\/www.ondoan.com\/img\/2015\/11\/sig-publico.png\" \/><br \/><br \/>\n\t\t\t\t<strong>Dise\u00f1o, implantaci\u00f3n y Mantenimiento de Sistemas Integrados de Gesti\u00f3n<\/strong><br \/>Dise\u00f1o , implantaci\u00f3n y mantenimiento de un SIG de Calidad, Medio Ambiente y Seguridad y Salud Laboral en la Red P\u00fablica de Centros Educativos de Formaci\u00f3n Profesional del Pais Vasco. \r\nCliente: Gobierno Vasco.\n\t\t\t<\/div><\/div>\n<!-- AddThis Advanced Settings generic via filter on the_content --><!-- AddThis Share Buttons generic via filter on the_content -->","protected":false},"excerpt":{"rendered":"<!-- AddThis Advanced Settings generic via filter on get_the_excerpt --><!-- AddThis Share Buttons generic via filter on get_the_excerpt -->","protected":false},"author":3,"featured_media":5414,"parent":783,"menu_order":0,"comment_status":"closed","ping_status":"closed","template":"","meta":{"_exactmetrics_skip_tracking":false,"_exactmetrics_sitenote_active":false,"_exactmetrics_sitenote_note":"","_exactmetrics_sitenote_category":0,"_monsterinsights_skip_tracking":false,"_monsterinsights_sitenote_active":false,"_monsterinsights_sitenote_note":"","_monsterinsights_sitenote_category":0,"_uf_show_specific_survey":0,"_uf_disable_surveys":false},"acf":[],"aioseo_notices":[],"yoast_head":"<!-- This site is optimized with the Yoast SEO plugin v18.9 - https:\/\/yoast.com\/wordpress\/plugins\/seo\/ -->\n<title>Sustainable promotion of organisations - Ondoan<\/title>\n<meta name=\"description\" content=\"Sustainable promotion of organisations. Environment and Health &amp; Safety References.\" \/>\n<meta name=\"robots\" content=\"index, follow, max-snippet:-1, max-image-preview:large, max-video-preview:-1\" \/>\n<link rel=\"canonical\" href=\"https:\/\/www.ondoan.com\/en\/environment-and-health-safety\/sustainable-promotion-of-organisations\" \/>\n<meta property=\"og:locale\" content=\"en_US\" \/>\n<meta property=\"og:type\" content=\"article\" \/>\n<meta property=\"og:title\" content=\"Sustainable promotion of organisations - Ondoan\" \/>\n<meta property=\"og:description\" content=\"Sustainable promotion of organisations. Environment and Health &amp; Safety References.\" \/>\n<meta property=\"og:url\" content=\"https:\/\/www.ondoan.com\/en\/environment-and-health-safety\/sustainable-promotion-of-organisations\" \/>\n<meta property=\"og:site_name\" content=\"Ondoan\" \/>\n<meta property=\"article:modified_time\" content=\"2022-06-24T11:33:41+00:00\" \/>\n<meta property=\"og:image\" content=\"https:\/\/www.ondoan.com\/img\/2022\/06\/3333-1.jpg\" \/>\n\t<meta property=\"og:image:width\" content=\"1200\" \/>\n\t<meta property=\"og:image:height\" content=\"304\" \/>\n\t<meta property=\"og:image:type\" content=\"image\/jpeg\" \/>\n<meta name=\"twitter:card\" content=\"summary\" \/>\n<script type=\"application\/ld+json\" class=\"yoast-schema-graph\">{\"@context\":\"https:\/\/schema.org\",\"@graph\":[{\"@type\":\"WebSite\",\"@id\":\"https:\/\/www.ondoan.com\/#website\",\"url\":\"https:\/\/www.ondoan.com\/\",\"name\":\"Ondoan\",\"description\":\"Ingenier\u00eda, Instalaciones y Medioambiente\",\"potentialAction\":[{\"@type\":\"SearchAction\",\"target\":{\"@type\":\"EntryPoint\",\"urlTemplate\":\"https:\/\/www.ondoan.com\/?s={search_term_string}\"},\"query-input\":\"required name=search_term_string\"}],\"inLanguage\":\"en-US\"},{\"@type\":\"ImageObject\",\"inLanguage\":\"en-US\",\"@id\":\"https:\/\/www.ondoan.com\/en\/environment-and-health-safety\/sustainable-promotion-of-organisations#primaryimage\",\"url\":\"https:\/\/www.ondoan.com\/img\/2022\/06\/3333-1.jpg\",\"contentUrl\":\"https:\/\/www.ondoan.com\/img\/2022\/06\/3333-1.jpg\",\"width\":1200,\"height\":304},{\"@type\":\"WebPage\",\"@id\":\"https:\/\/www.ondoan.com\/en\/environment-and-health-safety\/sustainable-promotion-of-organisations#webpage\",\"url\":\"https:\/\/www.ondoan.com\/en\/environment-and-health-safety\/sustainable-promotion-of-organisations\",\"name\":\"Sustainable promotion of organisations - Ondoan\",\"isPartOf\":{\"@id\":\"https:\/\/www.ondoan.com\/#website\"},\"primaryImageOfPage\":{\"@id\":\"https:\/\/www.ondoan.com\/en\/environment-and-health-safety\/sustainable-promotion-of-organisations#primaryimage\"},\"datePublished\":\"2016-07-10T12:33:23+00:00\",\"dateModified\":\"2022-06-24T11:33:41+00:00\",\"description\":\"Sustainable promotion of organisations. Environment and Health & Safety References.\",\"breadcrumb\":{\"@id\":\"https:\/\/www.ondoan.com\/en\/environment-and-health-safety\/sustainable-promotion-of-organisations#breadcrumb\"},\"inLanguage\":\"en-US\",\"potentialAction\":[{\"@type\":\"ReadAction\",\"target\":[\"https:\/\/www.ondoan.com\/en\/environment-and-health-safety\/sustainable-promotion-of-organisations\"]}]},{\"@type\":\"BreadcrumbList\",\"@id\":\"https:\/\/www.ondoan.com\/en\/environment-and-health-safety\/sustainable-promotion-of-organisations#breadcrumb\",\"itemListElement\":[{\"@type\":\"ListItem\",\"position\":1,\"name\":\"Portada\",\"item\":\"https:\/\/www.ondoan.com\/\"},{\"@type\":\"ListItem\",\"position\":2,\"name\":\"Environmental and Occupational Health &#038; Safety References\",\"item\":\"https:\/\/www.ondoan.com\/en\/environment-and-health-safety\"},{\"@type\":\"ListItem\",\"position\":3,\"name\":\"Sustainable promotion of organisations\"}]}]}<\/script>\n<!-- \/ Yoast SEO plugin. -->","yoast_head_json":{"title":"Sustainable promotion of organisations - Ondoan","description":"Sustainable promotion of organisations. Environment and Health & Safety References.","robots":{"index":"index","follow":"follow","max-snippet":"max-snippet:-1","max-image-preview":"max-image-preview:large","max-video-preview":"max-video-preview:-1"},"canonical":"https:\/\/www.ondoan.com\/en\/environment-and-health-safety\/sustainable-promotion-of-organisations","og_locale":"en_US","og_type":"article","og_title":"Sustainable promotion of organisations - Ondoan","og_description":"Sustainable promotion of organisations. Environment and Health & Safety References.","og_url":"https:\/\/www.ondoan.com\/en\/environment-and-health-safety\/sustainable-promotion-of-organisations","og_site_name":"Ondoan","article_modified_time":"2022-06-24T11:33:41+00:00","og_image":[{"width":1200,"height":304,"url":"https:\/\/www.ondoan.com\/img\/2022\/06\/3333-1.jpg","type":"image\/jpeg"}],"twitter_card":"summary","schema":{"@context":"https:\/\/schema.org","@graph":[{"@type":"WebSite","@id":"https:\/\/www.ondoan.com\/#website","url":"https:\/\/www.ondoan.com\/","name":"Ondoan","description":"Ingenier\u00eda, Instalaciones y Medioambiente","potentialAction":[{"@type":"SearchAction","target":{"@type":"EntryPoint","urlTemplate":"https:\/\/www.ondoan.com\/?s={search_term_string}"},"query-input":"required name=search_term_string"}],"inLanguage":"en-US"},{"@type":"ImageObject","inLanguage":"en-US","@id":"https:\/\/www.ondoan.com\/en\/environment-and-health-safety\/sustainable-promotion-of-organisations#primaryimage","url":"https:\/\/www.ondoan.com\/img\/2022\/06\/3333-1.jpg","contentUrl":"https:\/\/www.ondoan.com\/img\/2022\/06\/3333-1.jpg","width":1200,"height":304},{"@type":"WebPage","@id":"https:\/\/www.ondoan.com\/en\/environment-and-health-safety\/sustainable-promotion-of-organisations#webpage","url":"https:\/\/www.ondoan.com\/en\/environment-and-health-safety\/sustainable-promotion-of-organisations","name":"Sustainable promotion of organisations - Ondoan","isPartOf":{"@id":"https:\/\/www.ondoan.com\/#website"},"primaryImageOfPage":{"@id":"https:\/\/www.ondoan.com\/en\/environment-and-health-safety\/sustainable-promotion-of-organisations#primaryimage"},"datePublished":"2016-07-10T12:33:23+00:00","dateModified":"2022-06-24T11:33:41+00:00","description":"Sustainable promotion of organisations. Environment and Health & Safety References.","breadcrumb":{"@id":"https:\/\/www.ondoan.com\/en\/environment-and-health-safety\/sustainable-promotion-of-organisations#breadcrumb"},"inLanguage":"en-US","potentialAction":[{"@type":"ReadAction","target":["https:\/\/www.ondoan.com\/en\/environment-and-health-safety\/sustainable-promotion-of-organisations"]}]},{"@type":"BreadcrumbList","@id":"https:\/\/www.ondoan.com\/en\/environment-and-health-safety\/sustainable-promotion-of-organisations#breadcrumb","itemListElement":[{"@type":"ListItem","position":1,"name":"Portada","item":"https:\/\/www.ondoan.com\/"},{"@type":"ListItem","position":2,"name":"Environmental and Occupational Health &#038; Safety References","item":"https:\/\/www.ondoan.com\/en\/environment-and-health-safety"},{"@type":"ListItem","position":3,"name":"Sustainable promotion of organisations"}]}]}},"_links":{"self":[{"href":"https:\/\/www.ondoan.com\/en\/wp-json\/wp\/v2\/pages\/791"}],"collection":[{"href":"https:\/\/www.ondoan.com\/en\/wp-json\/wp\/v2\/pages"}],"about":[{"href":"https:\/\/www.ondoan.com\/en\/wp-json\/wp\/v2\/types\/page"}],"author":[{"embeddable":true,"href":"https:\/\/www.ondoan.com\/en\/wp-json\/wp\/v2\/users\/3"}],"replies":[{"embeddable":true,"href":"https:\/\/www.ondoan.com\/en\/wp-json\/wp\/v2\/comments?post=791"}],"version-history":[{"count":0,"href":"https:\/\/www.ondoan.com\/en\/wp-json\/wp\/v2\/pages\/791\/revisions"}],"up":[{"embeddable":true,"href":"https:\/\/www.ondoan.com\/en\/wp-json\/wp\/v2\/pages\/783"}],"wp:featuredmedia":[{"embeddable":true,"href":"https:\/\/www.ondoan.com\/en\/wp-json\/wp\/v2\/media\/5414"}],"wp:attachment":[{"href":"https:\/\/www.ondoan.com\/en\/wp-json\/wp\/v2\/media?parent=791"}],"curies":[{"name":"wp","href":"https:\/\/api.w.org\/{rel}","templated":true}]}}