{"id":6439,"date":"2015-11-06T00:09:05","date_gmt":"2015-11-05T23:09:05","guid":{"rendered":"https:\/\/www.ondoan.com\/aviso-legal"},"modified":"2024-05-09T11:50:04","modified_gmt":"2024-05-09T09:50:04","slug":"aviso-legal","status":"publish","type":"page","link":"https:\/\/www.ondoan.com\/eu\/aviso-legal","title":{"rendered":"Aviso Legal"},"content":{"rendered":"<h2 style=\"text-align: justify;\">AVISO LEGAL<\/h2>\n<hr \/>\n<h2 style=\"text-align: justify;\"><\/h2>\n<p>&nbsp;<\/p>\n<p style=\"text-align: justify;\"><strong>1- DATOS IDENTIFICATIVOS<\/strong><\/p>\n<p style=\"text-align: justify;\">En cumplimiento con el deber de informaci\u00f3n recogido en art\u00edculo 10 de la Ley 34\/2002, de 11 de julio, de Servicios de la Sociedad de la Informaci\u00f3n y del Comercio Electr\u00f3nico, a continuaci\u00f3n se reflejan los siguientes datos: la empresa titular de dominio web es ONDOAN, S.Coop. (en adelante ONDOAN), con domicilio a estos efectos en Parque Tecnol\u00f3gico Ibaizabal Bidea 101-C, CP 48170, Zamudio (Bizkaia) n\u00famero de C.I.F.: F48128730 inscrita en el REGISTRO DE COOPERATIVAS N\u00ba113\/86, FOLIO VI-214. Correo electr\u00f3nico de contacto: info@ONDOAN.com del sitio web.<\/p>\n<hr \/>\n<p style=\"text-align: justify;\"><strong>2- USUARIOS<\/strong><\/p>\n<p style=\"text-align: justify;\">El acceso y\/o uso de este portal de ONDOAN atribuye la condici\u00f3n de USUARIO, que acepta, desde dicho acceso y\/o uso, las Condiciones Generales de Uso aqu\u00ed reflejadas. Las citadas Condiciones ser\u00e1n de aplicaci\u00f3n independientemente de las Condiciones Generales de Contrataci\u00f3n que en su caso resulten de obligado cumplimiento.<\/p>\n<hr \/>\n<p style=\"text-align: justify;\"><strong>3- USO DEL PORTAL<\/strong><\/p>\n<p style=\"text-align: justify;\">www.ondoan.com proporciona el acceso a multitud de informaciones, servicios, programas o datos (en adelante, \u201clos contenidos\u201d) en Internet pertenecientes a ONDOAN o a sus licenciantes a los que el USUARIO pueda tener acceso. El USUARIO asume la responsabilidad del uso del portal. Dicha responsabilidad se extiende al registro que fuese necesario para acceder a determinados servicios o contenidos.<\/p>\n<p style=\"text-align: justify;\">En dicho registro el USUARIO ser\u00e1 responsable de aportar informaci\u00f3n veraz y l\u00edcita. Como consecuencia de este registro, al USUARIO se le puede proporcionar una contrase\u00f1a de la que ser\u00e1 responsable, comprometi\u00e9ndose a hacer un uso diligente y confidencial de la misma. El USUARIO se compromete a hacer un uso adecuado de los contenidos y servicios (como por ejemplo servicios de chat, foros de discusi\u00f3n o grupos de noticias) que Nombre de la empresa creadora del sitio web ofrece a trav\u00e9s de su portal y con car\u00e1cter enunciativo pero no limitativo, a no emplearlos para (i) incurrir en actividades il\u00edcitas, ilegales o contrarias a la buena fe y al orden p\u00fablico; (ii) difundir contenidos o propaganda de car\u00e1cter racista, xen\u00f3fobo, pornogr\u00e1fico-ilegal, de apolog\u00eda del terrorismo o atentatorio contra los derechos humanos; (iii) provocar da\u00f1os en los sistemas f\u00edsicos y l\u00f3gicos de Nombre de la empresa creadora del sitio web , de sus proveedores o de terceras personas, introducir o difundir en la red virus inform\u00e1ticos o cualesquiera otros sistemas f\u00edsicos o l\u00f3gicos que sean susceptibles de provocar los da\u00f1os anteriormente mencionados; (iv) intentar acceder y, en su caso, utilizar las cuentas de correo electr\u00f3nico de otros usuarios y modificar o manipular sus mensajes. Nombre de la empresa creadora del sitio web se reserva el derecho de retirar todos aquellos comentarios y aportaciones que vulneren el respeto a la dignidad de la persona, que sean discriminatorios, xen\u00f3fobos, racistas, pornogr\u00e1ficos, que atenten contra la juventud o la infancia, el orden o la seguridad p\u00fablica o que, a su juicio, no resultaran adecuados para su publicaci\u00f3n. En cualquier caso, ONDOAN no ser\u00e1 responsable de las opiniones vertidas por los usuarios a trav\u00e9s de los foros, chats, u otras herramientas de participaci\u00f3n.<\/p>\n<hr \/>\n<p style=\"text-align: justify;\"><strong>4- PROTECCI\u00d3N DE DATOS<\/strong><\/p>\n<p style=\"text-align: justify;\">Pol\u00edtica de privacidad, ONDOAN informa a los usuarios del sitio web sobre su pol\u00edtica respecto del tratamiento y protecci\u00f3n de los datos de car\u00e1cter personal de los usuarios y clientes que puedan ser recabados por la navegaci\u00f3n o contrataci\u00f3n de servicios a trav\u00e9s de su sitio web. En este sentido, ONDOAN garantiza el cumplimiento de la normativa vigente en materia de protecci\u00f3n de datos personales, reflejada en la Ley Org\u00e1nica 15\/1999 de 13 de diciembre, de Protecci\u00f3n de Datos de Car\u00e1cter Personal y en el Real Decreto 1720\/2007, de 21 diciembre, por el que se aprueba el Reglamento de Desarrollo de la LOPD. El uso de esta web implica la aceptaci\u00f3n de esta pol\u00edtica de privacidad.<\/p>\n<p style=\"text-align: justify;\">Recogida, finalidad y tratamientos de datos, ONDOAN tiene el deber de informar a los usuarios de su sitio web acerca de la recogida de datos de car\u00e1cter personal que pueden llevarse a cabo, bien sea mediante el env\u00edo de correo electr\u00f3nico o al cumplimentar los formularios incluidos en el sitio web. En este sentido, ONDOAN ser\u00e1 considerada como responsable de los datos recabados mediante los medios anteriormente descritos.<\/p>\n<p style=\"text-align: justify;\">A su vez ONDOAN informa a los usuarios de que la finalidad del tratamiento de los datos recabados contempla: La atenci\u00f3n de solicitudes realizadas por los usuarios, la inclusi\u00f3n en la agenda de contactos, la prestaci\u00f3n de servicios, la gesti\u00f3n de la relaci\u00f3n comercial.<\/p>\n<p style=\"text-align: justify;\">Las operaciones, gestiones y procedimientos t\u00e9cnicos que se realicen de forma automatizada o no automatizada y que posibiliten la recogida, el almacenamiento, la modificaci\u00f3n, la transferencia y otras acciones sobre datos de car\u00e1cter personal, tienen la consideraci\u00f3n de tratamiento de datos personales.<\/p>\n<p style=\"text-align: justify;\">Todos los datos personales, que sean recogidos a trav\u00e9s del sitio web de ONDOAN, y por tanto tenga la consideraci\u00f3n de tratamiento de datos de car\u00e1cter personal, ser\u00e1n incorporados en los ficheros declarados ante la Agencia Espa\u00f1ola de Protecci\u00f3n de Datos por ONDOAN<\/p>\n<p style=\"text-align: justify;\">Comunicaci\u00f3n de informaci\u00f3n a terceros, ONDOAN informa a los usuarios de que sus datos personales no ser\u00e1n cedidos a terceras organizaciones, con la salvedad de que dicha cesi\u00f3n de datos este amparada en una obligaci\u00f3n legal o cuando la prestaci\u00f3n de un servicio implique la necesidad de una relaci\u00f3n contractual con un encargado de tratamiento. En este \u00faltimo caso, solo se llevar\u00e1 a cabo la cesi\u00f3n de datos al tercero cuando ONDOAN disponga del consentimiento expreso del usuario.<\/p>\n<p style=\"text-align: justify;\">Derechos de los usuarios, La Ley Org\u00e1nica 15\/1999, de 13 de diciembre, de Protecci\u00f3n de Datos de Car\u00e1cter Personal concede a los interesados la posibilidad de ejercer una serie de derechos relacionados con el tratamiento de sus datos personales. En tanto en cuanto los datos del usuario son objeto de tratamiento por parte de ONDOAN Los usuarios podr\u00e1n ejercer los derechos de acceso, rectificaci\u00f3n, cancelaci\u00f3n y oposici\u00f3n de acuerdo con lo previsto en la normativa legal vigente en materia de protecci\u00f3n de datos personales. Para hacer uso del ejercicio de estos derechos, el usuario deber\u00e1 dirigirse mediante comunicaci\u00f3n escrita, aportando documentaci\u00f3n que acredite su identidad (DNI o pasaporte), a la siguiente direcci\u00f3n: ONDOAN, Parque Tecnol\u00f3gico Ibaizabal Bidea 101-C, C\u00f3digo postal: 48170, Zamudio (Bizkaia) o la direcci\u00f3n que sea sustituida en el Registro General de Protecci\u00f3n de Datos. Dicha comunicaci\u00f3n deber\u00e1 reflejar la siguiente informaci\u00f3n: Nombre y apellidos del usuario, la petici\u00f3n de solicitud, el domicilio y los datos acreditativos. El ejercicio de derechos deber\u00e1 ser realizado por el propio usuario. No obstante, podr\u00e1n ser ejecutados por una persona autorizada como representante legal del autorizado. En tal caso, se deber\u00e1 aportar la documentaci\u00f3n que acredite esta representaci\u00f3n del interesado.<\/p>\n<hr \/>\n<p style=\"text-align: justify;\"><strong>5- PROPIEDAD INTELECTUAL E INDUSTRIAL<\/strong><\/p>\n<p style=\"text-align: justify;\">ONDOAN por s\u00ed o como cesionaria, es titular de todos los derechos de propiedad intelectual e industrial de su p\u00e1gina web, as\u00ed como de los elementos contenidos en la misma (a t\u00edtulo enunciativo, im\u00e1genes, sonido, audio, v\u00eddeo, software o textos; marcas o logotipos, combinaciones de colores, estructura y dise\u00f1o, selecci\u00f3n de materiales usados, programas de ordenador necesarios para su funcionamiento, acceso y uso, etc.), titularidad de ONDOAN o bien de sus licenciantes.<\/p>\n<p style=\"text-align: justify;\">Todos los derechos reservados. En virtud de lo dispuesto en los art\u00edculos 8 y 32.1, p\u00e1rrafo segundo, de la Ley de Propiedad Intelectual, quedan expresamente prohibidas la reproducci\u00f3n, la distribuci\u00f3n y la comunicaci\u00f3n p\u00fablica, incluida su modalidad de puesta a disposici\u00f3n, de la totalidad o parte de los contenidos de esta p\u00e1gina web, con fines comerciales, en cualquier soporte y por cualquier medio t\u00e9cnico, sin la autorizaci\u00f3n de ONDOAN El USUARIO se compromete a respetar los derechos de Propiedad Intelectual e Industrial titularidad de ONDOAN Podr\u00e1 visualizar los elementos del portal e incluso imprimirlos, copiarlos y almacenarlos en el disco duro de su ordenador o en cualquier otro soporte f\u00edsico siempre y cuando sea, \u00fanica y exclusivamente, para su uso personal y privado. El USUARIO deber\u00e1 abstenerse de suprimir, alterar, eludir o manipular cualquier dispositivo de protecci\u00f3n o sistema de seguridad que estuviera instalado en el las p\u00e1ginas de ONDOAN.<\/p>\n<hr \/>\n<p style=\"text-align: justify;\"><strong>6- POL\u00cdTICA DE COOKIES<\/strong><\/p>\n<p style=\"text-align: justify;\">El sitio Web de ONDOAN y sus dominios utilizan cookies (peque\u00f1os archivos de informaci\u00f3n que el servidor env\u00eda al ordenador de quien accede a la p\u00e1gina) para el correcto funcionamiento y visualizaci\u00f3n de los sitios Web por parte del usuario, as\u00ed como la recogida de estad\u00edsticas.<\/p>\n<p style=\"text-align: justify;\"><strong>Aceptaci\u00f3n de la pol\u00edtica de cookies<\/strong><\/p>\n<p style=\"text-align: justify;\">ONDOAN muestra informaci\u00f3n sobre su Pol\u00edtica de cookies en la parte inferior de cualquier p\u00e1gina del portal con cada inicio de sesi\u00f3n con el objeto de que usted sea consciente.<\/p>\n<p style=\"text-align: justify;\">Ante esta informaci\u00f3n es posible llevar a cabo las siguientes acciones:<\/p>\n<ul style=\"text-align: justify;\">\n<li>Aceptar cookies. No se volver\u00e1 a visualizar este aviso al acceder a cualquier p\u00e1gina del portal durante la presente sesi\u00f3n.<\/li>\n<li>Modificar la configuraci\u00f3n. Podr\u00e1 obtener m\u00e1s informaci\u00f3n sobre qu\u00e9 son las cookies, conocer la Pol\u00edtica de cookies de ONDOAN y modificar la configuraci\u00f3n de su navegador para restringir o bloquear las cookies de ONDOAN en cualquier momento. En el caso de restringir o bloquear las cookies puede ver reducidas las funcionalidades de la web.<\/li>\n<li>Seguir navegando o moverse por la barra de desplazamiento: en cuyo caso consideramos que acepta su uso.<\/li>\n<\/ul>\n<hr \/>\n<p style=\"text-align: justify;\"><strong>7- EXCLUSI\u00d3N DE GARANT\u00cdAS Y RESPONSABILIDAD<\/strong><\/p>\n<p style=\"text-align: justify;\">ONDOAN no se hace responsable, en ning\u00fan caso, de los da\u00f1os y perjuicios de cualquier naturaleza que pudieran ocasionar, a t\u00edtulo enunciativo: errores u omisiones en los contenidos, falta de disponibilidad del portal o la transmisi\u00f3n de virus o programas maliciosos o lesivos en los contenidos, a pesar de haber adoptado todas las medidas tecnol\u00f3gicas necesarias para evitarlo.<\/p>\n<hr \/>\n<p style=\"text-align: justify;\"><strong>8- MODIFICACIONES<\/strong><\/p>\n<p style=\"text-align: justify;\">ONDOAN se reserva el derecho de efectuar sin previo aviso las modificaciones que considere oportunas en su portal, pudiendo cambiar, suprimir o a\u00f1adir tanto los contenidos y servicios que se presten a trav\u00e9s de la misma como la forma en la que \u00e9stos aparezcan presentados o localizados en su portal.<\/p>\n<hr \/>\n<p style=\"text-align: justify;\"><strong>9- ENLACES<\/strong><\/p>\n<p style=\"text-align: justify;\">En el caso de que en www.ONDOAN.com se dispusiesen enlaces o hiperv\u00ednculos hac\u00eda otros sitios de Internet, ONDOAN no ejercer\u00e1 ning\u00fan tipo de control sobre dichos sitios y contenidos. En ning\u00fan caso\u00a0ONDOAN asumir\u00e1 responsabilidad alguna por los contenidos de alg\u00fan enlace perteneciente a un sitio web ajeno, ni garantizar\u00e1 la disponibilidad t\u00e9cnica, calidad, fiabilidad, exactitud, amplitud, veracidad, validez y constitucionalidad de cualquier material o informaci\u00f3n contenida en ninguno de dichos hiperv\u00ednculos u otros sitios de Internet.<\/p>\n<p style=\"text-align: justify;\">Igualmente la inclusi\u00f3n de estas conexiones externas no implicar\u00e1 ning\u00fan tipo de asociaci\u00f3n, fusi\u00f3n o participaci\u00f3n con las entidades conectadas.<\/p>\n<hr \/>\n<p style=\"text-align: justify;\"><strong>10- DERECHO DE EXCLUSI\u00d3N<\/strong><\/p>\n<p style=\"text-align: justify;\">ONDOAN se reserva el derecho a denegar o retirar el acceso a portal y\/o los servicios ofrecidos sin necesidad de preaviso, a instancia propia o de un tercero, a aquellos usuarios que incumplan las presentes Condiciones Generales de Uso.<\/p>\n<hr \/>\n<p style=\"text-align: justify;\"><strong>11- GENERALIDADES<\/strong><\/p>\n<p style=\"text-align: justify;\">ONDOAN perseguir\u00e1 el incumplimiento de las presentes condiciones as\u00ed como cualquier utilizaci\u00f3n indebida de su portal ejerciendo todas las acciones civiles y penales que le puedan corresponder en derecho.<\/p>\n<hr \/>\n<p style=\"text-align: justify;\"><strong>12- MODIFICACI\u00d3N DE LAS PRESENTES CONDICIONES Y DURACI\u00d3N<\/strong><\/p>\n<p style=\"text-align: justify;\">ONDOAN podr\u00e1 modificar en cualquier momento las condiciones aqu\u00ed determinadas, siendo debidamente publicadas como aqu\u00ed aparecen.<\/p>\n<p style=\"text-align: justify;\">La vigencia de las citadas condiciones ir\u00e1 en funci\u00f3n de su exposici\u00f3n y estar\u00e1n vigentes hasta debidamente publicadas, sean modificadas por otras.<\/p>\n<hr \/>\n<p style=\"text-align: justify;\"><strong>13- LEGISLACI\u00d3N APLICABLE Y JURISDICCI\u00d3N<\/strong><\/p>\n<p style=\"text-align: justify;\">La relaci\u00f3n entre ONDOAN y el USUARIO se regir\u00e1 por la normativa espa\u00f1ola vigente y cualquier controversia se someter\u00e1 a los Juzgados y tribunales de la ciudad de Bilbao.<\/p>\n<hr \/>\n<hr \/>\n<!-- AddThis Advanced Settings generic via filter on the_content --><!-- AddThis Share Buttons generic via filter on the_content -->","protected":false},"excerpt":{"rendered":"AVISO LEGAL &nbsp; 1- DATOS IDENTIFICATIVOS En cumplimiento con el deber de informaci\u00f3n recogido en art\u00edculo 10 de la Ley 34\/2002, de 11 de julio, de Servicios de la Sociedad&#8230; <a href=\"https:\/\/www.ondoan.com\/eu\/aviso-legal\">[+]<\/a><!-- AddThis Advanced Settings generic via filter on get_the_excerpt --><!-- AddThis Share Buttons generic via filter on get_the_excerpt -->","protected":false},"author":2,"featured_media":0,"parent":0,"menu_order":70,"comment_status":"closed","ping_status":"closed","template":"page-nobottom.php","meta":{"_exactmetrics_skip_tracking":false,"_exactmetrics_sitenote_active":false,"_exactmetrics_sitenote_note":"","_exactmetrics_sitenote_category":0,"_monsterinsights_skip_tracking":false,"_monsterinsights_sitenote_active":false,"_monsterinsights_sitenote_note":"","_monsterinsights_sitenote_category":0,"_uf_show_specific_survey":0,"_uf_disable_surveys":false},"acf":[],"aioseo_notices":[],"yoast_head":"<!-- This site is optimized with the Yoast SEO plugin v18.9 - https:\/\/yoast.com\/wordpress\/plugins\/seo\/ -->\n<title>Aviso Legal - Ondoan<\/title>\n<meta name=\"description\" content=\"Aviso legal ONDOAN.\" \/>\n<meta name=\"robots\" content=\"index, follow, max-snippet:-1, max-image-preview:large, max-video-preview:-1\" \/>\n<link rel=\"canonical\" href=\"https:\/\/www.ondoan.com\/eu\/aviso-legal\" \/>\n<meta property=\"og:locale\" content=\"en_US\" \/>\n<meta property=\"og:type\" content=\"article\" \/>\n<meta property=\"og:title\" content=\"Aviso Legal - Ondoan\" \/>\n<meta property=\"og:description\" content=\"Aviso legal ONDOAN.\" \/>\n<meta property=\"og:url\" content=\"https:\/\/www.ondoan.com\/eu\/aviso-legal\" \/>\n<meta property=\"og:site_name\" content=\"Ondoan\" \/>\n<meta property=\"article:modified_time\" content=\"2024-05-09T09:50:04+00:00\" \/>\n<meta name=\"twitter:card\" content=\"summary\" \/>\n<meta name=\"twitter:label1\" content=\"Est. reading time\" \/>\n\t<meta name=\"twitter:data1\" content=\"10 minutua\" \/>\n<script type=\"application\/ld+json\" class=\"yoast-schema-graph\">{\"@context\":\"https:\/\/schema.org\",\"@graph\":[{\"@type\":\"WebSite\",\"@id\":\"https:\/\/www.ondoan.com\/#website\",\"url\":\"https:\/\/www.ondoan.com\/\",\"name\":\"Ondoan\",\"description\":\"Ingenier\u00eda, Instalaciones y Medioambiente\",\"potentialAction\":[{\"@type\":\"SearchAction\",\"target\":{\"@type\":\"EntryPoint\",\"urlTemplate\":\"https:\/\/www.ondoan.com\/?s={search_term_string}\"},\"query-input\":\"required name=search_term_string\"}],\"inLanguage\":\"eu\"},{\"@type\":\"WebPage\",\"@id\":\"https:\/\/www.ondoan.com\/eu\/aviso-legal#webpage\",\"url\":\"https:\/\/www.ondoan.com\/eu\/aviso-legal\",\"name\":\"Aviso Legal - Ondoan\",\"isPartOf\":{\"@id\":\"https:\/\/www.ondoan.com\/#website\"},\"datePublished\":\"2015-11-05T23:09:05+00:00\",\"dateModified\":\"2024-05-09T09:50:04+00:00\",\"description\":\"Aviso legal ONDOAN.\",\"breadcrumb\":{\"@id\":\"https:\/\/www.ondoan.com\/eu\/aviso-legal#breadcrumb\"},\"inLanguage\":\"eu\",\"potentialAction\":[{\"@type\":\"ReadAction\",\"target\":[\"https:\/\/www.ondoan.com\/eu\/aviso-legal\"]}]},{\"@type\":\"BreadcrumbList\",\"@id\":\"https:\/\/www.ondoan.com\/eu\/aviso-legal#breadcrumb\",\"itemListElement\":[{\"@type\":\"ListItem\",\"position\":1,\"name\":\"Portada\",\"item\":\"https:\/\/www.ondoan.com\/\"},{\"@type\":\"ListItem\",\"position\":2,\"name\":\"Aviso Legal\"}]}]}<\/script>\n<!-- \/ Yoast SEO plugin. -->","yoast_head_json":{"title":"Aviso Legal - Ondoan","description":"Aviso legal ONDOAN.","robots":{"index":"index","follow":"follow","max-snippet":"max-snippet:-1","max-image-preview":"max-image-preview:large","max-video-preview":"max-video-preview:-1"},"canonical":"https:\/\/www.ondoan.com\/eu\/aviso-legal","og_locale":"en_US","og_type":"article","og_title":"Aviso Legal - Ondoan","og_description":"Aviso legal ONDOAN.","og_url":"https:\/\/www.ondoan.com\/eu\/aviso-legal","og_site_name":"Ondoan","article_modified_time":"2024-05-09T09:50:04+00:00","twitter_card":"summary","twitter_misc":{"Est. reading time":"10 minutua"},"schema":{"@context":"https:\/\/schema.org","@graph":[{"@type":"WebSite","@id":"https:\/\/www.ondoan.com\/#website","url":"https:\/\/www.ondoan.com\/","name":"Ondoan","description":"Ingenier\u00eda, Instalaciones y Medioambiente","potentialAction":[{"@type":"SearchAction","target":{"@type":"EntryPoint","urlTemplate":"https:\/\/www.ondoan.com\/?s={search_term_string}"},"query-input":"required name=search_term_string"}],"inLanguage":"eu"},{"@type":"WebPage","@id":"https:\/\/www.ondoan.com\/eu\/aviso-legal#webpage","url":"https:\/\/www.ondoan.com\/eu\/aviso-legal","name":"Aviso Legal - Ondoan","isPartOf":{"@id":"https:\/\/www.ondoan.com\/#website"},"datePublished":"2015-11-05T23:09:05+00:00","dateModified":"2024-05-09T09:50:04+00:00","description":"Aviso legal ONDOAN.","breadcrumb":{"@id":"https:\/\/www.ondoan.com\/eu\/aviso-legal#breadcrumb"},"inLanguage":"eu","potentialAction":[{"@type":"ReadAction","target":["https:\/\/www.ondoan.com\/eu\/aviso-legal"]}]},{"@type":"BreadcrumbList","@id":"https:\/\/www.ondoan.com\/eu\/aviso-legal#breadcrumb","itemListElement":[{"@type":"ListItem","position":1,"name":"Portada","item":"https:\/\/www.ondoan.com\/"},{"@type":"ListItem","position":2,"name":"Aviso Legal"}]}]}},"_links":{"self":[{"href":"https:\/\/www.ondoan.com\/eu\/wp-json\/wp\/v2\/pages\/6439"}],"collection":[{"href":"https:\/\/www.ondoan.com\/eu\/wp-json\/wp\/v2\/pages"}],"about":[{"href":"https:\/\/www.ondoan.com\/eu\/wp-json\/wp\/v2\/types\/page"}],"author":[{"embeddable":true,"href":"https:\/\/www.ondoan.com\/eu\/wp-json\/wp\/v2\/users\/2"}],"replies":[{"embeddable":true,"href":"https:\/\/www.ondoan.com\/eu\/wp-json\/wp\/v2\/comments?post=6439"}],"version-history":[{"count":0,"href":"https:\/\/www.ondoan.com\/eu\/wp-json\/wp\/v2\/pages\/6439\/revisions"}],"wp:attachment":[{"href":"https:\/\/www.ondoan.com\/eu\/wp-json\/wp\/v2\/media?parent=6439"}],"curies":[{"name":"wp","href":"https:\/\/api.w.org\/{rel}","templated":true}]}}