{"id":834,"date":"2016-07-10T17:02:17","date_gmt":"2016-07-10T15:02:17","guid":{"rendered":"https:\/\/www.ondoan.com\/eu\/?page_id=834"},"modified":"2016-07-21T11:16:35","modified_gmt":"2016-07-21T09:16:35","slug":"automobilgintza","status":"publish","type":"page","link":"https:\/\/www.ondoan.com\/eu\/ingeniaritza-mantentze-lanak-eta-barne-inguruneko-kalitatea-erreferentziak\/automobilgintza","title":{"rendered":"Automobilgintza"},"content":{"rendered":"\n\t\t<div  class = \"cycle-slideshow\" \n\t\t\t\t\tdata-cycle-fx       = \"fade\" \n\t\t\t\t\tdata-cycle-swipe    = \"true\"\n\t\t\t\t\tdata-cycle-swipe-fx = \"scrollHorz\"\n\t\t\t\t\tdata-cycle-timeout  = \"8000\" \n\t\t\t\t\tdata-cycle-log      = \"false\" \n\t\t\t\t\tdata-cycle-pause-on-hover = \"true\" \n\t\t\t\t\tdata-cycle-pager          = \"#pager\" \n\t\t\t\t\tdata-cycle-pager-template = \"<a href='#'><\/a>\" \n\t\t\t\t\tdata-cycle-auto-height = \"calc\" \n\t\t\t\t\tdata-cycle-slides \t  = \".slide\">\n\n\t\t\t\t\t<div id=\"pager\"><\/div>\n\t\t\t<div class=\"text-justify slide first-slide\">\n\t\t\t\t<img width=\"100%\" src=\"https:\/\/www.ondoan.com\/img\/2015\/11\/aic.jpg\" \/><br \/><br \/>\n\t\t\t\t<strong>AIC Automotive, Bizkaia<\/strong><br \/>AIC-Automotive Intelligence Center es un centro de generaci\u00f3n de valor para el sector de automoci\u00f3n, gestionado por ACICAE-Cluster de Automoci\u00f3n del Pa\u00eds Vasco, y se ubica en Bilbao, en Amorebieta-Etxano y en Ermua. En Amorebieta, ONDOAN ha ejecutado la Climatizaci\u00f3n de las Oficinas y los Laboratorios, la Refrigeraci\u00f3n Industrial, los Sistemas de Aire Comprimido y la Protecci\u00f3n contra Incendios. En Ermua ha realizado las Instalaciones de Calefacci\u00f3n de los nuevos m\u00f3dulos implantados en ella. Mantenimiento de las Instalaciones Climatizaci\u00f3n y PCI, adem\u00e1s de Mantenimiento de la Calidad Ambiental Interior y de Tratamiento Contra la Legionella. \n\t\t\t<\/div>\n\t\t\t<div class=\"text-justify slide\">\n\t\t\t\t<img width=\"100%\" src=\"https:\/\/www.ondoan.com\/img\/2015\/11\/irizar.png\" \/><br \/><br \/>\n\t\t\t\t<strong>Irizar, Gipuzkoa<\/strong><br \/>En el periodo 1995-2014, ONDOAN ha instalado los Sistemas de Climatizaci\u00f3n y Protecci\u00f3n contra Incendios de Oficinas y Naves de Producci\u00f3n, el Sistema de Control Centralizado, las Centrales de Producci\u00f3n de Vapor y las Redes de Tuber\u00edas de Refrigeraci\u00f3n, Calefacci\u00f3n y de Aire Comprimido. Mantenimiento de las Instalaciones de Climatizaci\u00f3n y PCI.\n\t\t\t<\/div>\n\t\t\t<div class=\"text-justify slide\">\n\t\t\t\t<img width=\"100%\" src=\"https:\/\/www.ondoan.com\/img\/2015\/11\/guardian.png\" \/><br \/><br \/>\n\t\t\t\t<strong>Guardian Glass, \u00c1lava<\/strong><br \/>ONDOAN ha instalado los Sistemas de Climatizaci\u00f3n de Salas Blancas, los de Protecci\u00f3n contra Incendios y los de Tratamiento de Aire, con control de temperatura y humedad relativa, para Salas de Ensamblado, adem\u00e1s de ejecutar el Sistema de Refrigeraci\u00f3n del Autoclave de la planta que Guardian Glass tiene en la localidad alavesa de Llodio. Mantenimiento de las Instalaciones de Protecci\u00f3n contra Incendios.\n\t\t\t<\/div>\n\t\t\t<div class=\"text-justify slide\">\n\t\t\t\t<img width=\"100%\" src=\"https:\/\/www.ondoan.com\/img\/2015\/11\/fagor-ederlan.png\" \/><br \/><br \/>\n\t\t\t\t<strong>Fagor Ederlan, Gipuzkoa<\/strong><br \/>ONDOAN ha instalado los Sistemas de Redes flexibles de Refrigeraci\u00f3n, Aire Comprimido y Agua Industrial en el Horno de Inyecci\u00f3n. Mantenimiento de las Instalaciones de Climatizaci\u00f3n y PCI.\n\t\t\t<\/div>\n\t\t\t<div class=\"text-justify slide\">\n\t\t\t\t<img width=\"100%\" src=\"https:\/\/www.ondoan.com\/img\/2015\/11\/fpk.png\" \/><br \/><br \/>\n\t\t\t\t<strong>FPK Lightweight Technologies, Bizkaia<\/strong><br \/>ONDOAN ha llevado a cabo las labores de Instalaci\u00f3n del Sistema de Producci\u00f3n de Agua Fr\u00eda mediante Enfriadoras, para Refrigeraci\u00f3n de Equipos de Producci\u00f3n de Piezas, de un Sistema de Producci\u00f3n de Agua Fr\u00eda mediante Torres, de los Sistemas de Protecci\u00f3n contra Incendios (incluidos Equipos de Espuma), y de las Instalaciones de Gas Natural y Calefacci\u00f3n de Naves mediante Paneles Radiantes. Mantenimiento de las Instalaciones de Climatizaci\u00f3n y PCI.\n\t\t\t<\/div>\n\t\t\t<div class=\"text-justify slide\">\n\t\t\t\t<img width=\"100%\" src=\"https:\/\/www.ondoan.com\/img\/2015\/11\/maier.png\" \/><br \/><br \/>\n\t\t\t\t<strong>Maier, Bizkaia<\/strong><br \/>ONDOAN ha efectuado a lo largo de los \u00faltimos 25 a\u00f1os diversas instalaciones para Maier: Climatizaci\u00f3n de Oficinas y Naves de Producci\u00f3n, Protecci\u00f3n contra Incendios, Centrales de Producci\u00f3n de Agua de Refrigeraci\u00f3n mediante Enfriadoras, Refrigeraci\u00f3n Industrial mediante Torres, Producci\u00f3n de Agua Caliente para procesos industriales y de pintura,  Redes de Tuber\u00edas de Refrigeraci\u00f3n, de Calefacci\u00f3n y de Aire Comprimido. Mantenimiento de las Instalaciones de Climatizaci\u00f3n.\n\t\t\t<\/div>\n\t\t\t<div class=\"text-justify slide\">\n\t\t\t\t<img width=\"100%\" src=\"https:\/\/www.ondoan.com\/img\/2015\/11\/edertreck.png\" \/><br \/><br \/>\n\t\t\t\t<strong>Edertek, Gipuzkoa<\/strong><br \/>ONDOAN ha trabajado en la instalaci\u00f3n de los Sistemas de Climatizaci\u00f3n de Naves, Redes de Tuber\u00edas de Refrigeraci\u00f3n, Redes de Aire Comprimido, Redes de Tuber\u00edas de evacuaci\u00f3n de prototipos y de Tuber\u00edas de Agua Industrial.\n\t\t\t<\/div>\n\t\t\t<div class=\"text-justify slide\">\n\t\t\t\t<img width=\"100%\" src=\"https:\/\/www.ondoan.com\/img\/2015\/11\/cikautxo.png\" \/><br \/><br \/>\n\t\t\t\t<strong>Cikautxo, Bizkaia<\/strong><br \/>Entre 1990 y 2014 ONDOAN ha instalado los Sistemas de Climatizaci\u00f3n de Oficinas y Naves de Producci\u00f3n, de Protecci\u00f3n contra Incendios, Centrales de Producci\u00f3n de Agua de Refrigeraci\u00f3n mediante Enfriadoras y Torres, as\u00ed como Redes de Tuber\u00edas de Refrigeraci\u00f3n y Calefacci\u00f3n. Tambi\u00e9n se ha instalado una Central de Producci\u00f3n de Aire Comprimido y su Red de Distribuci\u00f3n, as\u00ed como un Sistema de Control Centralizado. Mantenimiento de las Instalaciones de Protecci\u00f3n contra Incendios. \n\t\t\t<\/div><\/div>\n<!-- AddThis Advanced Settings generic via filter on the_content --><!-- AddThis Share Buttons generic via filter on the_content -->","protected":false},"excerpt":{"rendered":"<!-- AddThis Advanced Settings generic via filter on get_the_excerpt --><!-- AddThis Share Buttons generic via filter on get_the_excerpt -->","protected":false},"author":3,"featured_media":484,"parent":895,"menu_order":0,"comment_status":"closed","ping_status":"closed","template":"","meta":{"_exactmetrics_skip_tracking":false,"_exactmetrics_sitenote_active":false,"_exactmetrics_sitenote_note":"","_exactmetrics_sitenote_category":0,"_monsterinsights_skip_tracking":false,"_monsterinsights_sitenote_active":false,"_monsterinsights_sitenote_note":"","_monsterinsights_sitenote_category":0,"_uf_show_specific_survey":0,"_uf_disable_surveys":false},"acf":[],"aioseo_notices":[],"yoast_head":"<!-- This site is optimized with the Yoast SEO plugin v18.9 - https:\/\/yoast.com\/wordpress\/plugins\/seo\/ -->\n<title>Automobilgintza - Ondoan<\/title>\n<meta name=\"description\" content=\"Automobilgintza. Ingeniaritza, Mantentze-lanak eta Barne Inguruneko Kalitatea. Erreferentziak\" \/>\n<meta name=\"robots\" content=\"index, follow, max-snippet:-1, max-image-preview:large, max-video-preview:-1\" \/>\n<link rel=\"canonical\" href=\"https:\/\/www.ondoan.com\/eu\/ingeniaritza-mantentze-lanak-eta-barne-inguruneko-kalitatea-erreferentziak\/automobilgintza\" \/>\n<meta property=\"og:locale\" content=\"en_US\" \/>\n<meta property=\"og:type\" content=\"article\" \/>\n<meta property=\"og:title\" content=\"Automobilgintza - Ondoan\" \/>\n<meta property=\"og:description\" content=\"Automobilgintza. Ingeniaritza, Mantentze-lanak eta Barne Inguruneko Kalitatea. Erreferentziak\" \/>\n<meta property=\"og:url\" content=\"https:\/\/www.ondoan.com\/eu\/ingeniaritza-mantentze-lanak-eta-barne-inguruneko-kalitatea-erreferentziak\/automobilgintza\" \/>\n<meta property=\"og:site_name\" content=\"Ondoan\" \/>\n<meta property=\"article:modified_time\" content=\"2016-07-21T09:16:35+00:00\" \/>\n<meta property=\"og:image\" content=\"https:\/\/www.ondoan.com\/img\/2015\/11\/aic-cabecera.jpg\" \/>\n\t<meta property=\"og:image:width\" content=\"1200\" \/>\n\t<meta property=\"og:image:height\" content=\"304\" \/>\n\t<meta property=\"og:image:type\" content=\"image\/jpeg\" \/>\n<meta name=\"twitter:card\" content=\"summary\" \/>\n<script type=\"application\/ld+json\" class=\"yoast-schema-graph\">{\"@context\":\"https:\/\/schema.org\",\"@graph\":[{\"@type\":\"WebSite\",\"@id\":\"https:\/\/www.ondoan.com\/#website\",\"url\":\"https:\/\/www.ondoan.com\/\",\"name\":\"Ondoan\",\"description\":\"Ingenier\u00eda, Instalaciones y Medioambiente\",\"potentialAction\":[{\"@type\":\"SearchAction\",\"target\":{\"@type\":\"EntryPoint\",\"urlTemplate\":\"https:\/\/www.ondoan.com\/?s={search_term_string}\"},\"query-input\":\"required name=search_term_string\"}],\"inLanguage\":\"eu\"},{\"@type\":\"ImageObject\",\"inLanguage\":\"eu\",\"@id\":\"https:\/\/www.ondoan.com\/eu\/ingeniaritza-mantentze-lanak-eta-barne-inguruneko-kalitatea-erreferentziak\/automobilgintza#primaryimage\",\"url\":\"https:\/\/www.ondoan.com\/img\/2015\/11\/aic-cabecera.jpg\",\"contentUrl\":\"https:\/\/www.ondoan.com\/img\/2015\/11\/aic-cabecera.jpg\",\"width\":1200,\"height\":304},{\"@type\":\"WebPage\",\"@id\":\"https:\/\/www.ondoan.com\/eu\/ingeniaritza-mantentze-lanak-eta-barne-inguruneko-kalitatea-erreferentziak\/automobilgintza#webpage\",\"url\":\"https:\/\/www.ondoan.com\/eu\/ingeniaritza-mantentze-lanak-eta-barne-inguruneko-kalitatea-erreferentziak\/automobilgintza\",\"name\":\"Automobilgintza - Ondoan\",\"isPartOf\":{\"@id\":\"https:\/\/www.ondoan.com\/#website\"},\"primaryImageOfPage\":{\"@id\":\"https:\/\/www.ondoan.com\/eu\/ingeniaritza-mantentze-lanak-eta-barne-inguruneko-kalitatea-erreferentziak\/automobilgintza#primaryimage\"},\"datePublished\":\"2016-07-10T15:02:17+00:00\",\"dateModified\":\"2016-07-21T09:16:35+00:00\",\"description\":\"Automobilgintza. Ingeniaritza, Mantentze-lanak eta Barne Inguruneko Kalitatea. Erreferentziak\",\"breadcrumb\":{\"@id\":\"https:\/\/www.ondoan.com\/eu\/ingeniaritza-mantentze-lanak-eta-barne-inguruneko-kalitatea-erreferentziak\/automobilgintza#breadcrumb\"},\"inLanguage\":\"eu\",\"potentialAction\":[{\"@type\":\"ReadAction\",\"target\":[\"https:\/\/www.ondoan.com\/eu\/ingeniaritza-mantentze-lanak-eta-barne-inguruneko-kalitatea-erreferentziak\/automobilgintza\"]}]},{\"@type\":\"BreadcrumbList\",\"@id\":\"https:\/\/www.ondoan.com\/eu\/ingeniaritza-mantentze-lanak-eta-barne-inguruneko-kalitatea-erreferentziak\/automobilgintza#breadcrumb\",\"itemListElement\":[{\"@type\":\"ListItem\",\"position\":1,\"name\":\"Portada\",\"item\":\"https:\/\/www.ondoan.com\/\"},{\"@type\":\"ListItem\",\"position\":2,\"name\":\"Ingeniaritza, Mantentze-lanak eta Barneko Giroaren Kalitatea. Erreferentziak\",\"item\":\"https:\/\/www.ondoan.com\/eu\/ingeniaritza-mantentze-lanak-eta-barne-inguruneko-kalitatea-erreferentziak\"},{\"@type\":\"ListItem\",\"position\":3,\"name\":\"Automobilgintza\"}]}]}<\/script>\n<!-- \/ Yoast SEO plugin. -->","yoast_head_json":{"title":"Automobilgintza - Ondoan","description":"Automobilgintza. Ingeniaritza, Mantentze-lanak eta Barne Inguruneko Kalitatea. Erreferentziak","robots":{"index":"index","follow":"follow","max-snippet":"max-snippet:-1","max-image-preview":"max-image-preview:large","max-video-preview":"max-video-preview:-1"},"canonical":"https:\/\/www.ondoan.com\/eu\/ingeniaritza-mantentze-lanak-eta-barne-inguruneko-kalitatea-erreferentziak\/automobilgintza","og_locale":"en_US","og_type":"article","og_title":"Automobilgintza - Ondoan","og_description":"Automobilgintza. Ingeniaritza, Mantentze-lanak eta Barne Inguruneko Kalitatea. Erreferentziak","og_url":"https:\/\/www.ondoan.com\/eu\/ingeniaritza-mantentze-lanak-eta-barne-inguruneko-kalitatea-erreferentziak\/automobilgintza","og_site_name":"Ondoan","article_modified_time":"2016-07-21T09:16:35+00:00","og_image":[{"width":1200,"height":304,"url":"https:\/\/www.ondoan.com\/img\/2015\/11\/aic-cabecera.jpg","type":"image\/jpeg"}],"twitter_card":"summary","schema":{"@context":"https:\/\/schema.org","@graph":[{"@type":"WebSite","@id":"https:\/\/www.ondoan.com\/#website","url":"https:\/\/www.ondoan.com\/","name":"Ondoan","description":"Ingenier\u00eda, Instalaciones y Medioambiente","potentialAction":[{"@type":"SearchAction","target":{"@type":"EntryPoint","urlTemplate":"https:\/\/www.ondoan.com\/?s={search_term_string}"},"query-input":"required name=search_term_string"}],"inLanguage":"eu"},{"@type":"ImageObject","inLanguage":"eu","@id":"https:\/\/www.ondoan.com\/eu\/ingeniaritza-mantentze-lanak-eta-barne-inguruneko-kalitatea-erreferentziak\/automobilgintza#primaryimage","url":"https:\/\/www.ondoan.com\/img\/2015\/11\/aic-cabecera.jpg","contentUrl":"https:\/\/www.ondoan.com\/img\/2015\/11\/aic-cabecera.jpg","width":1200,"height":304},{"@type":"WebPage","@id":"https:\/\/www.ondoan.com\/eu\/ingeniaritza-mantentze-lanak-eta-barne-inguruneko-kalitatea-erreferentziak\/automobilgintza#webpage","url":"https:\/\/www.ondoan.com\/eu\/ingeniaritza-mantentze-lanak-eta-barne-inguruneko-kalitatea-erreferentziak\/automobilgintza","name":"Automobilgintza - Ondoan","isPartOf":{"@id":"https:\/\/www.ondoan.com\/#website"},"primaryImageOfPage":{"@id":"https:\/\/www.ondoan.com\/eu\/ingeniaritza-mantentze-lanak-eta-barne-inguruneko-kalitatea-erreferentziak\/automobilgintza#primaryimage"},"datePublished":"2016-07-10T15:02:17+00:00","dateModified":"2016-07-21T09:16:35+00:00","description":"Automobilgintza. Ingeniaritza, Mantentze-lanak eta Barne Inguruneko Kalitatea. Erreferentziak","breadcrumb":{"@id":"https:\/\/www.ondoan.com\/eu\/ingeniaritza-mantentze-lanak-eta-barne-inguruneko-kalitatea-erreferentziak\/automobilgintza#breadcrumb"},"inLanguage":"eu","potentialAction":[{"@type":"ReadAction","target":["https:\/\/www.ondoan.com\/eu\/ingeniaritza-mantentze-lanak-eta-barne-inguruneko-kalitatea-erreferentziak\/automobilgintza"]}]},{"@type":"BreadcrumbList","@id":"https:\/\/www.ondoan.com\/eu\/ingeniaritza-mantentze-lanak-eta-barne-inguruneko-kalitatea-erreferentziak\/automobilgintza#breadcrumb","itemListElement":[{"@type":"ListItem","position":1,"name":"Portada","item":"https:\/\/www.ondoan.com\/"},{"@type":"ListItem","position":2,"name":"Ingeniaritza, Mantentze-lanak eta Barneko Giroaren Kalitatea. Erreferentziak","item":"https:\/\/www.ondoan.com\/eu\/ingeniaritza-mantentze-lanak-eta-barne-inguruneko-kalitatea-erreferentziak"},{"@type":"ListItem","position":3,"name":"Automobilgintza"}]}]}},"_links":{"self":[{"href":"https:\/\/www.ondoan.com\/eu\/wp-json\/wp\/v2\/pages\/834"}],"collection":[{"href":"https:\/\/www.ondoan.com\/eu\/wp-json\/wp\/v2\/pages"}],"about":[{"href":"https:\/\/www.ondoan.com\/eu\/wp-json\/wp\/v2\/types\/page"}],"author":[{"embeddable":true,"href":"https:\/\/www.ondoan.com\/eu\/wp-json\/wp\/v2\/users\/3"}],"replies":[{"embeddable":true,"href":"https:\/\/www.ondoan.com\/eu\/wp-json\/wp\/v2\/comments?post=834"}],"version-history":[{"count":0,"href":"https:\/\/www.ondoan.com\/eu\/wp-json\/wp\/v2\/pages\/834\/revisions"}],"up":[{"embeddable":true,"href":"https:\/\/www.ondoan.com\/eu\/wp-json\/wp\/v2\/pages\/895"}],"wp:featuredmedia":[{"embeddable":true,"href":"https:\/\/www.ondoan.com\/eu\/wp-json\/wp\/v2\/media\/484"}],"wp:attachment":[{"href":"https:\/\/www.ondoan.com\/eu\/wp-json\/wp\/v2\/media?parent=834"}],"curies":[{"name":"wp","href":"https:\/\/api.w.org\/{rel}","templated":true}]}}