{"id":848,"date":"2016-07-10T22:28:24","date_gmt":"2016-07-10T20:28:24","guid":{"rendered":"https:\/\/www.ondoan.com\/eu\/?page_id=848"},"modified":"2016-07-21T11:26:08","modified_gmt":"2016-07-21T09:26:08","slug":"hotelak","status":"publish","type":"page","link":"https:\/\/www.ondoan.com\/eu\/ingeniaritza-mantentze-lanak-eta-barne-inguruneko-kalitatea-erreferentziak\/hotelak","title":{"rendered":"Hotelak"},"content":{"rendered":"\n\t\t<div  class = \"cycle-slideshow\" \n\t\t\t\t\tdata-cycle-fx       = \"fade\" \n\t\t\t\t\tdata-cycle-swipe    = \"true\"\n\t\t\t\t\tdata-cycle-swipe-fx = \"scrollHorz\"\n\t\t\t\t\tdata-cycle-timeout  = \"8000\" \n\t\t\t\t\tdata-cycle-log      = \"false\" \n\t\t\t\t\tdata-cycle-pause-on-hover = \"true\" \n\t\t\t\t\tdata-cycle-pager          = \"#pager\" \n\t\t\t\t\tdata-cycle-pager-template = \"<a href='#'><\/a>\" \n\t\t\t\t\tdata-cycle-auto-height = \"calc\" \n\t\t\t\t\tdata-cycle-slides \t  = \".slide\">\n\n\t\t\t\t\t<div id=\"pager\"><\/div>\n\t\t\t<div class=\"text-justify slide first-slide\">\n\t\t\t\t<img width=\"100%\" src=\"https:\/\/www.ondoan.com\/img\/2015\/11\/astoria-7.png\" \/><br \/><br \/>\n\t\t\t\t<strong>Hotel Astoria 7, Donostia-San Sebasti\u00e1n<\/strong><br \/>El hotel, de nueva construcci\u00f3n, ha sido ubicado en un edificio emblem\u00e1tico de la ciudad de San Sebasti\u00e1n: las antiguas salas del Cine Astoria. Cuenta con un total de 102 habitaciones dedicadas de manera \u00fanica y exclusiva a una estrella, actor o director de cine que haya estado presente en el Festival Internacional de Cine de San Sebasti\u00e1n. ONDOAN ha participado en el proyecto de construcci\u00f3n ejecutando los Sistemas de Climatizaci\u00f3n, Agua Caliente Sanitaria, Gas y Protecci\u00f3n contra Incendios. Mantenimiento de las Instalaciones Climatizaci\u00f3n y PCI.\n\t\t\t<\/div>\n\t\t\t<div class=\"text-justify slide\">\n\t\t\t\t<img width=\"100%\" src=\"https:\/\/www.ondoan.com\/img\/2015\/11\/diagonal-plaza.png\" \/><br \/><br \/>\n\t\t\t\t<strong>Hotel Diagonal Plaza, Zaragoza<\/strong><br \/>El Hotel Diagonal Plaza es un establecimiento hotelero de 176 habitaciones, de reciente construcci\u00f3n, situado en la Plataforma Log\u00edstica Plaza de Zaragoza, la m\u00e1s grande de Europa, y la zona m\u00e1s din\u00e1mica de la capital aragonesa. ONDOAN ha realizado tanto las Instalaciones de Climatizaci\u00f3n (sistema VRV) como de Agua Caliente Sanitaria de este complejo.\n\t\t\t<\/div>\n\t\t\t<div class=\"text-justify slide\">\n\t\t\t\t<img width=\"100%\" src=\"https:\/\/www.ondoan.com\/img\/2015\/11\/hard-rock-ibiza.png\" \/><br \/><br \/>\n\t\t\t\t<strong>Hard Rock Hotel Ibiza, Baleares<\/strong><br \/>ONDOAN ha participado en los trabajos de Climatizaci\u00f3n, Ventilaci\u00f3n y Protecci\u00f3n contra Incendios del nuevo Hard Rock Hotel de Ibiza, el primero que ha implantado en Europa la famosa cadena hotelera del mismo nombre, propiedad de los indios sem\u00ednola norteamericanos, y fruto de la alianza sellada con Palladium Hotels & Resorts, uno de los grandes de la hosteler\u00eda.\n\t\t\t<\/div>\n\t\t\t<div class=\"text-justify slide\">\n\t\t\t\t<img width=\"100%\" src=\"https:\/\/www.ondoan.com\/img\/2015\/11\/maria-cristina.png\" \/><br \/><br \/>\n\t\t\t\t<strong>M\u00aa Cristina, Donostia-San Sebasti\u00e1n<\/strong><br \/>El emblem\u00e1tico hotel de San Sebasti\u00e1n acometi\u00f3 en 2012 una reforma integral del edificio que lo alberga, de cara a lucirlo renovado en la conmemoraci\u00f3n de su centenario. ONDOAN ha participado en el renacer del gran protagonista de la Belle \u00c9poque donostiarra, instalando los nuevos Sistemas de Climatizaci\u00f3n y ACS. Mantenimiento de las Instalaciones Climatizaci\u00f3n y Mantenimiento de la Calidad Ambiental Interior.\n\t\t\t<\/div>\n\t\t\t<div class=\"text-justify slide\">\n\t\t\t\t<img width=\"100%\" src=\"https:\/\/www.ondoan.com\/img\/2015\/11\/novotel.png\" \/><br \/><br \/>\n\t\t\t\t<strong>Hotel Novotel Barakaldo, Bizkaia<\/strong><br \/>ONDOAN ha realizado las Instalaciones Mec\u00e1nicas de Climatizaci\u00f3n, Protecci\u00f3n contra Incendios, as\u00ed como la Ventilaci\u00f3n de los Aparcamientos del Hotel Novotel, ubicado en el Centro Comercial Megapark de Barakaldo, donde tambi\u00e9n ha ejecutado el equipamiento de Gas Natural.\n\t\t\t<\/div>\n\t\t\t<div class=\"text-justify slide\">\n\t\t\t\t<img width=\"100%\" src=\"https:\/\/www.ondoan.com\/img\/2015\/11\/sercotel.jpg\" \/><br \/><br \/>\n\t\t\t\t<strong>Sercotel Gran Casino, Bilbao<\/strong><br \/>ONDOAN ha ejecutado la instalaci\u00f3n de los sistemas de Climatizaci\u00f3n y Agua Caliente Sanitaria del Hotel Coliseo y del Gran Casino Bilbao, que comparten espacio en un c\u00e9ntrico y emblem\u00e1tico edificio de la capital vizca\u00edna con m\u00e1s de un siglo de historia. Las potencias instaladas en el Casino han sido de 445 kW en fr\u00edo y de 454 kW en calor. Las correspondientes al Hotel son de 410 kW en fr\u00edo y de 678 kW en calor. Mantenimiento de las Instalaciones Climatizaci\u00f3n, PCI, y de Tratamiento Contra la Legionella.\n\t\t\t<\/div>\n\t\t\t<div class=\"text-justify slide\">\n\t\t\t\t<img width=\"100%\" src=\"https:\/\/www.ondoan.com\/img\/2017\/09\/akelarre.png\" \/><br \/><br \/>\n\t\t\t\t<strong>Hotel Akelarre de San Sebasti\u00e1n<\/strong><br \/>ONDOAN ha colaborado en la construcci\u00f3n del nuevo Hotel Akelarre. Enclavado en el Monte Igeldo de San Sebasti\u00e1n, est\u00e1 vinculado al restaurante del mismo nombre y dirigido por el prestigiosos chef Pedro Subijana., Desde su Unidad de Medioambiente, ONDOAN ha elaborado el Proyecto T\u00e9cnico de Comunicaci\u00f3n Previa de Actividad para el complejo, as\u00ed como el Plan de Autoprotecci\u00f3n. Por su parte, la Unidad de Ingenier\u00eda de Instalaciones se ha encargado de la Climatizaci\u00f3n, A.C.S., Alta y Baja Tensi\u00f3n, Protecci\u00f3n Contra Incendios, Fontaner\u00eda y el Sistema de Gesti\u00f3n Centralizada. \n\t\t\t<\/div><\/div>\n<!-- AddThis Advanced Settings generic via filter on the_content --><!-- AddThis Share Buttons generic via filter on the_content -->","protected":false},"excerpt":{"rendered":"<!-- AddThis Advanced Settings generic via filter on get_the_excerpt --><!-- AddThis Share Buttons generic via filter on get_the_excerpt -->","protected":false},"author":3,"featured_media":434,"parent":895,"menu_order":14,"comment_status":"closed","ping_status":"closed","template":"","meta":{"_exactmetrics_skip_tracking":false,"_exactmetrics_sitenote_active":false,"_exactmetrics_sitenote_note":"","_exactmetrics_sitenote_category":0,"_monsterinsights_skip_tracking":false,"_monsterinsights_sitenote_active":false,"_monsterinsights_sitenote_note":"","_monsterinsights_sitenote_category":0,"_uf_show_specific_survey":0,"_uf_disable_surveys":false},"acf":[],"aioseo_notices":[],"yoast_head":"<!-- This site is optimized with the Yoast SEO plugin v18.9 - https:\/\/yoast.com\/wordpress\/plugins\/seo\/ -->\n<title>Hotelak - Ondoan<\/title>\n<meta name=\"description\" content=\"Hotelak. Ingeniaritza, Mantentze-lanak eta Barne Inguruneko Kalitatea. Erreferentziak\" \/>\n<meta name=\"robots\" content=\"index, follow, max-snippet:-1, max-image-preview:large, max-video-preview:-1\" \/>\n<link rel=\"canonical\" href=\"https:\/\/www.ondoan.com\/eu\/ingeniaritza-mantentze-lanak-eta-barne-inguruneko-kalitatea-erreferentziak\/hotelak\" \/>\n<meta property=\"og:locale\" content=\"en_US\" \/>\n<meta property=\"og:type\" content=\"article\" \/>\n<meta property=\"og:title\" content=\"Hotelak - Ondoan\" \/>\n<meta property=\"og:description\" content=\"Hotelak. Ingeniaritza, Mantentze-lanak eta Barne Inguruneko Kalitatea. Erreferentziak\" \/>\n<meta property=\"og:url\" content=\"https:\/\/www.ondoan.com\/eu\/ingeniaritza-mantentze-lanak-eta-barne-inguruneko-kalitatea-erreferentziak\/hotelak\" \/>\n<meta property=\"og:site_name\" content=\"Ondoan\" \/>\n<meta property=\"article:modified_time\" content=\"2016-07-21T09:26:08+00:00\" \/>\n<meta property=\"og:image\" content=\"https:\/\/www.ondoan.com\/img\/2015\/11\/Hoteles1.jpg\" \/>\n\t<meta property=\"og:image:width\" content=\"1200\" \/>\n\t<meta property=\"og:image:height\" content=\"307\" \/>\n\t<meta property=\"og:image:type\" content=\"image\/jpeg\" \/>\n<meta name=\"twitter:card\" content=\"summary\" \/>\n<script type=\"application\/ld+json\" class=\"yoast-schema-graph\">{\"@context\":\"https:\/\/schema.org\",\"@graph\":[{\"@type\":\"WebSite\",\"@id\":\"https:\/\/www.ondoan.com\/#website\",\"url\":\"https:\/\/www.ondoan.com\/\",\"name\":\"Ondoan\",\"description\":\"Ingenier\u00eda, Instalaciones y Medioambiente\",\"potentialAction\":[{\"@type\":\"SearchAction\",\"target\":{\"@type\":\"EntryPoint\",\"urlTemplate\":\"https:\/\/www.ondoan.com\/?s={search_term_string}\"},\"query-input\":\"required name=search_term_string\"}],\"inLanguage\":\"eu\"},{\"@type\":\"ImageObject\",\"inLanguage\":\"eu\",\"@id\":\"https:\/\/www.ondoan.com\/eu\/ingeniaritza-mantentze-lanak-eta-barne-inguruneko-kalitatea-erreferentziak\/hotelak#primaryimage\",\"url\":\"https:\/\/www.ondoan.com\/img\/2015\/11\/Hoteles1.jpg\",\"contentUrl\":\"https:\/\/www.ondoan.com\/img\/2015\/11\/Hoteles1.jpg\",\"width\":1200,\"height\":307},{\"@type\":\"WebPage\",\"@id\":\"https:\/\/www.ondoan.com\/eu\/ingeniaritza-mantentze-lanak-eta-barne-inguruneko-kalitatea-erreferentziak\/hotelak#webpage\",\"url\":\"https:\/\/www.ondoan.com\/eu\/ingeniaritza-mantentze-lanak-eta-barne-inguruneko-kalitatea-erreferentziak\/hotelak\",\"name\":\"Hotelak - Ondoan\",\"isPartOf\":{\"@id\":\"https:\/\/www.ondoan.com\/#website\"},\"primaryImageOfPage\":{\"@id\":\"https:\/\/www.ondoan.com\/eu\/ingeniaritza-mantentze-lanak-eta-barne-inguruneko-kalitatea-erreferentziak\/hotelak#primaryimage\"},\"datePublished\":\"2016-07-10T20:28:24+00:00\",\"dateModified\":\"2016-07-21T09:26:08+00:00\",\"description\":\"Hotelak. Ingeniaritza, Mantentze-lanak eta Barne Inguruneko Kalitatea. Erreferentziak\",\"breadcrumb\":{\"@id\":\"https:\/\/www.ondoan.com\/eu\/ingeniaritza-mantentze-lanak-eta-barne-inguruneko-kalitatea-erreferentziak\/hotelak#breadcrumb\"},\"inLanguage\":\"eu\",\"potentialAction\":[{\"@type\":\"ReadAction\",\"target\":[\"https:\/\/www.ondoan.com\/eu\/ingeniaritza-mantentze-lanak-eta-barne-inguruneko-kalitatea-erreferentziak\/hotelak\"]}]},{\"@type\":\"BreadcrumbList\",\"@id\":\"https:\/\/www.ondoan.com\/eu\/ingeniaritza-mantentze-lanak-eta-barne-inguruneko-kalitatea-erreferentziak\/hotelak#breadcrumb\",\"itemListElement\":[{\"@type\":\"ListItem\",\"position\":1,\"name\":\"Portada\",\"item\":\"https:\/\/www.ondoan.com\/\"},{\"@type\":\"ListItem\",\"position\":2,\"name\":\"Ingeniaritza, Mantentze-lanak eta Barneko Giroaren Kalitatea. Erreferentziak\",\"item\":\"https:\/\/www.ondoan.com\/eu\/ingeniaritza-mantentze-lanak-eta-barne-inguruneko-kalitatea-erreferentziak\"},{\"@type\":\"ListItem\",\"position\":3,\"name\":\"Hotelak\"}]}]}<\/script>\n<!-- \/ Yoast SEO plugin. -->","yoast_head_json":{"title":"Hotelak - Ondoan","description":"Hotelak. Ingeniaritza, Mantentze-lanak eta Barne Inguruneko Kalitatea. Erreferentziak","robots":{"index":"index","follow":"follow","max-snippet":"max-snippet:-1","max-image-preview":"max-image-preview:large","max-video-preview":"max-video-preview:-1"},"canonical":"https:\/\/www.ondoan.com\/eu\/ingeniaritza-mantentze-lanak-eta-barne-inguruneko-kalitatea-erreferentziak\/hotelak","og_locale":"en_US","og_type":"article","og_title":"Hotelak - Ondoan","og_description":"Hotelak. Ingeniaritza, Mantentze-lanak eta Barne Inguruneko Kalitatea. Erreferentziak","og_url":"https:\/\/www.ondoan.com\/eu\/ingeniaritza-mantentze-lanak-eta-barne-inguruneko-kalitatea-erreferentziak\/hotelak","og_site_name":"Ondoan","article_modified_time":"2016-07-21T09:26:08+00:00","og_image":[{"width":1200,"height":307,"url":"https:\/\/www.ondoan.com\/img\/2015\/11\/Hoteles1.jpg","type":"image\/jpeg"}],"twitter_card":"summary","schema":{"@context":"https:\/\/schema.org","@graph":[{"@type":"WebSite","@id":"https:\/\/www.ondoan.com\/#website","url":"https:\/\/www.ondoan.com\/","name":"Ondoan","description":"Ingenier\u00eda, Instalaciones y Medioambiente","potentialAction":[{"@type":"SearchAction","target":{"@type":"EntryPoint","urlTemplate":"https:\/\/www.ondoan.com\/?s={search_term_string}"},"query-input":"required name=search_term_string"}],"inLanguage":"eu"},{"@type":"ImageObject","inLanguage":"eu","@id":"https:\/\/www.ondoan.com\/eu\/ingeniaritza-mantentze-lanak-eta-barne-inguruneko-kalitatea-erreferentziak\/hotelak#primaryimage","url":"https:\/\/www.ondoan.com\/img\/2015\/11\/Hoteles1.jpg","contentUrl":"https:\/\/www.ondoan.com\/img\/2015\/11\/Hoteles1.jpg","width":1200,"height":307},{"@type":"WebPage","@id":"https:\/\/www.ondoan.com\/eu\/ingeniaritza-mantentze-lanak-eta-barne-inguruneko-kalitatea-erreferentziak\/hotelak#webpage","url":"https:\/\/www.ondoan.com\/eu\/ingeniaritza-mantentze-lanak-eta-barne-inguruneko-kalitatea-erreferentziak\/hotelak","name":"Hotelak - Ondoan","isPartOf":{"@id":"https:\/\/www.ondoan.com\/#website"},"primaryImageOfPage":{"@id":"https:\/\/www.ondoan.com\/eu\/ingeniaritza-mantentze-lanak-eta-barne-inguruneko-kalitatea-erreferentziak\/hotelak#primaryimage"},"datePublished":"2016-07-10T20:28:24+00:00","dateModified":"2016-07-21T09:26:08+00:00","description":"Hotelak. Ingeniaritza, Mantentze-lanak eta Barne Inguruneko Kalitatea. Erreferentziak","breadcrumb":{"@id":"https:\/\/www.ondoan.com\/eu\/ingeniaritza-mantentze-lanak-eta-barne-inguruneko-kalitatea-erreferentziak\/hotelak#breadcrumb"},"inLanguage":"eu","potentialAction":[{"@type":"ReadAction","target":["https:\/\/www.ondoan.com\/eu\/ingeniaritza-mantentze-lanak-eta-barne-inguruneko-kalitatea-erreferentziak\/hotelak"]}]},{"@type":"BreadcrumbList","@id":"https:\/\/www.ondoan.com\/eu\/ingeniaritza-mantentze-lanak-eta-barne-inguruneko-kalitatea-erreferentziak\/hotelak#breadcrumb","itemListElement":[{"@type":"ListItem","position":1,"name":"Portada","item":"https:\/\/www.ondoan.com\/"},{"@type":"ListItem","position":2,"name":"Ingeniaritza, Mantentze-lanak eta Barneko Giroaren Kalitatea. Erreferentziak","item":"https:\/\/www.ondoan.com\/eu\/ingeniaritza-mantentze-lanak-eta-barne-inguruneko-kalitatea-erreferentziak"},{"@type":"ListItem","position":3,"name":"Hotelak"}]}]}},"_links":{"self":[{"href":"https:\/\/www.ondoan.com\/eu\/wp-json\/wp\/v2\/pages\/848"}],"collection":[{"href":"https:\/\/www.ondoan.com\/eu\/wp-json\/wp\/v2\/pages"}],"about":[{"href":"https:\/\/www.ondoan.com\/eu\/wp-json\/wp\/v2\/types\/page"}],"author":[{"embeddable":true,"href":"https:\/\/www.ondoan.com\/eu\/wp-json\/wp\/v2\/users\/3"}],"replies":[{"embeddable":true,"href":"https:\/\/www.ondoan.com\/eu\/wp-json\/wp\/v2\/comments?post=848"}],"version-history":[{"count":0,"href":"https:\/\/www.ondoan.com\/eu\/wp-json\/wp\/v2\/pages\/848\/revisions"}],"up":[{"embeddable":true,"href":"https:\/\/www.ondoan.com\/eu\/wp-json\/wp\/v2\/pages\/895"}],"wp:featuredmedia":[{"embeddable":true,"href":"https:\/\/www.ondoan.com\/eu\/wp-json\/wp\/v2\/media\/434"}],"wp:attachment":[{"href":"https:\/\/www.ondoan.com\/eu\/wp-json\/wp\/v2\/media?parent=848"}],"curies":[{"name":"wp","href":"https:\/\/api.w.org\/{rel}","templated":true}]}}