{"id":893,"date":"2016-07-11T16:16:43","date_gmt":"2016-07-11T14:16:43","guid":{"rendered":"https:\/\/www.ondoan.com\/eu\/?page_id=893"},"modified":"2022-06-22T13:44:26","modified_gmt":"2022-06-22T11:44:26","slug":"espezie-eta-inguru-berezien-babesa","status":"publish","type":"page","link":"https:\/\/www.ondoan.com\/eu\/ingurumena-eta-lan-segurtasun-eta-osasuna-erreferentziak\/espezie-eta-inguru-berezien-babesa","title":{"rendered":"Espezie eta inguru berezien babesa"},"content":{"rendered":"\n\t\t<div  class = \"cycle-slideshow\" \n\t\t\t\t\tdata-cycle-fx       = \"fade\" \n\t\t\t\t\tdata-cycle-swipe    = \"true\"\n\t\t\t\t\tdata-cycle-swipe-fx = \"scrollHorz\"\n\t\t\t\t\tdata-cycle-timeout  = \"8000\" \n\t\t\t\t\tdata-cycle-log      = \"false\" \n\t\t\t\t\tdata-cycle-pause-on-hover = \"true\" \n\t\t\t\t\tdata-cycle-pager          = \"#pager\" \n\t\t\t\t\tdata-cycle-pager-template = \"<a href='#'><\/a>\" \n\t\t\t\t\tdata-cycle-auto-height = \"calc\" \n\t\t\t\t\tdata-cycle-slides \t  = \".slide\">\n\n\t\t\t\t\t<div id=\"pager\"><\/div>\n\t\t\t<div class=\"text-justify slide first-slide\">\n\t\t\t\t<img width=\"100%\" src=\"https:\/\/www.ondoan.com\/img\/2015\/11\/urdaibai.png\" \/><br \/><br \/>\n\t\t\t\t<strong>Protecci\u00f3n de especies y \u00e1reas singulares<\/strong><br \/>Redacci\u00f3n de las propuestas de ordenaci\u00f3n territorial | Documentos de alegaciones al P.T.S. e infraestructuras singulares | Redacci\u00f3n de Informes de Medidas Correctoras para la Protecci\u00f3n del Vis\u00f3n Europeo (Mustela lutreola) para las Obras de Saneamiento del Consorcio de Aguas Bilbao-Bizkaia | Asistencias t\u00e9cnicas para la protecci\u00f3n de la vegetaci\u00f3n aut\u00f3ctona en la Reserva de la Biosfera de Urdaibai | Estudios medioambientales para la protecci\u00f3n del vis\u00f3n europeo (Mustrela lutreola) en  obras sobre r\u00edos de la CAPV.\r\nClientes: Consorcio de Aguas Bilbao-Bizkaia, Diputaci\u00f3n Foral de Bizkaia y Ayuntamientos.\r\n\n\t\t\t<\/div><\/div>\n<!-- AddThis Advanced Settings generic via filter on the_content --><!-- AddThis Share Buttons generic via filter on the_content -->","protected":false},"excerpt":{"rendered":"<!-- AddThis Advanced Settings generic via filter on get_the_excerpt --><!-- AddThis Share Buttons generic via filter on get_the_excerpt -->","protected":false},"author":3,"featured_media":5389,"parent":896,"menu_order":0,"comment_status":"closed","ping_status":"closed","template":"","meta":{"_exactmetrics_skip_tracking":false,"_exactmetrics_sitenote_active":false,"_exactmetrics_sitenote_note":"","_exactmetrics_sitenote_category":0,"_monsterinsights_skip_tracking":false,"_monsterinsights_sitenote_active":false,"_monsterinsights_sitenote_note":"","_monsterinsights_sitenote_category":0,"_uf_show_specific_survey":0,"_uf_disable_surveys":false},"acf":[],"aioseo_notices":[],"yoast_head":"<!-- This site is optimized with the Yoast SEO plugin v18.9 - https:\/\/yoast.com\/wordpress\/plugins\/seo\/ -->\n<title>Espezie eta inguru berezien babesa - Ondoan<\/title>\n<meta name=\"description\" content=\"Espezie eta inguru berezien babesa. Ingurumena eta Lan -segurtasun eta -osasuna. Erreferentziak\" \/>\n<meta name=\"robots\" content=\"index, follow, max-snippet:-1, max-image-preview:large, max-video-preview:-1\" \/>\n<link rel=\"canonical\" href=\"https:\/\/www.ondoan.com\/eu\/ingurumena-eta-lan-segurtasun-eta-osasuna-erreferentziak\/espezie-eta-inguru-berezien-babesa\" \/>\n<meta property=\"og:locale\" content=\"en_US\" \/>\n<meta property=\"og:type\" content=\"article\" \/>\n<meta property=\"og:title\" content=\"Espezie eta inguru berezien babesa - Ondoan\" \/>\n<meta property=\"og:description\" content=\"Espezie eta inguru berezien babesa. Ingurumena eta Lan -segurtasun eta -osasuna. Erreferentziak\" \/>\n<meta property=\"og:url\" content=\"https:\/\/www.ondoan.com\/eu\/ingurumena-eta-lan-segurtasun-eta-osasuna-erreferentziak\/espezie-eta-inguru-berezien-babesa\" \/>\n<meta property=\"og:site_name\" content=\"Ondoan\" \/>\n<meta property=\"article:modified_time\" content=\"2022-06-22T11:44:26+00:00\" \/>\n<meta property=\"og:image\" content=\"https:\/\/www.ondoan.com\/img\/2022\/06\/proteccion-de-especies-y-areas-singulares-300x225-1.jpg\" \/>\n\t<meta property=\"og:image:width\" content=\"300\" \/>\n\t<meta property=\"og:image:height\" content=\"225\" \/>\n\t<meta property=\"og:image:type\" content=\"image\/jpeg\" \/>\n<meta name=\"twitter:card\" content=\"summary\" \/>\n<script type=\"application\/ld+json\" class=\"yoast-schema-graph\">{\"@context\":\"https:\/\/schema.org\",\"@graph\":[{\"@type\":\"WebSite\",\"@id\":\"https:\/\/www.ondoan.com\/#website\",\"url\":\"https:\/\/www.ondoan.com\/\",\"name\":\"Ondoan\",\"description\":\"Ingenier\u00eda, Instalaciones y Medioambiente\",\"potentialAction\":[{\"@type\":\"SearchAction\",\"target\":{\"@type\":\"EntryPoint\",\"urlTemplate\":\"https:\/\/www.ondoan.com\/?s={search_term_string}\"},\"query-input\":\"required name=search_term_string\"}],\"inLanguage\":\"eu\"},{\"@type\":\"ImageObject\",\"inLanguage\":\"eu\",\"@id\":\"https:\/\/www.ondoan.com\/eu\/ingurumena-eta-lan-segurtasun-eta-osasuna-erreferentziak\/espezie-eta-inguru-berezien-babesa#primaryimage\",\"url\":\"https:\/\/www.ondoan.com\/img\/2022\/06\/proteccion-de-especies-y-areas-singulares-300x225-1.jpg\",\"contentUrl\":\"https:\/\/www.ondoan.com\/img\/2022\/06\/proteccion-de-especies-y-areas-singulares-300x225-1.jpg\",\"width\":300,\"height\":225},{\"@type\":\"WebPage\",\"@id\":\"https:\/\/www.ondoan.com\/eu\/ingurumena-eta-lan-segurtasun-eta-osasuna-erreferentziak\/espezie-eta-inguru-berezien-babesa#webpage\",\"url\":\"https:\/\/www.ondoan.com\/eu\/ingurumena-eta-lan-segurtasun-eta-osasuna-erreferentziak\/espezie-eta-inguru-berezien-babesa\",\"name\":\"Espezie eta inguru berezien babesa - Ondoan\",\"isPartOf\":{\"@id\":\"https:\/\/www.ondoan.com\/#website\"},\"primaryImageOfPage\":{\"@id\":\"https:\/\/www.ondoan.com\/eu\/ingurumena-eta-lan-segurtasun-eta-osasuna-erreferentziak\/espezie-eta-inguru-berezien-babesa#primaryimage\"},\"datePublished\":\"2016-07-11T14:16:43+00:00\",\"dateModified\":\"2022-06-22T11:44:26+00:00\",\"description\":\"Espezie eta inguru berezien babesa. Ingurumena eta Lan -segurtasun eta -osasuna. Erreferentziak\",\"breadcrumb\":{\"@id\":\"https:\/\/www.ondoan.com\/eu\/ingurumena-eta-lan-segurtasun-eta-osasuna-erreferentziak\/espezie-eta-inguru-berezien-babesa#breadcrumb\"},\"inLanguage\":\"eu\",\"potentialAction\":[{\"@type\":\"ReadAction\",\"target\":[\"https:\/\/www.ondoan.com\/eu\/ingurumena-eta-lan-segurtasun-eta-osasuna-erreferentziak\/espezie-eta-inguru-berezien-babesa\"]}]},{\"@type\":\"BreadcrumbList\",\"@id\":\"https:\/\/www.ondoan.com\/eu\/ingurumena-eta-lan-segurtasun-eta-osasuna-erreferentziak\/espezie-eta-inguru-berezien-babesa#breadcrumb\",\"itemListElement\":[{\"@type\":\"ListItem\",\"position\":1,\"name\":\"Portada\",\"item\":\"https:\/\/www.ondoan.com\/\"},{\"@type\":\"ListItem\",\"position\":2,\"name\":\"Ingurumena eta Laneko Segurtasun eta Osasuna. Erreferentziak\",\"item\":\"https:\/\/www.ondoan.com\/eu\/ingurumena-eta-lan-segurtasun-eta-osasuna-erreferentziak\"},{\"@type\":\"ListItem\",\"position\":3,\"name\":\"Espezie eta inguru berezien babesa\"}]}]}<\/script>\n<!-- \/ Yoast SEO plugin. -->","yoast_head_json":{"title":"Espezie eta inguru berezien babesa - Ondoan","description":"Espezie eta inguru berezien babesa. Ingurumena eta Lan -segurtasun eta -osasuna. Erreferentziak","robots":{"index":"index","follow":"follow","max-snippet":"max-snippet:-1","max-image-preview":"max-image-preview:large","max-video-preview":"max-video-preview:-1"},"canonical":"https:\/\/www.ondoan.com\/eu\/ingurumena-eta-lan-segurtasun-eta-osasuna-erreferentziak\/espezie-eta-inguru-berezien-babesa","og_locale":"en_US","og_type":"article","og_title":"Espezie eta inguru berezien babesa - Ondoan","og_description":"Espezie eta inguru berezien babesa. Ingurumena eta Lan -segurtasun eta -osasuna. Erreferentziak","og_url":"https:\/\/www.ondoan.com\/eu\/ingurumena-eta-lan-segurtasun-eta-osasuna-erreferentziak\/espezie-eta-inguru-berezien-babesa","og_site_name":"Ondoan","article_modified_time":"2022-06-22T11:44:26+00:00","og_image":[{"width":300,"height":225,"url":"https:\/\/www.ondoan.com\/img\/2022\/06\/proteccion-de-especies-y-areas-singulares-300x225-1.jpg","type":"image\/jpeg"}],"twitter_card":"summary","schema":{"@context":"https:\/\/schema.org","@graph":[{"@type":"WebSite","@id":"https:\/\/www.ondoan.com\/#website","url":"https:\/\/www.ondoan.com\/","name":"Ondoan","description":"Ingenier\u00eda, Instalaciones y Medioambiente","potentialAction":[{"@type":"SearchAction","target":{"@type":"EntryPoint","urlTemplate":"https:\/\/www.ondoan.com\/?s={search_term_string}"},"query-input":"required name=search_term_string"}],"inLanguage":"eu"},{"@type":"ImageObject","inLanguage":"eu","@id":"https:\/\/www.ondoan.com\/eu\/ingurumena-eta-lan-segurtasun-eta-osasuna-erreferentziak\/espezie-eta-inguru-berezien-babesa#primaryimage","url":"https:\/\/www.ondoan.com\/img\/2022\/06\/proteccion-de-especies-y-areas-singulares-300x225-1.jpg","contentUrl":"https:\/\/www.ondoan.com\/img\/2022\/06\/proteccion-de-especies-y-areas-singulares-300x225-1.jpg","width":300,"height":225},{"@type":"WebPage","@id":"https:\/\/www.ondoan.com\/eu\/ingurumena-eta-lan-segurtasun-eta-osasuna-erreferentziak\/espezie-eta-inguru-berezien-babesa#webpage","url":"https:\/\/www.ondoan.com\/eu\/ingurumena-eta-lan-segurtasun-eta-osasuna-erreferentziak\/espezie-eta-inguru-berezien-babesa","name":"Espezie eta inguru berezien babesa - Ondoan","isPartOf":{"@id":"https:\/\/www.ondoan.com\/#website"},"primaryImageOfPage":{"@id":"https:\/\/www.ondoan.com\/eu\/ingurumena-eta-lan-segurtasun-eta-osasuna-erreferentziak\/espezie-eta-inguru-berezien-babesa#primaryimage"},"datePublished":"2016-07-11T14:16:43+00:00","dateModified":"2022-06-22T11:44:26+00:00","description":"Espezie eta inguru berezien babesa. Ingurumena eta Lan -segurtasun eta -osasuna. Erreferentziak","breadcrumb":{"@id":"https:\/\/www.ondoan.com\/eu\/ingurumena-eta-lan-segurtasun-eta-osasuna-erreferentziak\/espezie-eta-inguru-berezien-babesa#breadcrumb"},"inLanguage":"eu","potentialAction":[{"@type":"ReadAction","target":["https:\/\/www.ondoan.com\/eu\/ingurumena-eta-lan-segurtasun-eta-osasuna-erreferentziak\/espezie-eta-inguru-berezien-babesa"]}]},{"@type":"BreadcrumbList","@id":"https:\/\/www.ondoan.com\/eu\/ingurumena-eta-lan-segurtasun-eta-osasuna-erreferentziak\/espezie-eta-inguru-berezien-babesa#breadcrumb","itemListElement":[{"@type":"ListItem","position":1,"name":"Portada","item":"https:\/\/www.ondoan.com\/"},{"@type":"ListItem","position":2,"name":"Ingurumena eta Laneko Segurtasun eta Osasuna. Erreferentziak","item":"https:\/\/www.ondoan.com\/eu\/ingurumena-eta-lan-segurtasun-eta-osasuna-erreferentziak"},{"@type":"ListItem","position":3,"name":"Espezie eta inguru berezien babesa"}]}]}},"_links":{"self":[{"href":"https:\/\/www.ondoan.com\/eu\/wp-json\/wp\/v2\/pages\/893"}],"collection":[{"href":"https:\/\/www.ondoan.com\/eu\/wp-json\/wp\/v2\/pages"}],"about":[{"href":"https:\/\/www.ondoan.com\/eu\/wp-json\/wp\/v2\/types\/page"}],"author":[{"embeddable":true,"href":"https:\/\/www.ondoan.com\/eu\/wp-json\/wp\/v2\/users\/3"}],"replies":[{"embeddable":true,"href":"https:\/\/www.ondoan.com\/eu\/wp-json\/wp\/v2\/comments?post=893"}],"version-history":[{"count":0,"href":"https:\/\/www.ondoan.com\/eu\/wp-json\/wp\/v2\/pages\/893\/revisions"}],"up":[{"embeddable":true,"href":"https:\/\/www.ondoan.com\/eu\/wp-json\/wp\/v2\/pages\/896"}],"wp:featuredmedia":[{"embeddable":true,"href":"https:\/\/www.ondoan.com\/eu\/wp-json\/wp\/v2\/media\/5389"}],"wp:attachment":[{"href":"https:\/\/www.ondoan.com\/eu\/wp-json\/wp\/v2\/media?parent=893"}],"curies":[{"name":"wp","href":"https:\/\/api.w.org\/{rel}","templated":true}]}}